{"id":977,"date":"2025-09-09T17:15:13","date_gmt":"2025-09-09T17:15:13","guid":{"rendered":"https:\/\/centrogoethe.com\/?page_id=977"},"modified":"2025-11-27T12:48:58","modified_gmt":"2025-11-27T18:48:58","slug":"examen-de-certificacion","status":"publish","type":"page","link":"https:\/\/centrogoethe.com\/de\/examenes\/examen-de-certificacion\/","title":{"rendered":"Zertifikatspr\u00fcfung"},"content":{"rendered":"<div data-elementor-type=\"wp-page\" data-elementor-id=\"977\" class=\"elementor elementor-977\" data-elementor-post-type=\"page\">\n\t\t\t\t<div class=\"elementor-element elementor-element-fdb24ec e-flex e-con-boxed e-con e-parent\" data-id=\"fdb24ec\" data-element_type=\"container\" data-e-type=\"container\" data-settings=\"{&quot;jet_parallax_layout_list&quot;:[]}\">\n\t\t\t\t\t<div class=\"e-con-inner\">\n\t\t<div class=\"elementor-element elementor-element-5fee59a e-con-full e-flex e-con e-child\" data-id=\"5fee59a\" data-element_type=\"container\" data-e-type=\"container\" data-settings=\"{&quot;jet_parallax_layout_list&quot;:[]}\">\n\t\t\t\t<div class=\"elementor-element elementor-element-a207892 elementor-widget elementor-widget-heading\" data-id=\"a207892\" data-element_type=\"widget\" data-e-type=\"widget\" data-widget_type=\"heading.default\">\n\t\t\t\t<div class=\"elementor-widget-container\">\n\t\t\t\t\t<h2 class=\"elementor-heading-title elementor-size-default\">Zertifikatspr\u00fcfung<\/h2>\t\t\t\t<\/div>\n\t\t\t\t<\/div>\n\t\t\t\t<div class=\"elementor-element elementor-element-affa189 elementor-widget elementor-widget-text-editor\" data-id=\"affa189\" data-element_type=\"widget\" data-e-type=\"widget\" data-widget_type=\"text-editor.default\">\n\t\t\t\t<div class=\"elementor-widget-container\">\n\t\t\t\t\t\t\t\t\t<p class=\"p1\">Best\u00e4tige dein Deutschniveau offiziell mit einer international anerkannten Pr\u00fcfung.<\/p>\t\t\t\t\t\t\t\t<\/div>\n\t\t\t\t<\/div>\n\t\t\t\t<\/div>\n\t\t\t\t<div class=\"elementor-element elementor-element-b9bc97c elementor-widget elementor-widget-image\" data-id=\"b9bc97c\" data-element_type=\"widget\" data-e-type=\"widget\" data-widget_type=\"image.default\">\n\t\t\t\t<div class=\"elementor-widget-container\">\n\t\t\t\t\t\t\t\t\t\t\t\t\t\t\t<img fetchpriority=\"high\" decoding=\"async\" width=\"800\" height=\"800\" src=\"https:\/\/centrogoethe.com\/wp-content\/uploads\/2025\/09\/certificacion.png\" class=\"attachment-large size-large wp-image-945\" alt=\"\" srcset=\"https:\/\/centrogoethe.com\/wp-content\/uploads\/2025\/09\/certificacion.png 1024w, https:\/\/centrogoethe.com\/wp-content\/uploads\/2025\/09\/certificacion-300x300.png 300w, https:\/\/centrogoethe.com\/wp-content\/uploads\/2025\/09\/certificacion-150x150.png 150w, https:\/\/centrogoethe.com\/wp-content\/uploads\/2025\/09\/certificacion-768x768.png 768w, https:\/\/centrogoethe.com\/wp-content\/uploads\/2025\/09\/certificacion-700x700.png 700w\" sizes=\"(max-width: 800px) 100vw, 800px\" \/>\t\t\t\t\t\t\t\t\t\t\t\t\t\t\t<\/div>\n\t\t\t\t<\/div>\n\t\t\t\t\t<\/div>\n\t\t\t\t<\/div>\n\t\t<div class=\"elementor-element elementor-element-785fc26 e-flex e-con-boxed e-con e-parent\" data-id=\"785fc26\" data-element_type=\"container\" data-e-type=\"container\" id=\"cursosp\" data-settings=\"{&quot;jet_parallax_layout_list&quot;:[]}\">\n\t\t\t\t\t<div class=\"e-con-inner\">\n\t\t<div class=\"elementor-element elementor-element-0d18875 e-con-full e-flex e-con e-child\" data-id=\"0d18875\" data-element_type=\"container\" data-e-type=\"container\" data-settings=\"{&quot;jet_parallax_layout_list&quot;:[]}\">\n\t\t\t\t<div class=\"elementor-element elementor-element-0d0f317 elementor-widget elementor-widget-heading\" data-id=\"0d0f317\" data-element_type=\"widget\" data-e-type=\"widget\" data-widget_type=\"heading.default\">\n\t\t\t\t<div class=\"elementor-widget-container\">\n\t\t\t\t\t<h2 class=\"elementor-heading-title elementor-size-default\">Eine Sprachzertifizierung er\u00f6ffnet dir akademische, berufliche und pers\u00f6nliche M\u00f6glichkeiten weltweit.<\/h2>\t\t\t\t<\/div>\n\t\t\t\t<\/div>\n\t\t\t\t<div class=\"elementor-element elementor-element-bb30685 elementor-widget-divider--view-line elementor-widget elementor-widget-divider\" data-id=\"bb30685\" data-element_type=\"widget\" data-e-type=\"widget\" data-widget_type=\"divider.default\">\n\t\t\t\t<div class=\"elementor-widget-container\">\n\t\t\t\t\t\t\t<div class=\"elementor-divider\">\n\t\t\t<span class=\"elementor-divider-separator\">\n\t\t\t\t\t\t<\/span>\n\t\t<\/div>\n\t\t\t\t\t\t<\/div>\n\t\t\t\t<\/div>\n\t\t\t\t<\/div>\n\t\t<div class=\"elementor-element elementor-element-5abb80a e-con-full e-flex e-con e-child\" data-id=\"5abb80a\" data-element_type=\"container\" data-e-type=\"container\" data-settings=\"{&quot;background_background&quot;:&quot;classic&quot;,&quot;jet_parallax_layout_list&quot;:[]}\">\n\t\t\t\t<div class=\"elementor-element elementor-element-2457081 elementor-widget elementor-widget-shortcode\" data-id=\"2457081\" data-element_type=\"widget\" data-e-type=\"widget\" data-widget_type=\"shortcode.default\">\n\t\t\t\t<div class=\"elementor-widget-container\">\n\t\t\t\t\t\t\t<div class=\"elementor-shortcode\">\n\n<div class='kiosque-aec'><div\n data-module='examination'\n data-action='examination-type-list'\n data-param-examination-type-ids=''\n data-param-etablishment-branch-id='0'\n data-param-period-ids='86|87|88|89|90'\n data-param-lang='de_DE_formal'><\/div><\/div><\/div>\n\t\t\t\t\t\t<\/div>\n\t\t\t\t<\/div>\n\t\t\t\t<\/div>\n\t\t\t\t\t<\/div>\n\t\t\t\t<\/div>\n\t\t\t\t<\/div>","protected":false},"excerpt":{"rendered":"<p>Examen de certificaci\u00f3n Certific\u00e1 oficialmente tu dominio del alem\u00e1n con un examen reconocido internacionalmente. Certificar tu nivel de alem\u00e1n abre puertas acad\u00e9micas, laborales y personales en todo el mundo<\/p>","protected":false},"author":1,"featured_media":0,"parent":552,"menu_order":1,"comment_status":"closed","ping_status":"closed","template":"","meta":{"inline_featured_image":false,"_joinchat":[],"footnotes":""},"class_list":["post-977","page","type-page","status-publish","hentry"],"yoast_head":"<!-- This site is optimized with the Yoast SEO plugin v27.3 - https:\/\/yoast.com\/product\/yoast-seo-wordpress\/ -->\n<title>Examen de certificaci\u00f3n - Centro Goethe<\/title>\n<meta name=\"robots\" content=\"index, follow, max-snippet:-1, max-image-preview:large, max-video-preview:-1\" \/>\n<link rel=\"canonical\" href=\"https:\/\/centrogoethe.com\/de\/examenes\/examen-de-certificacion\/\" \/>\n<meta property=\"og:locale\" content=\"de_DE\" \/>\n<meta property=\"og:type\" content=\"article\" \/>\n<meta property=\"og:title\" content=\"Examen de certificaci\u00f3n - Centro Goethe\" \/>\n<meta property=\"og:description\" content=\"Examen de certificaci\u00f3n Certific\u00e1 oficialmente tu dominio del alem\u00e1n con un examen reconocido internacionalmente. Certificar tu nivel de alem\u00e1n abre puertas acad\u00e9micas, laborales y personales en todo el mundo\" \/>\n<meta property=\"og:url\" content=\"https:\/\/centrogoethe.com\/de\/examenes\/examen-de-certificacion\/\" \/>\n<meta property=\"og:site_name\" content=\"Centro Goethe\" \/>\n<meta property=\"article:publisher\" content=\"https:\/\/www.facebook.com\/centrogoethecr\/\" \/>\n<meta property=\"article:modified_time\" content=\"2025-11-27T18:48:58+00:00\" \/>\n<meta property=\"og:image\" content=\"https:\/\/centrogoethe.com\/wp-content\/uploads\/2025\/09\/certificacion.png\" \/>\n\t<meta property=\"og:image:width\" content=\"1024\" \/>\n\t<meta property=\"og:image:height\" content=\"1024\" \/>\n\t<meta property=\"og:image:type\" content=\"image\/png\" \/>\n<meta name=\"twitter:card\" content=\"summary_large_image\" \/>\n<meta name=\"twitter:label1\" content=\"Gesch\u00e4tzte Lesezeit\" \/>\n\t<meta name=\"twitter:data1\" content=\"1\u00a0Minute\" \/>\n<script type=\"application\/ld+json\" class=\"yoast-schema-graph\">{\"@context\":\"https:\\\/\\\/schema.org\",\"@graph\":[{\"@type\":\"WebPage\",\"@id\":\"https:\\\/\\\/centrogoethe.com\\\/examenes\\\/examen-de-certificacion\\\/\",\"url\":\"https:\\\/\\\/centrogoethe.com\\\/examenes\\\/examen-de-certificacion\\\/\",\"name\":\"Examen de certificaci\u00f3n - Centro Goethe\",\"isPartOf\":{\"@id\":\"https:\\\/\\\/centrogoethe.com\\\/#website\"},\"primaryImageOfPage\":{\"@id\":\"https:\\\/\\\/centrogoethe.com\\\/examenes\\\/examen-de-certificacion\\\/#primaryimage\"},\"image\":{\"@id\":\"https:\\\/\\\/centrogoethe.com\\\/examenes\\\/examen-de-certificacion\\\/#primaryimage\"},\"thumbnailUrl\":\"https:\\\/\\\/centrogoethe.com\\\/wp-content\\\/uploads\\\/2025\\\/09\\\/certificacion.png\",\"datePublished\":\"2025-09-09T17:15:13+00:00\",\"dateModified\":\"2025-11-27T18:48:58+00:00\",\"breadcrumb\":{\"@id\":\"https:\\\/\\\/centrogoethe.com\\\/examenes\\\/examen-de-certificacion\\\/#breadcrumb\"},\"inLanguage\":\"de\",\"potentialAction\":[{\"@type\":\"ReadAction\",\"target\":[\"https:\\\/\\\/centrogoethe.com\\\/examenes\\\/examen-de-certificacion\\\/\"]}]},{\"@type\":\"ImageObject\",\"inLanguage\":\"de\",\"@id\":\"https:\\\/\\\/centrogoethe.com\\\/examenes\\\/examen-de-certificacion\\\/#primaryimage\",\"url\":\"https:\\\/\\\/centrogoethe.com\\\/wp-content\\\/uploads\\\/2025\\\/09\\\/certificacion.png\",\"contentUrl\":\"https:\\\/\\\/centrogoethe.com\\\/wp-content\\\/uploads\\\/2025\\\/09\\\/certificacion.png\"},{\"@type\":\"BreadcrumbList\",\"@id\":\"https:\\\/\\\/centrogoethe.com\\\/examenes\\\/examen-de-certificacion\\\/#breadcrumb\",\"itemListElement\":[{\"@type\":\"ListItem\",\"position\":1,\"name\":\"Portada\",\"item\":\"https:\\\/\\\/centrogoethe.com\\\/\"},{\"@type\":\"ListItem\",\"position\":2,\"name\":\"Ex\u00e1menes\",\"item\":\"https:\\\/\\\/centrogoethe.com\\\/examenes\\\/\"},{\"@type\":\"ListItem\",\"position\":3,\"name\":\"Examen de certificaci\u00f3n\"}]},{\"@type\":\"WebSite\",\"@id\":\"https:\\\/\\\/centrogoethe.com\\\/#website\",\"url\":\"https:\\\/\\\/centrogoethe.com\\\/\",\"name\":\"Centro Goethe\",\"description\":\"Aprend\u00e9 alem\u00e1n con calidad internacional en Costa Rica\",\"publisher\":{\"@id\":\"https:\\\/\\\/centrogoethe.com\\\/#organization\"},\"alternateName\":\"Centro Goethe Costa Rica\",\"potentialAction\":[{\"@type\":\"SearchAction\",\"target\":{\"@type\":\"EntryPoint\",\"urlTemplate\":\"https:\\\/\\\/centrogoethe.com\\\/?s={search_term_string}\"},\"query-input\":{\"@type\":\"PropertyValueSpecification\",\"valueRequired\":true,\"valueName\":\"search_term_string\"}}],\"inLanguage\":\"de\"},{\"@type\":\"Organization\",\"@id\":\"https:\\\/\\\/centrogoethe.com\\\/#organization\",\"name\":\"Centro Goethe Costa Rica\",\"alternateName\":\"Centro Goethe Costa Rica\",\"url\":\"https:\\\/\\\/centrogoethe.com\\\/\",\"logo\":{\"@type\":\"ImageObject\",\"inLanguage\":\"de\",\"@id\":\"https:\\\/\\\/centrogoethe.com\\\/#\\\/schema\\\/logo\\\/image\\\/\",\"url\":\"https:\\\/\\\/centrogoethe.com\\\/wp-content\\\/uploads\\\/2025\\\/06\\\/Logo-CG-Black.svg\",\"contentUrl\":\"https:\\\/\\\/centrogoethe.com\\\/wp-content\\\/uploads\\\/2025\\\/06\\\/Logo-CG-Black.svg\",\"width\":584,\"height\":97,\"caption\":\"Centro Goethe Costa Rica\"},\"image\":{\"@id\":\"https:\\\/\\\/centrogoethe.com\\\/#\\\/schema\\\/logo\\\/image\\\/\"},\"sameAs\":[\"https:\\\/\\\/www.facebook.com\\\/centrogoethecr\\\/\",\"https:\\\/\\\/www.instagram.com\\\/goethezentrum_costarica\\\/\"]}]}<\/script>\n<!-- \/ Yoast SEO plugin. -->","yoast_head_json":{"title":"Examen de certificaci\u00f3n - Centro Goethe","robots":{"index":"index","follow":"follow","max-snippet":"max-snippet:-1","max-image-preview":"max-image-preview:large","max-video-preview":"max-video-preview:-1"},"canonical":"https:\/\/centrogoethe.com\/de\/examenes\/examen-de-certificacion\/","og_locale":"de_DE","og_type":"article","og_title":"Examen de certificaci\u00f3n - Centro Goethe","og_description":"Examen de certificaci\u00f3n Certific\u00e1 oficialmente tu dominio del alem\u00e1n con un examen reconocido internacionalmente. Certificar tu nivel de alem\u00e1n abre puertas acad\u00e9micas, laborales y personales en todo el mundo","og_url":"https:\/\/centrogoethe.com\/de\/examenes\/examen-de-certificacion\/","og_site_name":"Centro Goethe","article_publisher":"https:\/\/www.facebook.com\/centrogoethecr\/","article_modified_time":"2025-11-27T18:48:58+00:00","og_image":[{"width":1024,"height":1024,"url":"https:\/\/centrogoethe.com\/wp-content\/uploads\/2025\/09\/certificacion.png","type":"image\/png"}],"twitter_card":"summary_large_image","twitter_misc":{"Gesch\u00e4tzte Lesezeit":"1\u00a0Minute"},"schema":{"@context":"https:\/\/schema.org","@graph":[{"@type":"WebPage","@id":"https:\/\/centrogoethe.com\/examenes\/examen-de-certificacion\/","url":"https:\/\/centrogoethe.com\/examenes\/examen-de-certificacion\/","name":"Examen de certificaci\u00f3n - Centro Goethe","isPartOf":{"@id":"https:\/\/centrogoethe.com\/#website"},"primaryImageOfPage":{"@id":"https:\/\/centrogoethe.com\/examenes\/examen-de-certificacion\/#primaryimage"},"image":{"@id":"https:\/\/centrogoethe.com\/examenes\/examen-de-certificacion\/#primaryimage"},"thumbnailUrl":"https:\/\/centrogoethe.com\/wp-content\/uploads\/2025\/09\/certificacion.png","datePublished":"2025-09-09T17:15:13+00:00","dateModified":"2025-11-27T18:48:58+00:00","breadcrumb":{"@id":"https:\/\/centrogoethe.com\/examenes\/examen-de-certificacion\/#breadcrumb"},"inLanguage":"de","potentialAction":[{"@type":"ReadAction","target":["https:\/\/centrogoethe.com\/examenes\/examen-de-certificacion\/"]}]},{"@type":"ImageObject","inLanguage":"de","@id":"https:\/\/centrogoethe.com\/examenes\/examen-de-certificacion\/#primaryimage","url":"https:\/\/centrogoethe.com\/wp-content\/uploads\/2025\/09\/certificacion.png","contentUrl":"https:\/\/centrogoethe.com\/wp-content\/uploads\/2025\/09\/certificacion.png"},{"@type":"BreadcrumbList","@id":"https:\/\/centrogoethe.com\/examenes\/examen-de-certificacion\/#breadcrumb","itemListElement":[{"@type":"ListItem","position":1,"name":"Portada","item":"https:\/\/centrogoethe.com\/"},{"@type":"ListItem","position":2,"name":"Ex\u00e1menes","item":"https:\/\/centrogoethe.com\/examenes\/"},{"@type":"ListItem","position":3,"name":"Examen de certificaci\u00f3n"}]},{"@type":"WebSite","@id":"https:\/\/centrogoethe.com\/#website","url":"https:\/\/centrogoethe.com\/","name":"Goethe-Zentrum","description":"Aprend\u00e9 alem\u00e1n con calidad internacional en Costa Rica","publisher":{"@id":"https:\/\/centrogoethe.com\/#organization"},"alternateName":"Centro Goethe Costa Rica","potentialAction":[{"@type":"SearchAction","target":{"@type":"EntryPoint","urlTemplate":"https:\/\/centrogoethe.com\/?s={search_term_string}"},"query-input":{"@type":"PropertyValueSpecification","valueRequired":true,"valueName":"search_term_string"}}],"inLanguage":"de"},{"@type":"Organization","@id":"https:\/\/centrogoethe.com\/#organization","name":"Centro Goethe Costa Rica","alternateName":"Centro Goethe Costa Rica","url":"https:\/\/centrogoethe.com\/","logo":{"@type":"ImageObject","inLanguage":"de","@id":"https:\/\/centrogoethe.com\/#\/schema\/logo\/image\/","url":"https:\/\/centrogoethe.com\/wp-content\/uploads\/2025\/06\/Logo-CG-Black.svg","contentUrl":"https:\/\/centrogoethe.com\/wp-content\/uploads\/2025\/06\/Logo-CG-Black.svg","width":584,"height":97,"caption":"Centro Goethe Costa Rica"},"image":{"@id":"https:\/\/centrogoethe.com\/#\/schema\/logo\/image\/"},"sameAs":["https:\/\/www.facebook.com\/centrogoethecr\/","https:\/\/www.instagram.com\/goethezentrum_costarica\/"]}]}},"_links":{"self":[{"href":"https:\/\/centrogoethe.com\/de\/wp-json\/wp\/v2\/pages\/977","targetHints":{"allow":["GET"]}}],"collection":[{"href":"https:\/\/centrogoethe.com\/de\/wp-json\/wp\/v2\/pages"}],"about":[{"href":"https:\/\/centrogoethe.com\/de\/wp-json\/wp\/v2\/types\/page"}],"author":[{"embeddable":true,"href":"https:\/\/centrogoethe.com\/de\/wp-json\/wp\/v2\/users\/1"}],"replies":[{"embeddable":true,"href":"https:\/\/centrogoethe.com\/de\/wp-json\/wp\/v2\/comments?post=977"}],"version-history":[{"count":9,"href":"https:\/\/centrogoethe.com\/de\/wp-json\/wp\/v2\/pages\/977\/revisions"}],"predecessor-version":[{"id":2304,"href":"https:\/\/centrogoethe.com\/de\/wp-json\/wp\/v2\/pages\/977\/revisions\/2304"}],"up":[{"embeddable":true,"href":"https:\/\/centrogoethe.com\/de\/wp-json\/wp\/v2\/pages\/552"}],"wp:attachment":[{"href":"https:\/\/centrogoethe.com\/de\/wp-json\/wp\/v2\/media?parent=977"}],"curies":[{"name":"wp","href":"https:\/\/api.w.org\/{rel}","templated":true}]}}