{"id":874,"date":"2025-09-09T03:58:24","date_gmt":"2025-09-09T03:58:24","guid":{"rendered":"https:\/\/centrogoethe.com\/?page_id=874"},"modified":"2025-10-06T08:58:57","modified_gmt":"2025-10-06T14:58:57","slug":"examen-de-ubicacion","status":"publish","type":"page","link":"https:\/\/centrogoethe.com\/de\/examenes\/examen-de-ubicacion\/","title":{"rendered":"Einstufungstest"},"content":{"rendered":"<div data-elementor-type=\"wp-page\" data-elementor-id=\"874\" class=\"elementor elementor-874\" data-elementor-post-type=\"page\">\n\t\t\t\t<div class=\"elementor-element elementor-element-fdb24ec e-flex e-con-boxed e-con e-parent\" data-id=\"fdb24ec\" data-element_type=\"container\" data-e-type=\"container\" data-settings=\"{&quot;jet_parallax_layout_list&quot;:[]}\">\n\t\t\t\t\t<div class=\"e-con-inner\">\n\t\t<div class=\"elementor-element elementor-element-5fee59a e-con-full e-flex e-con e-child\" data-id=\"5fee59a\" data-element_type=\"container\" data-e-type=\"container\" data-settings=\"{&quot;jet_parallax_layout_list&quot;:[]}\">\n\t\t\t\t<div class=\"elementor-element elementor-element-a207892 elementor-widget elementor-widget-heading\" data-id=\"a207892\" data-element_type=\"widget\" data-e-type=\"widget\" data-widget_type=\"heading.default\">\n\t\t\t\t<div class=\"elementor-widget-container\">\n\t\t\t\t\t<h2 class=\"elementor-heading-title elementor-size-default\">Einstufungstest<\/h2>\t\t\t\t<\/div>\n\t\t\t\t<\/div>\n\t\t\t\t<div class=\"elementor-element elementor-element-affa189 elementor-widget elementor-widget-text-editor\" data-id=\"affa189\" data-element_type=\"widget\" data-e-type=\"widget\" data-widget_type=\"text-editor.default\">\n\t\t\t\t<div class=\"elementor-widget-container\">\n\t\t\t\t\t\t\t\t\t<p class=\"p1\">Finde dein tats\u00e4chliches Deutschniveau mit unserem Einstufungstest heraus. Er ist der erste Schritt, um dich f\u00fcr den Kurs anzumelden, der am besten zu dir passt<\/p>\t\t\t\t\t\t\t\t<\/div>\n\t\t\t\t<\/div>\n\t\t\t\t<\/div>\n\t\t\t\t<div class=\"elementor-element elementor-element-b9bc97c elementor-widget elementor-widget-image\" data-id=\"b9bc97c\" data-element_type=\"widget\" data-e-type=\"widget\" data-widget_type=\"image.default\">\n\t\t\t\t<div class=\"elementor-widget-container\">\n\t\t\t\t\t\t\t\t\t\t\t\t\t\t\t<img fetchpriority=\"high\" decoding=\"async\" width=\"800\" height=\"800\" src=\"https:\/\/centrogoethe.com\/wp-content\/uploads\/2025\/09\/nivel.png\" class=\"attachment-large size-large wp-image-946\" alt=\"\" srcset=\"https:\/\/centrogoethe.com\/wp-content\/uploads\/2025\/09\/nivel.png 1024w, https:\/\/centrogoethe.com\/wp-content\/uploads\/2025\/09\/nivel-300x300.png 300w, https:\/\/centrogoethe.com\/wp-content\/uploads\/2025\/09\/nivel-150x150.png 150w, https:\/\/centrogoethe.com\/wp-content\/uploads\/2025\/09\/nivel-768x768.png 768w, https:\/\/centrogoethe.com\/wp-content\/uploads\/2025\/09\/nivel-700x700.png 700w\" sizes=\"(max-width: 800px) 100vw, 800px\" \/>\t\t\t\t\t\t\t\t\t\t\t\t\t\t\t<\/div>\n\t\t\t\t<\/div>\n\t\t\t\t\t<\/div>\n\t\t\t\t<\/div>\n\t\t<div class=\"elementor-element elementor-element-785fc26 e-con-full e-flex e-con e-parent\" data-id=\"785fc26\" data-element_type=\"container\" data-e-type=\"container\" id=\"cursosp\" data-settings=\"{&quot;jet_parallax_layout_list&quot;:[]}\">\n\t\t<div class=\"elementor-element elementor-element-0d18875 e-con-full e-flex e-con e-child\" data-id=\"0d18875\" data-element_type=\"container\" data-e-type=\"container\" data-settings=\"{&quot;jet_parallax_layout_list&quot;:[]}\">\n\t\t\t\t<div class=\"elementor-element elementor-element-0d0f317 elementor-widget elementor-widget-heading\" data-id=\"0d0f317\" data-element_type=\"widget\" data-e-type=\"widget\" data-widget_type=\"heading.default\">\n\t\t\t\t<div class=\"elementor-widget-container\">\n\t\t\t\t\t<h2 class=\"elementor-heading-title elementor-size-default\">Der Einstufungstest stellt sicher,<br>auf der richtigen Ebene und Holen Sie das beste aus Ihrem lernen.<\/h2>\t\t\t\t<\/div>\n\t\t\t\t<\/div>\n\t\t\t\t<div class=\"elementor-element elementor-element-bb30685 elementor-widget-divider--view-line elementor-widget elementor-widget-divider\" data-id=\"bb30685\" data-element_type=\"widget\" data-e-type=\"widget\" data-widget_type=\"divider.default\">\n\t\t\t\t<div class=\"elementor-widget-container\">\n\t\t\t\t\t\t\t<div class=\"elementor-divider\">\n\t\t\t<span class=\"elementor-divider-separator\">\n\t\t\t\t\t\t<\/span>\n\t\t<\/div>\n\t\t\t\t\t\t<\/div>\n\t\t\t\t<\/div>\n\t\t\t\t<\/div>\n\t\t\t\t<\/div>\n\t\t<div class=\"elementor-element elementor-element-5898ea1 e-con-full e-flex e-con e-parent\" data-id=\"5898ea1\" data-element_type=\"container\" data-e-type=\"container\" data-settings=\"{&quot;background_background&quot;:&quot;classic&quot;,&quot;jet_parallax_layout_list&quot;:[]}\">\n\t\t\t\t<div class=\"elementor-element elementor-element-2266ff4 elementor-widget elementor-widget-jet-tabs\" data-id=\"2266ff4\" data-element_type=\"widget\" data-e-type=\"widget\" data-settings=\"{&quot;no_active_tabs&quot;:&quot;yes&quot;,&quot;tabs_position_tablet&quot;:&quot;top&quot;,&quot;tabs_position_mobile&quot;:&quot;top&quot;,&quot;tabs_position&quot;:&quot;top&quot;}\" data-widget_type=\"jet-tabs.default\">\n\t\t\t\t<div class=\"elementor-widget-container\">\n\t\t\t\t\t\n\t\t<div class=\"jet-tabs jet-tabs-position-top jet-tabs-zoom-in-effect\" data-settings=\"{&quot;activeIndex&quot;:-1,&quot;event&quot;:&quot;click&quot;,&quot;autoSwitch&quot;:false,&quot;autoSwitchDelay&quot;:3000,&quot;ajaxTemplate&quot;:false,&quot;tabsPosition&quot;:&quot;top&quot;,&quot;switchScrolling&quot;:false,&quot;switchScrollingOffset&quot;:0}\">\n\t\t\t\t\t\t<div class=\"jet-tabs__control-wrapper\" role=\"tablist\">\n\n                                    <div id=\"jet-tabs-control-3601\" class=\"jet-tabs__control jet-tabs__control-icon-left elementor-menu-anchor\" data-tab=\"1\" tabindex=\"0\" role=\"tab\" aria-controls=\"jet-tabs-content-3601\" aria-expanded=\"true\" data-template-id=\"1955\"><div class=\"jet-tabs__control-inner\"><div class=\"jet-tabs__label-text\">Test A1<\/div><\/div><\/div><div id=\"jet-tabs-control-3602\" class=\"jet-tabs__control jet-tabs__control-icon-left elementor-menu-anchor\" data-tab=\"2\" tabindex=\"0\" role=\"tab\" aria-controls=\"jet-tabs-content-3602\" aria-expanded=\"false\" data-template-id=\"1962\"><div class=\"jet-tabs__control-inner\"><div class=\"jet-tabs__label-text\">Test A2<\/div><\/div><\/div><div id=\"jet-tabs-control-3603\" class=\"jet-tabs__control jet-tabs__control-icon-left elementor-menu-anchor\" data-tab=\"3\" tabindex=\"0\" role=\"tab\" aria-controls=\"jet-tabs-content-3603\" aria-expanded=\"false\" data-template-id=\"1973\"><div class=\"jet-tabs__control-inner\"><div class=\"jet-tabs__label-text\">Test B1<\/div><\/div><\/div><div id=\"jet-tabs-control-3604\" class=\"jet-tabs__control jet-tabs__control-icon-left elementor-menu-anchor\" data-tab=\"4\" tabindex=\"0\" role=\"tab\" aria-controls=\"jet-tabs-content-3604\" aria-expanded=\"false\" data-template-id=\"1980\"><div class=\"jet-tabs__control-inner\"><div class=\"jet-tabs__label-text\">Test B2<\/div><\/div><\/div>\n                    \t\t\t    <\/div>\n\t\t\t<div class=\"jet-tabs__content-wrapper\">\n\t\t\t\t<div id=\"jet-tabs-content-3601\" class=\"jet-tabs__content\" data-tab=\"1\" role=\"tabpanel\" aria-hidden=\"false\" data-template-id=\"1955\">\t\t<div data-elementor-type=\"section\" data-elementor-id=\"1955\" class=\"elementor elementor-1955\" data-elementor-post-type=\"elementor_library\">\n\t\t\t<div class=\"elementor-element elementor-element-0e253ea e-con-full e-flex e-con e-parent\" data-id=\"0e253ea\" data-element_type=\"container\" data-e-type=\"container\" data-settings=\"{&quot;background_background&quot;:&quot;classic&quot;,&quot;jet_parallax_layout_list&quot;:[]}\">\n\t\t\t\t<div class=\"elementor-element elementor-element-f410fbb elementor-widget elementor-widget-html\" data-id=\"f410fbb\" data-element_type=\"widget\" data-e-type=\"widget\" data-widget_type=\"html.default\">\n\t\t\t\t<div class=\"elementor-widget-container\">\n\t\t\t\t\t<div style=\"margin-top: 20px;\">\n<iframe style=\"border: 0; display: block;\" src=\"https:\/\/forms.gle\/sQgYsEBCgS4s9WYW6\" width=\"100%\" height=\"13750\" frameborder=\"0\" marginwidth=\"0\" marginheight=\"0\">\n<\/iframe><\/div>\t\t\t\t<\/div>\n\t\t\t\t<\/div>\n\t\t\t\t<\/div>\n\t\t\t\t<\/div>\n\t\t<\/div><div id=\"jet-tabs-content-3602\" class=\"jet-tabs__content\" data-tab=\"2\" role=\"tabpanel\" aria-hidden=\"true\" data-template-id=\"1962\">\t\t<div data-elementor-type=\"section\" data-elementor-id=\"1962\" class=\"elementor elementor-1962\" data-elementor-post-type=\"elementor_library\">\n\t\t\t<div class=\"elementor-element elementor-element-52947a15 e-con-full e-flex e-con e-parent\" data-id=\"52947a15\" data-element_type=\"container\" data-e-type=\"container\" data-settings=\"{&quot;background_background&quot;:&quot;classic&quot;,&quot;jet_parallax_layout_list&quot;:[]}\">\n\t\t\t\t<div class=\"elementor-element elementor-element-435661de elementor-widget elementor-widget-html\" data-id=\"435661de\" data-element_type=\"widget\" data-e-type=\"widget\" data-widget_type=\"html.default\">\n\t\t\t\t<div class=\"elementor-widget-container\">\n\t\t\t\t\t<div style=\"margin-top: 20px;\">\n<iframe style=\"border: 0; display: block;\" src=\"https:\/\/forms.gle\/M1ckdwARaUahiUGm6\" width=\"100%\" height=\"14050\" frameborder=\"0\" marginwidth=\"0\" marginheight=\"0\">\n<\/iframe><\/div>\t\t\t\t<\/div>\n\t\t\t\t<\/div>\n\t\t\t\t<\/div>\n\t\t\t\t<\/div>\n\t\t<\/div><div id=\"jet-tabs-content-3603\" class=\"jet-tabs__content\" data-tab=\"3\" role=\"tabpanel\" aria-hidden=\"true\" data-template-id=\"1973\">\t\t<div data-elementor-type=\"section\" data-elementor-id=\"1973\" class=\"elementor elementor-1973\" data-elementor-post-type=\"elementor_library\">\n\t\t\t<div class=\"elementor-element elementor-element-63f86159 e-con-full e-flex e-con e-parent\" data-id=\"63f86159\" data-element_type=\"container\" data-e-type=\"container\" data-settings=\"{&quot;background_background&quot;:&quot;classic&quot;,&quot;jet_parallax_layout_list&quot;:[]}\">\n\t\t\t\t<div class=\"elementor-element elementor-element-763a579e elementor-widget elementor-widget-html\" data-id=\"763a579e\" data-element_type=\"widget\" data-e-type=\"widget\" data-widget_type=\"html.default\">\n\t\t\t\t<div class=\"elementor-widget-container\">\n\t\t\t\t\t<div style=\"margin-top: 20px;\">\n<iframe style=\"border: 0; display: block;\" src=\"https:\/\/forms.gle\/AKERnENBdmMnS4r89\" width=\"100%\" height=\"14050\" frameborder=\"0\" marginwidth=\"0\" marginheight=\"0\">\n<\/iframe><\/div>\t\t\t\t<\/div>\n\t\t\t\t<\/div>\n\t\t\t\t<\/div>\n\t\t\t\t<\/div>\n\t\t<\/div><div id=\"jet-tabs-content-3604\" class=\"jet-tabs__content\" data-tab=\"4\" role=\"tabpanel\" aria-hidden=\"true\" data-template-id=\"1980\">\t\t<div data-elementor-type=\"section\" data-elementor-id=\"1980\" class=\"elementor elementor-1980\" data-elementor-post-type=\"elementor_library\">\n\t\t\t<div class=\"elementor-element elementor-element-41a0fa9b e-con-full e-flex e-con e-parent\" data-id=\"41a0fa9b\" data-element_type=\"container\" data-e-type=\"container\" data-settings=\"{&quot;background_background&quot;:&quot;classic&quot;,&quot;jet_parallax_layout_list&quot;:[]}\">\n\t\t\t\t<div class=\"elementor-element elementor-element-7dad547d elementor-widget elementor-widget-html\" data-id=\"7dad547d\" data-element_type=\"widget\" data-e-type=\"widget\" data-widget_type=\"html.default\">\n\t\t\t\t<div class=\"elementor-widget-container\">\n\t\t\t\t\t<div style=\"margin-top: 20px;\">\n<iframe style=\"border: 0; display: block;\" src=\"https:\/\/forms.gle\/89p7mha2jSEP8AxCA\" width=\"100%\" height=\"16300\" frameborder=\"0\" marginwidth=\"0\" marginheight=\"0\">\n<\/iframe><\/div>\t\t\t\t<\/div>\n\t\t\t\t<\/div>\n\t\t\t\t<\/div>\n\t\t\t\t<\/div>\n\t\t<\/div>\t\t\t<\/div>\n\t\t\t\t\t<\/div>\n\t\t\t\t\t\t<\/div>\n\t\t\t\t<\/div>\n\t\t\t\t<\/div>\n\t\t\t\t<\/div>","protected":false},"excerpt":{"rendered":"<p>Examen de ubicaci\u00f3n Descubr\u00ed tu nivel real de alem\u00e1n con nuestro examen de ubicaci\u00f3n. Es el primer paso para inscribirte en el curso que mejor se adapta a vos. El examen de ubicaci\u00f3n asegura que empiecesen el nivel correcto y aproveches al m\u00e1ximo tu aprendizaje. Ex\u00e1men A1Ex\u00e1men A2Ex\u00e1men B1Ex\u00e1men B2<\/p>","protected":false},"author":1,"featured_media":0,"parent":552,"menu_order":1,"comment_status":"closed","ping_status":"closed","template":"","meta":{"inline_featured_image":false,"_joinchat":[],"footnotes":""},"class_list":["post-874","page","type-page","status-publish","hentry"],"yoast_head":"<!-- This site is optimized with the Yoast SEO plugin v27.1.1 - https:\/\/yoast.com\/product\/yoast-seo-wordpress\/ -->\n<title>Examen de ubicaci\u00f3n - Centro Goethe<\/title>\n<meta name=\"robots\" content=\"index, follow, max-snippet:-1, max-image-preview:large, max-video-preview:-1\" \/>\n<link rel=\"canonical\" href=\"https:\/\/centrogoethe.com\/de\/examenes\/examen-de-ubicacion\/\" \/>\n<meta property=\"og:locale\" content=\"de_DE\" \/>\n<meta property=\"og:type\" content=\"article\" \/>\n<meta property=\"og:title\" content=\"Examen de ubicaci\u00f3n - Centro Goethe\" \/>\n<meta property=\"og:description\" content=\"Examen de ubicaci\u00f3n Descubr\u00ed tu nivel real de alem\u00e1n con nuestro examen de ubicaci\u00f3n. Es el primer paso para inscribirte en el curso que mejor se adapta a vos. El examen de ubicaci\u00f3n asegura que empiecesen el nivel correcto y aproveches al m\u00e1ximo tu aprendizaje. Ex\u00e1men A1Ex\u00e1men A2Ex\u00e1men B1Ex\u00e1men B2\" \/>\n<meta property=\"og:url\" content=\"https:\/\/centrogoethe.com\/de\/examenes\/examen-de-ubicacion\/\" \/>\n<meta property=\"og:site_name\" content=\"Centro Goethe\" \/>\n<meta property=\"article:publisher\" content=\"https:\/\/www.facebook.com\/centrogoethecr\/\" \/>\n<meta property=\"article:modified_time\" content=\"2025-10-06T14:58:57+00:00\" \/>\n<meta property=\"og:image\" content=\"https:\/\/centrogoethe.com\/wp-content\/uploads\/2025\/09\/nivel.png\" \/>\n\t<meta property=\"og:image:width\" content=\"1024\" \/>\n\t<meta property=\"og:image:height\" content=\"1024\" \/>\n\t<meta property=\"og:image:type\" content=\"image\/png\" \/>\n<meta name=\"twitter:card\" content=\"summary_large_image\" \/>\n<meta name=\"twitter:label1\" content=\"Gesch\u00e4tzte Lesezeit\" \/>\n\t<meta name=\"twitter:data1\" content=\"1\u00a0Minute\" \/>\n<script type=\"application\/ld+json\" class=\"yoast-schema-graph\">{\"@context\":\"https:\/\/schema.org\",\"@graph\":[{\"@type\":\"WebPage\",\"@id\":\"https:\/\/centrogoethe.com\/examenes\/examen-de-ubicacion\/\",\"url\":\"https:\/\/centrogoethe.com\/examenes\/examen-de-ubicacion\/\",\"name\":\"Examen de ubicaci\u00f3n - Centro Goethe\",\"isPartOf\":{\"@id\":\"https:\/\/centrogoethe.com\/#website\"},\"primaryImageOfPage\":{\"@id\":\"https:\/\/centrogoethe.com\/examenes\/examen-de-ubicacion\/#primaryimage\"},\"image\":{\"@id\":\"https:\/\/centrogoethe.com\/examenes\/examen-de-ubicacion\/#primaryimage\"},\"thumbnailUrl\":\"https:\/\/centrogoethe.com\/wp-content\/uploads\/2025\/09\/nivel.png\",\"datePublished\":\"2025-09-09T03:58:24+00:00\",\"dateModified\":\"2025-10-06T14:58:57+00:00\",\"breadcrumb\":{\"@id\":\"https:\/\/centrogoethe.com\/examenes\/examen-de-ubicacion\/#breadcrumb\"},\"inLanguage\":\"de\",\"potentialAction\":[{\"@type\":\"ReadAction\",\"target\":[\"https:\/\/centrogoethe.com\/examenes\/examen-de-ubicacion\/\"]}]},{\"@type\":\"ImageObject\",\"inLanguage\":\"de\",\"@id\":\"https:\/\/centrogoethe.com\/examenes\/examen-de-ubicacion\/#primaryimage\",\"url\":\"https:\/\/centrogoethe.com\/wp-content\/uploads\/2025\/09\/nivel.png\",\"contentUrl\":\"https:\/\/centrogoethe.com\/wp-content\/uploads\/2025\/09\/nivel.png\"},{\"@type\":\"BreadcrumbList\",\"@id\":\"https:\/\/centrogoethe.com\/examenes\/examen-de-ubicacion\/#breadcrumb\",\"itemListElement\":[{\"@type\":\"ListItem\",\"position\":1,\"name\":\"Portada\",\"item\":\"https:\/\/centrogoethe.com\/\"},{\"@type\":\"ListItem\",\"position\":2,\"name\":\"Ex\u00e1menes\",\"item\":\"https:\/\/centrogoethe.com\/examenes\/\"},{\"@type\":\"ListItem\",\"position\":3,\"name\":\"Examen de ubicaci\u00f3n\"}]},{\"@type\":\"WebSite\",\"@id\":\"https:\/\/centrogoethe.com\/#website\",\"url\":\"https:\/\/centrogoethe.com\/\",\"name\":\"Centro Goethe\",\"description\":\"Aprend\u00e9 alem\u00e1n con calidad internacional en Costa Rica\",\"publisher\":{\"@id\":\"https:\/\/centrogoethe.com\/#organization\"},\"alternateName\":\"Centro Goethe Costa Rica\",\"potentialAction\":[{\"@type\":\"SearchAction\",\"target\":{\"@type\":\"EntryPoint\",\"urlTemplate\":\"https:\/\/centrogoethe.com\/?s={search_term_string}\"},\"query-input\":{\"@type\":\"PropertyValueSpecification\",\"valueRequired\":true,\"valueName\":\"search_term_string\"}}],\"inLanguage\":\"de\"},{\"@type\":\"Organization\",\"@id\":\"https:\/\/centrogoethe.com\/#organization\",\"name\":\"Centro Goethe Costa Rica\",\"alternateName\":\"Centro Goethe Costa Rica\",\"url\":\"https:\/\/centrogoethe.com\/\",\"logo\":{\"@type\":\"ImageObject\",\"inLanguage\":\"de\",\"@id\":\"https:\/\/centrogoethe.com\/#\/schema\/logo\/image\/\",\"url\":\"https:\/\/centrogoethe.com\/wp-content\/uploads\/2025\/06\/Logo-CG-Black.svg\",\"contentUrl\":\"https:\/\/centrogoethe.com\/wp-content\/uploads\/2025\/06\/Logo-CG-Black.svg\",\"width\":584,\"height\":97,\"caption\":\"Centro Goethe Costa Rica\"},\"image\":{\"@id\":\"https:\/\/centrogoethe.com\/#\/schema\/logo\/image\/\"},\"sameAs\":[\"https:\/\/www.facebook.com\/centrogoethecr\/\",\"https:\/\/www.instagram.com\/goethezentrum_costarica\/\"]}]}<\/script>\n<!-- \/ Yoast SEO plugin. -->","yoast_head_json":{"title":"Examen de ubicaci\u00f3n - Centro Goethe","robots":{"index":"index","follow":"follow","max-snippet":"max-snippet:-1","max-image-preview":"max-image-preview:large","max-video-preview":"max-video-preview:-1"},"canonical":"https:\/\/centrogoethe.com\/de\/examenes\/examen-de-ubicacion\/","og_locale":"de_DE","og_type":"article","og_title":"Examen de ubicaci\u00f3n - Centro Goethe","og_description":"Examen de ubicaci\u00f3n Descubr\u00ed tu nivel real de alem\u00e1n con nuestro examen de ubicaci\u00f3n. Es el primer paso para inscribirte en el curso que mejor se adapta a vos. El examen de ubicaci\u00f3n asegura que empiecesen el nivel correcto y aproveches al m\u00e1ximo tu aprendizaje. Ex\u00e1men A1Ex\u00e1men A2Ex\u00e1men B1Ex\u00e1men B2","og_url":"https:\/\/centrogoethe.com\/de\/examenes\/examen-de-ubicacion\/","og_site_name":"Centro Goethe","article_publisher":"https:\/\/www.facebook.com\/centrogoethecr\/","article_modified_time":"2025-10-06T14:58:57+00:00","og_image":[{"width":1024,"height":1024,"url":"https:\/\/centrogoethe.com\/wp-content\/uploads\/2025\/09\/nivel.png","type":"image\/png"}],"twitter_card":"summary_large_image","twitter_misc":{"Gesch\u00e4tzte Lesezeit":"1\u00a0Minute"},"schema":{"@context":"https:\/\/schema.org","@graph":[{"@type":"WebPage","@id":"https:\/\/centrogoethe.com\/examenes\/examen-de-ubicacion\/","url":"https:\/\/centrogoethe.com\/examenes\/examen-de-ubicacion\/","name":"Examen de ubicaci\u00f3n - Centro Goethe","isPartOf":{"@id":"https:\/\/centrogoethe.com\/#website"},"primaryImageOfPage":{"@id":"https:\/\/centrogoethe.com\/examenes\/examen-de-ubicacion\/#primaryimage"},"image":{"@id":"https:\/\/centrogoethe.com\/examenes\/examen-de-ubicacion\/#primaryimage"},"thumbnailUrl":"https:\/\/centrogoethe.com\/wp-content\/uploads\/2025\/09\/nivel.png","datePublished":"2025-09-09T03:58:24+00:00","dateModified":"2025-10-06T14:58:57+00:00","breadcrumb":{"@id":"https:\/\/centrogoethe.com\/examenes\/examen-de-ubicacion\/#breadcrumb"},"inLanguage":"de","potentialAction":[{"@type":"ReadAction","target":["https:\/\/centrogoethe.com\/examenes\/examen-de-ubicacion\/"]}]},{"@type":"ImageObject","inLanguage":"de","@id":"https:\/\/centrogoethe.com\/examenes\/examen-de-ubicacion\/#primaryimage","url":"https:\/\/centrogoethe.com\/wp-content\/uploads\/2025\/09\/nivel.png","contentUrl":"https:\/\/centrogoethe.com\/wp-content\/uploads\/2025\/09\/nivel.png"},{"@type":"BreadcrumbList","@id":"https:\/\/centrogoethe.com\/examenes\/examen-de-ubicacion\/#breadcrumb","itemListElement":[{"@type":"ListItem","position":1,"name":"Portada","item":"https:\/\/centrogoethe.com\/"},{"@type":"ListItem","position":2,"name":"Ex\u00e1menes","item":"https:\/\/centrogoethe.com\/examenes\/"},{"@type":"ListItem","position":3,"name":"Examen de ubicaci\u00f3n"}]},{"@type":"WebSite","@id":"https:\/\/centrogoethe.com\/#website","url":"https:\/\/centrogoethe.com\/","name":"Goethe-Zentrum","description":"Aprend\u00e9 alem\u00e1n con calidad internacional en Costa Rica","publisher":{"@id":"https:\/\/centrogoethe.com\/#organization"},"alternateName":"Centro Goethe Costa Rica","potentialAction":[{"@type":"SearchAction","target":{"@type":"EntryPoint","urlTemplate":"https:\/\/centrogoethe.com\/?s={search_term_string}"},"query-input":{"@type":"PropertyValueSpecification","valueRequired":true,"valueName":"search_term_string"}}],"inLanguage":"de"},{"@type":"Organization","@id":"https:\/\/centrogoethe.com\/#organization","name":"Centro Goethe Costa Rica","alternateName":"Centro Goethe Costa Rica","url":"https:\/\/centrogoethe.com\/","logo":{"@type":"ImageObject","inLanguage":"de","@id":"https:\/\/centrogoethe.com\/#\/schema\/logo\/image\/","url":"https:\/\/centrogoethe.com\/wp-content\/uploads\/2025\/06\/Logo-CG-Black.svg","contentUrl":"https:\/\/centrogoethe.com\/wp-content\/uploads\/2025\/06\/Logo-CG-Black.svg","width":584,"height":97,"caption":"Centro Goethe Costa Rica"},"image":{"@id":"https:\/\/centrogoethe.com\/#\/schema\/logo\/image\/"},"sameAs":["https:\/\/www.facebook.com\/centrogoethecr\/","https:\/\/www.instagram.com\/goethezentrum_costarica\/"]}]}},"_links":{"self":[{"href":"https:\/\/centrogoethe.com\/de\/wp-json\/wp\/v2\/pages\/874","targetHints":{"allow":["GET"]}}],"collection":[{"href":"https:\/\/centrogoethe.com\/de\/wp-json\/wp\/v2\/pages"}],"about":[{"href":"https:\/\/centrogoethe.com\/de\/wp-json\/wp\/v2\/types\/page"}],"author":[{"embeddable":true,"href":"https:\/\/centrogoethe.com\/de\/wp-json\/wp\/v2\/users\/1"}],"replies":[{"embeddable":true,"href":"https:\/\/centrogoethe.com\/de\/wp-json\/wp\/v2\/comments?post=874"}],"version-history":[{"count":27,"href":"https:\/\/centrogoethe.com\/de\/wp-json\/wp\/v2\/pages\/874\/revisions"}],"predecessor-version":[{"id":1998,"href":"https:\/\/centrogoethe.com\/de\/wp-json\/wp\/v2\/pages\/874\/revisions\/1998"}],"up":[{"embeddable":true,"href":"https:\/\/centrogoethe.com\/de\/wp-json\/wp\/v2\/pages\/552"}],"wp:attachment":[{"href":"https:\/\/centrogoethe.com\/de\/wp-json\/wp\/v2\/media?parent=874"}],"curies":[{"name":"wp","href":"https:\/\/api.w.org\/{rel}","templated":true}]}}