{"id":60,"date":"2025-07-01T06:15:33","date_gmt":"2025-07-01T06:15:33","guid":{"rendered":"https:\/\/centrogoethe.com\/?page_id=60"},"modified":"2025-10-06T09:02:09","modified_gmt":"2025-10-06T15:02:09","slug":"equipo","status":"publish","type":"page","link":"https:\/\/centrogoethe.com\/de\/equipo\/","title":{"rendered":"Team"},"content":{"rendered":"<div data-elementor-type=\"wp-page\" data-elementor-id=\"60\" class=\"elementor elementor-60\" data-elementor-post-type=\"page\">\n\t\t\t\t<div class=\"elementor-element elementor-element-f354cfc e-flex e-con-boxed e-con e-parent\" data-id=\"f354cfc\" data-element_type=\"container\" data-e-type=\"container\" data-settings=\"{&quot;jet_parallax_layout_list&quot;:[]}\">\n\t\t\t\t\t<div class=\"e-con-inner\">\n\t\t<div class=\"elementor-element elementor-element-f99619a e-con-full e-flex e-con e-child\" data-id=\"f99619a\" data-element_type=\"container\" data-e-type=\"container\" data-settings=\"{&quot;jet_parallax_layout_list&quot;:[]}\">\n\t\t\t\t<div class=\"elementor-element elementor-element-eaeb4b0 elementor-widget elementor-widget-heading\" data-id=\"eaeb4b0\" data-element_type=\"widget\" data-e-type=\"widget\" data-widget_type=\"heading.default\">\n\t\t\t\t<div class=\"elementor-widget-container\">\n\t\t\t\t\t<h2 class=\"elementor-heading-title elementor-size-default\">Unser Team \u2013 deine Unterst\u00fctzung.<\/h2>\t\t\t\t<\/div>\n\t\t\t\t<\/div>\n\t\t\t\t<div class=\"elementor-element elementor-element-0aee903 elementor-widget elementor-widget-text-editor\" data-id=\"0aee903\" data-element_type=\"widget\" data-e-type=\"widget\" data-widget_type=\"text-editor.default\">\n\t\t\t\t<div class=\"elementor-widget-container\">\n\t\t\t\t\t\t\t\t\t<p class=\"p1\">Hinter jedem Kurs und jeder Pr\u00fcfung steht ein engagiertes Team, das dich fachlich und menschlich begleitet. Lerne die Menschen kennen, die dein Lernen m\u00f6glich machen.<\/p>\t\t\t\t\t\t\t\t<\/div>\n\t\t\t\t<\/div>\n\t\t\t\t<\/div>\n\t\t\t\t<div class=\"elementor-element elementor-element-09ed07d elementor-widget elementor-widget-image\" data-id=\"09ed07d\" data-element_type=\"widget\" data-e-type=\"widget\" data-widget_type=\"image.default\">\n\t\t\t\t<div class=\"elementor-widget-container\">\n\t\t\t\t\t\t\t\t\t\t\t\t\t\t\t<img fetchpriority=\"high\" decoding=\"async\" width=\"800\" height=\"800\" src=\"https:\/\/centrogoethe.com\/wp-content\/uploads\/2025\/09\/Centro-GoetheEquipo-1024x1024.jpg\" class=\"attachment-large size-large wp-image-1137\" alt=\"\" srcset=\"https:\/\/centrogoethe.com\/wp-content\/uploads\/2025\/09\/Centro-GoetheEquipo-1024x1024.jpg 1024w, https:\/\/centrogoethe.com\/wp-content\/uploads\/2025\/09\/Centro-GoetheEquipo-300x300.jpg 300w, https:\/\/centrogoethe.com\/wp-content\/uploads\/2025\/09\/Centro-GoetheEquipo-150x150.jpg 150w, https:\/\/centrogoethe.com\/wp-content\/uploads\/2025\/09\/Centro-GoetheEquipo-768x768.jpg 768w, https:\/\/centrogoethe.com\/wp-content\/uploads\/2025\/09\/Centro-GoetheEquipo-700x700.jpg 700w, https:\/\/centrogoethe.com\/wp-content\/uploads\/2025\/09\/Centro-GoetheEquipo.jpg 1256w\" sizes=\"(max-width: 800px) 100vw, 800px\" \/>\t\t\t\t\t\t\t\t\t\t\t\t\t\t\t<\/div>\n\t\t\t\t<\/div>\n\t\t\t\t\t<\/div>\n\t\t\t\t<\/div>\n\t\t<div class=\"elementor-element elementor-element-752b34a e-flex e-con-boxed e-con e-parent\" data-id=\"752b34a\" data-element_type=\"container\" data-e-type=\"container\" data-settings=\"{&quot;jet_parallax_layout_list&quot;:[]}\">\n\t\t\t\t\t<div class=\"e-con-inner\">\n\t\t\t\t<div class=\"elementor-element elementor-element-603597a elementor-widget elementor-widget-shortcode\" data-id=\"603597a\" data-element_type=\"widget\" data-e-type=\"widget\" data-widget_type=\"shortcode.default\">\n\t\t\t\t<div class=\"elementor-widget-container\">\n\t\t\t\t\t\t\t<div class=\"elementor-shortcode\"><div class='tgr-team' data-id='1166' data-options='{\"id\":\"1166\",\"showTitle\":false,\"layout\":{\"columns\":4},\"className\":\"myteam\",\"responsiveBy\":\"window\",\"displayer\":{\"type\":\"slide-in-right\"}}'><div class='tgr-box-wrapper tgr-anim-zoom-images tgr-displayer-slide-in-right tgr-layout-1 tgr-layout-type-grid'><div class='tgr-box'><div class='tgr-box-inner tgr-grid tgr-grid-4-col tgr-mobile-2-columns'><div class='tgr-item tgr-grid-item' data-id='1165' data-index='0' data-filters=''><div class='tgr-item-inner tgr-animate-social-icons'><figure class='tgr-figure'><div class='tgr-item-image'><img class='tgr-img' src='https:\/\/centrogoethe.com\/wp-content\/uploads\/2025\/09\/Sofia-Salas.jpg' alt='Sof\u00eda Salas'><div class='tgr-item-header'><div class='tgr-item-title'><h3>Sofia Salas<\/h3><\/div><div class='tgr-item-subtitle'><h4>Sprachkursleiterin<\/h4><\/div><\/div><ul class='tgr-item-social'><\/ul><div class='tgr-item-desc'><p><\/p><\/div><\/div><figcaption class='tgr-figcaption'><div class='tgr-item-header'><div class='tgr-item-title'><h3>Sofia Salas<\/h3><\/div><div class='tgr-item-subtitle'><h4>Sprachkursleiterin<\/h4><\/div><\/div><ul class='tgr-item-social'><\/ul><div class='tgr-item-desc'><p><\/p><\/div><\/figcaption><\/figure><\/div><\/div><div class='tgr-item tgr-grid-item' data-id='1180' data-index='1' data-filters=''><div class='tgr-item-inner tgr-animate-social-icons'><figure class='tgr-figure'><div class='tgr-item-image'><img class='tgr-img' src='https:\/\/centrogoethe.com\/wp-content\/uploads\/2025\/09\/Irene-Fernandez.jpg' alt='Irene Fern\u00e1ndez'><div class='tgr-item-header'><div class='tgr-item-title'><h3>Irene Fernandez<\/h3><\/div><div class='tgr-item-subtitle'><h4>Lehrerin | Nachhilfezentrum <\/h4><\/div><\/div><ul class='tgr-item-social'><\/ul><div class='tgr-item-desc'><p><\/p><\/div><\/div><figcaption class='tgr-figcaption'><div class='tgr-item-header'><div class='tgr-item-title'><h3>Irene Fernandez<\/h3><\/div><div class='tgr-item-subtitle'><h4>Lehrerin | Nachhilfezentrum <\/h4><\/div><\/div><ul class='tgr-item-social'><\/ul><div class='tgr-item-desc'><p><\/p><\/div><\/figcaption><\/figure><\/div><\/div><div class='tgr-item tgr-grid-item' data-id='1182' data-index='2' data-filters=''><div class='tgr-item-inner tgr-animate-social-icons'><figure class='tgr-figure'><div class='tgr-item-image'><img class='tgr-img' src='https:\/\/centrogoethe.com\/wp-content\/uploads\/2025\/09\/Gerhard_Lang.jpg' alt='Gerhard Lang'><div class='tgr-item-header'><div class='tgr-item-title'><h3>Gerhard Lang<\/h3><\/div><div class='tgr-item-subtitle'><h4>Lehrer | Technischer Support<\/h4><\/div><\/div><ul class='tgr-item-social'><\/ul><div class='tgr-item-desc'><p><\/p><\/div><\/div><figcaption class='tgr-figcaption'><div class='tgr-item-header'><div class='tgr-item-title'><h3>Gerhard Lang<\/h3><\/div><div class='tgr-item-subtitle'><h4>Lehrer | Technischer Support<\/h4><\/div><\/div><ul class='tgr-item-social'><\/ul><div class='tgr-item-desc'><p><\/p><\/div><\/figcaption><\/figure><\/div><\/div><div class='tgr-item tgr-grid-item' data-id='1183' data-index='3' data-filters=''><div class='tgr-item-inner tgr-animate-social-icons'><figure class='tgr-figure'><div class='tgr-item-image'><img class='tgr-img' src='https:\/\/centrogoethe.com\/wp-content\/uploads\/2025\/09\/Catharina-Tummler.jpg' alt='Catharina T\u00fcmmler'><div class='tgr-item-header'><div class='tgr-item-title'><h3>Catharina T\u00fcmmler<\/h3><\/div><div class='tgr-item-subtitle'><h4>Lehrerin<\/h4><\/div><\/div><ul class='tgr-item-social'><\/ul><div class='tgr-item-desc'><p><\/p><\/div><\/div><figcaption class='tgr-figcaption'><div class='tgr-item-header'><div class='tgr-item-title'><h3>Catharina T\u00fcmmler<\/h3><\/div><div class='tgr-item-subtitle'><h4>Lehrerin<\/h4><\/div><\/div><ul class='tgr-item-social'><\/ul><div class='tgr-item-desc'><p><\/p><\/div><\/figcaption><\/figure><\/div><\/div><div class='tgr-item tgr-grid-item' data-id='1184' data-index='4' data-filters=''><div class='tgr-item-inner tgr-animate-social-icons'><figure class='tgr-figure'><div class='tgr-item-image'><img class='tgr-img' src='https:\/\/centrogoethe.com\/wp-content\/uploads\/2025\/09\/Susanne-Patzold.jpg' alt='Susanne P\u00e4tzold'><div class='tgr-item-header'><div class='tgr-item-title'><h3>Susanne P\u00e4tzold<\/h3><\/div><div class='tgr-item-subtitle'><h4>Lehrerin<\/h4><\/div><\/div><ul class='tgr-item-social'><\/ul><div class='tgr-item-desc'><p><\/p><\/div><\/div><figcaption class='tgr-figcaption'><div class='tgr-item-header'><div class='tgr-item-title'><h3>Susanne P\u00e4tzold<\/h3><\/div><div class='tgr-item-subtitle'><h4>Lehrerin<\/h4><\/div><\/div><ul class='tgr-item-social'><\/ul><div class='tgr-item-desc'><p><\/p><\/div><\/figcaption><\/figure><\/div><\/div><div class='tgr-item tgr-grid-item' data-id='1185' data-index='5' data-filters=''><div class='tgr-item-inner tgr-animate-social-icons'><figure class='tgr-figure'><div class='tgr-item-image'><img class='tgr-img' src='https:\/\/centrogoethe.com\/wp-content\/uploads\/2025\/09\/Franziska-Demmer.jpg' alt='Franziska Demmer'><div class='tgr-item-header'><div class='tgr-item-title'><h3>Franziska Demmer<\/h3><\/div><div class='tgr-item-subtitle'><h4>Lehrerin | Buchclub<\/h4><\/div><\/div><ul class='tgr-item-social'><\/ul><div class='tgr-item-desc'><p><\/p><\/div><\/div><figcaption class='tgr-figcaption'><div class='tgr-item-header'><div class='tgr-item-title'><h3>Franziska Demmer<\/h3><\/div><div class='tgr-item-subtitle'><h4>Lehrerin | Buchclub<\/h4><\/div><\/div><ul class='tgr-item-social'><\/ul><div class='tgr-item-desc'><p><\/p><\/div><\/figcaption><\/figure><\/div><\/div><div class='tgr-item tgr-grid-item' data-id='1186' data-index='6' data-filters=''><div class='tgr-item-inner tgr-animate-social-icons'><figure class='tgr-figure'><div class='tgr-item-image'><img class='tgr-img' src='https:\/\/centrogoethe.com\/wp-content\/uploads\/2025\/09\/Maria-Llamas.jpg' alt='Mar\u00eda Llamas'><div class='tgr-item-header'><div class='tgr-item-title'><h3>Maria Flammen<\/h3><\/div><div class='tgr-item-subtitle'><h4>Lehrerin<\/h4><\/div><\/div><ul class='tgr-item-social'><\/ul><div class='tgr-item-desc'><p><\/p><\/div><\/div><figcaption class='tgr-figcaption'><div class='tgr-item-header'><div class='tgr-item-title'><h3>Maria Flammen<\/h3><\/div><div class='tgr-item-subtitle'><h4>Lehrerin<\/h4><\/div><\/div><ul class='tgr-item-social'><\/ul><div class='tgr-item-desc'><p><\/p><\/div><\/figcaption><\/figure><\/div><\/div><div class='tgr-item tgr-grid-item' data-id='1187' data-index='7' data-filters=''><div class='tgr-item-inner tgr-animate-social-icons'><figure class='tgr-figure'><div class='tgr-item-image'><img class='tgr-img' src='https:\/\/centrogoethe.com\/wp-content\/uploads\/2025\/09\/Maricruz-Ibanezz.jpg' alt='Maricruz Ib\u00e1\u00f1ez'><div class='tgr-item-header'><div class='tgr-item-title'><h3>Maricruz Ibanez<\/h3><\/div><div class='tgr-item-subtitle'><h4>Verwaltungsassistentin<\/h4><\/div><\/div><ul class='tgr-item-social'><\/ul><div class='tgr-item-desc'><p><\/p><\/div><\/div><figcaption class='tgr-figcaption'><div class='tgr-item-header'><div class='tgr-item-title'><h3>Maricruz Ibanez<\/h3><\/div><div class='tgr-item-subtitle'><h4>Verwaltungsassistentin<\/h4><\/div><\/div><ul class='tgr-item-social'><\/ul><div class='tgr-item-desc'><p><\/p><\/div><\/figcaption><\/figure><\/div><\/div><div class='tgr-item tgr-grid-item' data-id='1188' data-index='8' data-filters=''><div class='tgr-item-inner tgr-animate-social-icons'><figure class='tgr-figure'><div class='tgr-item-image'><img class='tgr-img' src='https:\/\/centrogoethe.com\/wp-content\/uploads\/2025\/09\/Katia-de-Goeyen.jpg' alt='Katia de Goeyen'><div class='tgr-item-header'><div class='tgr-item-title'><h3>Katia de Goeyen<\/h3><\/div><div class='tgr-item-subtitle'><h4>Verwaltungsleiterin<\/h4><\/div><\/div><ul class='tgr-item-social'><\/ul><div class='tgr-item-desc'><p><\/p><\/div><\/div><figcaption class='tgr-figcaption'><div class='tgr-item-header'><div class='tgr-item-title'><h3>Katia de Goeyen<\/h3><\/div><div class='tgr-item-subtitle'><h4>Verwaltungsleiterin<\/h4><\/div><\/div><ul class='tgr-item-social'><\/ul><div class='tgr-item-desc'><p><\/p><\/div><\/figcaption><\/figure><\/div><\/div><div class='tgr-item tgr-grid-item' data-id='1189' data-index='9' data-filters=''><div class='tgr-item-inner tgr-animate-social-icons'><figure class='tgr-figure'><div class='tgr-item-image'><img class='tgr-img' src='https:\/\/centrogoethe.com\/wp-content\/uploads\/2025\/09\/Daniel-Pauser.jpg' alt='Daniel P\u00e4user'><div class='tgr-item-header'><div class='tgr-item-title'><h3>Daniel P\u00e4user<\/h3><\/div><div class='tgr-item-subtitle'><h4>Lehrer | Marketing<\/h4><\/div><\/div><ul class='tgr-item-social'><\/ul><div class='tgr-item-desc'><p><\/p><\/div><\/div><figcaption class='tgr-figcaption'><div class='tgr-item-header'><div class='tgr-item-title'><h3>Daniel P\u00e4user<\/h3><\/div><div class='tgr-item-subtitle'><h4>Lehrer | Marketing<\/h4><\/div><\/div><ul class='tgr-item-social'><\/ul><div class='tgr-item-desc'><p><\/p><\/div><\/figcaption><\/figure><\/div><\/div><div class='tgr-item tgr-grid-item' data-id='1190' data-index='10' data-filters=''><div class='tgr-item-inner tgr-animate-social-icons'><figure class='tgr-figure'><div class='tgr-item-image'><img class='tgr-img' src='https:\/\/centrogoethe.com\/wp-content\/uploads\/2025\/09\/Jorg-Zoder.jpg' alt='Jorg Zoder'><div class='tgr-item-header'><div class='tgr-item-title'><h3>J\u00f6rg Zoder<\/h3><\/div><div class='tgr-item-subtitle'><h4>Lehrer<\/h4><\/div><\/div><ul class='tgr-item-social'><\/ul><div class='tgr-item-desc'><p><\/p><\/div><\/div><figcaption class='tgr-figcaption'><div class='tgr-item-header'><div class='tgr-item-title'><h3>J\u00f6rg Zoder<\/h3><\/div><div class='tgr-item-subtitle'><h4>Lehrer<\/h4><\/div><\/div><ul class='tgr-item-social'><\/ul><div class='tgr-item-desc'><p><\/p><\/div><\/figcaption><\/figure><\/div><\/div><div class='tgr-item tgr-grid-item' data-id='1191' data-index='11' data-filters=''><div class='tgr-item-inner tgr-animate-social-icons'><figure class='tgr-figure'><div class='tgr-item-image'><img class='tgr-img' src='https:\/\/centrogoethe.com\/wp-content\/uploads\/2025\/09\/Daniela-Morales.jpg' alt='Daniela Morales'><div class='tgr-item-header'><div class='tgr-item-title'><h3>Daniela Morales<\/h3><\/div><div class='tgr-item-subtitle'><h4>Lehrerin<\/h4><\/div><\/div><ul class='tgr-item-social'><\/ul><div class='tgr-item-desc'><p><\/p><\/div><\/div><figcaption class='tgr-figcaption'><div class='tgr-item-header'><div class='tgr-item-title'><h3>Daniela Morales<\/h3><\/div><div class='tgr-item-subtitle'><h4>Lehrerin<\/h4><\/div><\/div><ul class='tgr-item-social'><\/ul><div class='tgr-item-desc'><p><\/p><\/div><\/figcaption><\/figure><\/div><\/div><div class='tgr-item tgr-grid-item' data-id='2270' data-index='12' data-filters=''><div class='tgr-item-inner tgr-animate-social-icons'><figure class='tgr-figure'><div class='tgr-item-image'><img class='tgr-img' src='https:\/\/centrogoethe.com\/wp-content\/uploads\/2025\/11\/Marc--500x500.jpg' alt='Marc Hofmann'><div class='tgr-item-header'><div class='tgr-item-title'><h3>Marc Hofmann<\/h3><\/div><div class='tgr-item-subtitle'><h4>Lehrer<\/h4><\/div><\/div><ul class='tgr-item-social'><\/ul><div class='tgr-item-desc'><p><\/p><\/div><\/div><figcaption class='tgr-figcaption'><div class='tgr-item-header'><div class='tgr-item-title'><h3>Marc Hofmann<\/h3><\/div><div class='tgr-item-subtitle'><h4>Lehrer<\/h4><\/div><\/div><ul class='tgr-item-social'><\/ul><div class='tgr-item-desc'><p><\/p><\/div><\/figcaption><\/figure><\/div><\/div><\/div><\/div><\/div><\/div>\n<\/div>\n\t\t\t\t\t\t<\/div>\n\t\t\t\t<\/div>\n\t\t\t\t\t<\/div>\n\t\t\t\t<\/div>\n\t\t<div class=\"elementor-element elementor-element-9f07837 e-flex e-con-boxed e-con e-parent\" data-id=\"9f07837\" data-element_type=\"container\" data-e-type=\"container\" data-settings=\"{&quot;jet_parallax_layout_list&quot;:[]}\">\n\t\t\t\t\t<div class=\"e-con-inner\">\n\t\t\t\t\t<\/div>\n\t\t\t\t<\/div>\n\t\t<div class=\"elementor-element elementor-element-50abf71 e-flex e-con-boxed e-con e-parent\" data-id=\"50abf71\" data-element_type=\"container\" data-e-type=\"container\" data-settings=\"{&quot;jet_parallax_layout_list&quot;:[]}\">\n\t\t\t\t\t<div class=\"e-con-inner\">\n\t\t\t\t\t<\/div>\n\t\t\t\t<\/div>\n\t\t\t\t<\/div>","protected":false},"excerpt":{"rendered":"<p>Nuestro equipo, tu apoyo Detr\u00e1s de cada curso y examen hay un equipo comprometido en brindarte acompa\u00f1amiento acad\u00e9mico y humano. Conoce a las personas que hacen posible tu aprendizaje.<\/p>","protected":false},"author":1,"featured_media":0,"parent":0,"menu_order":0,"comment_status":"closed","ping_status":"closed","template":"","meta":{"inline_featured_image":false,"_joinchat":[],"footnotes":""},"class_list":["post-60","page","type-page","status-publish","hentry"],"yoast_head":"<!-- This site is optimized with the Yoast SEO plugin v27.1.1 - https:\/\/yoast.com\/product\/yoast-seo-wordpress\/ -->\n<title>Equipo - Centro Goethe<\/title>\n<meta name=\"robots\" content=\"index, follow, max-snippet:-1, max-image-preview:large, max-video-preview:-1\" \/>\n<link rel=\"canonical\" href=\"https:\/\/centrogoethe.com\/de\/equipo\/\" \/>\n<meta property=\"og:locale\" content=\"de_DE\" \/>\n<meta property=\"og:type\" content=\"article\" \/>\n<meta property=\"og:title\" content=\"Equipo - Centro Goethe\" \/>\n<meta property=\"og:description\" content=\"Nuestro equipo, tu apoyo Detr\u00e1s de cada curso y examen hay un equipo comprometido en brindarte acompa\u00f1amiento acad\u00e9mico y humano. Conoce a las personas que hacen posible tu aprendizaje.\" \/>\n<meta property=\"og:url\" content=\"https:\/\/centrogoethe.com\/de\/equipo\/\" \/>\n<meta property=\"og:site_name\" content=\"Centro Goethe\" \/>\n<meta property=\"article:publisher\" content=\"https:\/\/www.facebook.com\/centrogoethecr\/\" \/>\n<meta property=\"article:modified_time\" content=\"2025-10-06T15:02:09+00:00\" \/>\n<meta property=\"og:image\" content=\"https:\/\/centrogoethe.com\/wp-content\/uploads\/2025\/09\/Centro-GoetheEquipo.jpg\" \/>\n\t<meta property=\"og:image:width\" content=\"1256\" \/>\n\t<meta property=\"og:image:height\" content=\"1256\" \/>\n\t<meta property=\"og:image:type\" content=\"image\/jpeg\" \/>\n<meta name=\"twitter:card\" content=\"summary_large_image\" \/>\n<meta name=\"twitter:label1\" content=\"Gesch\u00e4tzte Lesezeit\" \/>\n\t<meta name=\"twitter:data1\" content=\"1\u00a0Minute\" \/>\n<script type=\"application\/ld+json\" class=\"yoast-schema-graph\">{\"@context\":\"https:\/\/schema.org\",\"@graph\":[{\"@type\":\"WebPage\",\"@id\":\"https:\/\/centrogoethe.com\/equipo\/\",\"url\":\"https:\/\/centrogoethe.com\/equipo\/\",\"name\":\"Equipo - Centro Goethe\",\"isPartOf\":{\"@id\":\"https:\/\/centrogoethe.com\/#website\"},\"primaryImageOfPage\":{\"@id\":\"https:\/\/centrogoethe.com\/equipo\/#primaryimage\"},\"image\":{\"@id\":\"https:\/\/centrogoethe.com\/equipo\/#primaryimage\"},\"thumbnailUrl\":\"https:\/\/centrogoethe.com\/wp-content\/uploads\/2025\/09\/Centro-GoetheEquipo-1024x1024.jpg\",\"datePublished\":\"2025-07-01T06:15:33+00:00\",\"dateModified\":\"2025-10-06T15:02:09+00:00\",\"breadcrumb\":{\"@id\":\"https:\/\/centrogoethe.com\/equipo\/#breadcrumb\"},\"inLanguage\":\"de\",\"potentialAction\":[{\"@type\":\"ReadAction\",\"target\":[\"https:\/\/centrogoethe.com\/equipo\/\"]}]},{\"@type\":\"ImageObject\",\"inLanguage\":\"de\",\"@id\":\"https:\/\/centrogoethe.com\/equipo\/#primaryimage\",\"url\":\"https:\/\/centrogoethe.com\/wp-content\/uploads\/2025\/09\/Centro-GoetheEquipo-1024x1024.jpg\",\"contentUrl\":\"https:\/\/centrogoethe.com\/wp-content\/uploads\/2025\/09\/Centro-GoetheEquipo-1024x1024.jpg\"},{\"@type\":\"BreadcrumbList\",\"@id\":\"https:\/\/centrogoethe.com\/equipo\/#breadcrumb\",\"itemListElement\":[{\"@type\":\"ListItem\",\"position\":1,\"name\":\"Portada\",\"item\":\"https:\/\/centrogoethe.com\/\"},{\"@type\":\"ListItem\",\"position\":2,\"name\":\"Equipo\"}]},{\"@type\":\"WebSite\",\"@id\":\"https:\/\/centrogoethe.com\/#website\",\"url\":\"https:\/\/centrogoethe.com\/\",\"name\":\"Centro Goethe\",\"description\":\"Aprend\u00e9 alem\u00e1n con calidad internacional en Costa Rica\",\"publisher\":{\"@id\":\"https:\/\/centrogoethe.com\/#organization\"},\"alternateName\":\"Centro Goethe Costa Rica\",\"potentialAction\":[{\"@type\":\"SearchAction\",\"target\":{\"@type\":\"EntryPoint\",\"urlTemplate\":\"https:\/\/centrogoethe.com\/?s={search_term_string}\"},\"query-input\":{\"@type\":\"PropertyValueSpecification\",\"valueRequired\":true,\"valueName\":\"search_term_string\"}}],\"inLanguage\":\"de\"},{\"@type\":\"Organization\",\"@id\":\"https:\/\/centrogoethe.com\/#organization\",\"name\":\"Centro Goethe Costa Rica\",\"alternateName\":\"Centro Goethe Costa Rica\",\"url\":\"https:\/\/centrogoethe.com\/\",\"logo\":{\"@type\":\"ImageObject\",\"inLanguage\":\"de\",\"@id\":\"https:\/\/centrogoethe.com\/#\/schema\/logo\/image\/\",\"url\":\"https:\/\/centrogoethe.com\/wp-content\/uploads\/2025\/06\/Logo-CG-Black.svg\",\"contentUrl\":\"https:\/\/centrogoethe.com\/wp-content\/uploads\/2025\/06\/Logo-CG-Black.svg\",\"width\":584,\"height\":97,\"caption\":\"Centro Goethe Costa Rica\"},\"image\":{\"@id\":\"https:\/\/centrogoethe.com\/#\/schema\/logo\/image\/\"},\"sameAs\":[\"https:\/\/www.facebook.com\/centrogoethecr\/\",\"https:\/\/www.instagram.com\/goethezentrum_costarica\/\"]}]}<\/script>\n<!-- \/ Yoast SEO plugin. -->","yoast_head_json":{"title":"Equipo - Centro Goethe","robots":{"index":"index","follow":"follow","max-snippet":"max-snippet:-1","max-image-preview":"max-image-preview:large","max-video-preview":"max-video-preview:-1"},"canonical":"https:\/\/centrogoethe.com\/de\/equipo\/","og_locale":"de_DE","og_type":"article","og_title":"Equipo - Centro Goethe","og_description":"Nuestro equipo, tu apoyo Detr\u00e1s de cada curso y examen hay un equipo comprometido en brindarte acompa\u00f1amiento acad\u00e9mico y humano. Conoce a las personas que hacen posible tu aprendizaje.","og_url":"https:\/\/centrogoethe.com\/de\/equipo\/","og_site_name":"Centro Goethe","article_publisher":"https:\/\/www.facebook.com\/centrogoethecr\/","article_modified_time":"2025-10-06T15:02:09+00:00","og_image":[{"width":1256,"height":1256,"url":"https:\/\/centrogoethe.com\/wp-content\/uploads\/2025\/09\/Centro-GoetheEquipo.jpg","type":"image\/jpeg"}],"twitter_card":"summary_large_image","twitter_misc":{"Gesch\u00e4tzte Lesezeit":"1\u00a0Minute"},"schema":{"@context":"https:\/\/schema.org","@graph":[{"@type":"WebPage","@id":"https:\/\/centrogoethe.com\/equipo\/","url":"https:\/\/centrogoethe.com\/equipo\/","name":"Equipo - Centro Goethe","isPartOf":{"@id":"https:\/\/centrogoethe.com\/#website"},"primaryImageOfPage":{"@id":"https:\/\/centrogoethe.com\/equipo\/#primaryimage"},"image":{"@id":"https:\/\/centrogoethe.com\/equipo\/#primaryimage"},"thumbnailUrl":"https:\/\/centrogoethe.com\/wp-content\/uploads\/2025\/09\/Centro-GoetheEquipo-1024x1024.jpg","datePublished":"2025-07-01T06:15:33+00:00","dateModified":"2025-10-06T15:02:09+00:00","breadcrumb":{"@id":"https:\/\/centrogoethe.com\/equipo\/#breadcrumb"},"inLanguage":"de","potentialAction":[{"@type":"ReadAction","target":["https:\/\/centrogoethe.com\/equipo\/"]}]},{"@type":"ImageObject","inLanguage":"de","@id":"https:\/\/centrogoethe.com\/equipo\/#primaryimage","url":"https:\/\/centrogoethe.com\/wp-content\/uploads\/2025\/09\/Centro-GoetheEquipo-1024x1024.jpg","contentUrl":"https:\/\/centrogoethe.com\/wp-content\/uploads\/2025\/09\/Centro-GoetheEquipo-1024x1024.jpg"},{"@type":"BreadcrumbList","@id":"https:\/\/centrogoethe.com\/equipo\/#breadcrumb","itemListElement":[{"@type":"ListItem","position":1,"name":"Portada","item":"https:\/\/centrogoethe.com\/"},{"@type":"ListItem","position":2,"name":"Equipo"}]},{"@type":"WebSite","@id":"https:\/\/centrogoethe.com\/#website","url":"https:\/\/centrogoethe.com\/","name":"Goethe-Zentrum","description":"Aprend\u00e9 alem\u00e1n con calidad internacional en Costa Rica","publisher":{"@id":"https:\/\/centrogoethe.com\/#organization"},"alternateName":"Centro Goethe Costa Rica","potentialAction":[{"@type":"SearchAction","target":{"@type":"EntryPoint","urlTemplate":"https:\/\/centrogoethe.com\/?s={search_term_string}"},"query-input":{"@type":"PropertyValueSpecification","valueRequired":true,"valueName":"search_term_string"}}],"inLanguage":"de"},{"@type":"Organization","@id":"https:\/\/centrogoethe.com\/#organization","name":"Centro Goethe Costa Rica","alternateName":"Centro Goethe Costa Rica","url":"https:\/\/centrogoethe.com\/","logo":{"@type":"ImageObject","inLanguage":"de","@id":"https:\/\/centrogoethe.com\/#\/schema\/logo\/image\/","url":"https:\/\/centrogoethe.com\/wp-content\/uploads\/2025\/06\/Logo-CG-Black.svg","contentUrl":"https:\/\/centrogoethe.com\/wp-content\/uploads\/2025\/06\/Logo-CG-Black.svg","width":584,"height":97,"caption":"Centro Goethe Costa Rica"},"image":{"@id":"https:\/\/centrogoethe.com\/#\/schema\/logo\/image\/"},"sameAs":["https:\/\/www.facebook.com\/centrogoethecr\/","https:\/\/www.instagram.com\/goethezentrum_costarica\/"]}]}},"_links":{"self":[{"href":"https:\/\/centrogoethe.com\/de\/wp-json\/wp\/v2\/pages\/60","targetHints":{"allow":["GET"]}}],"collection":[{"href":"https:\/\/centrogoethe.com\/de\/wp-json\/wp\/v2\/pages"}],"about":[{"href":"https:\/\/centrogoethe.com\/de\/wp-json\/wp\/v2\/types\/page"}],"author":[{"embeddable":true,"href":"https:\/\/centrogoethe.com\/de\/wp-json\/wp\/v2\/users\/1"}],"replies":[{"embeddable":true,"href":"https:\/\/centrogoethe.com\/de\/wp-json\/wp\/v2\/comments?post=60"}],"version-history":[{"count":3,"href":"https:\/\/centrogoethe.com\/de\/wp-json\/wp\/v2\/pages\/60\/revisions"}],"predecessor-version":[{"id":2009,"href":"https:\/\/centrogoethe.com\/de\/wp-json\/wp\/v2\/pages\/60\/revisions\/2009"}],"wp:attachment":[{"href":"https:\/\/centrogoethe.com\/de\/wp-json\/wp\/v2\/media?parent=60"}],"curies":[{"name":"wp","href":"https:\/\/api.w.org\/{rel}","templated":true}]}}