{"id":552,"date":"2025-07-23T20:12:52","date_gmt":"2025-07-23T20:12:52","guid":{"rendered":"https:\/\/centrogoethe.com\/?page_id=552"},"modified":"2026-03-18T23:43:45","modified_gmt":"2026-03-19T05:43:45","slug":"examenes","status":"publish","type":"page","link":"https:\/\/centrogoethe.com\/de\/examenes\/","title":{"rendered":"Pr\u00fcfungen"},"content":{"rendered":"\t\t<div data-elementor-type=\"wp-page\" data-elementor-id=\"552\" class=\"elementor elementor-552\" data-elementor-post-type=\"page\">\n\t\t\t\t<div class=\"elementor-element elementor-element-b451f99 e-flex e-con-boxed e-con e-parent\" data-id=\"b451f99\" data-element_type=\"container\" data-e-type=\"container\" data-settings=\"{&quot;jet_parallax_layout_list&quot;:[]}\">\n\t\t\t\t\t<div class=\"e-con-inner\">\n\t\t<div class=\"elementor-element elementor-element-688b029 e-con-full e-flex e-con e-child\" data-id=\"688b029\" data-element_type=\"container\" data-e-type=\"container\" data-settings=\"{&quot;jet_parallax_layout_list&quot;:[]}\">\n\t\t\t\t<div class=\"elementor-element elementor-element-d3ae941 elementor-widget elementor-widget-heading\" data-id=\"d3ae941\" data-element_type=\"widget\" data-e-type=\"widget\" data-widget_type=\"heading.default\">\n\t\t\t\t<div class=\"elementor-widget-container\">\n\t\t\t\t\t<h2 class=\"elementor-heading-title elementor-size-default\">Examenes<\/h2>\t\t\t\t<\/div>\n\t\t\t\t<\/div>\n\t\t\t\t<div class=\"elementor-element elementor-element-e9aa1aa elementor-widget elementor-widget-text-editor\" data-id=\"e9aa1aa\" data-element_type=\"widget\" data-e-type=\"widget\" data-widget_type=\"text-editor.default\">\n\t\t\t\t<div class=\"elementor-widget-container\">\n\t\t\t\t\t\t\t\t\t<p class=\"p1\">Ofrecemos pruebas de nivelaci\u00f3n para iniciar en el nivel adecuado y ex\u00e1menes oficiales Goethe reconocidos en todo el mundo.<\/p>\t\t\t\t\t\t\t\t<\/div>\n\t\t\t\t<\/div>\n\t\t\t\t<\/div>\n\t\t\t\t<div class=\"elementor-element elementor-element-8e95682 elementor-widget elementor-widget-image\" data-id=\"8e95682\" data-element_type=\"widget\" data-e-type=\"widget\" data-widget_type=\"image.default\">\n\t\t\t\t<div class=\"elementor-widget-container\">\n\t\t\t\t\t\t\t\t\t\t\t\t\t\t\t<img fetchpriority=\"high\" decoding=\"async\" width=\"600\" height=\"600\" src=\"https:\/\/centrogoethe.com\/wp-content\/uploads\/2025\/07\/tutoria.jpg\" class=\"attachment-full size-full wp-image-572\" alt=\"\" srcset=\"https:\/\/centrogoethe.com\/wp-content\/uploads\/2025\/07\/tutoria.jpg 600w, https:\/\/centrogoethe.com\/wp-content\/uploads\/2025\/07\/tutoria-300x300.jpg 300w, https:\/\/centrogoethe.com\/wp-content\/uploads\/2025\/07\/tutoria-150x150.jpg 150w, https:\/\/centrogoethe.com\/wp-content\/uploads\/2025\/07\/tutoria-700x700.jpg 700w\" sizes=\"(max-width: 600px) 100vw, 600px\" \/>\t\t\t\t\t\t\t\t\t\t\t\t\t\t\t<\/div>\n\t\t\t\t<\/div>\n\t\t\t\t\t<\/div>\n\t\t\t\t<\/div>\n\t\t<div class=\"elementor-element elementor-element-5653578 e-flex e-con-boxed e-con e-parent\" data-id=\"5653578\" data-element_type=\"container\" data-e-type=\"container\" data-settings=\"{&quot;jet_parallax_layout_list&quot;:[]}\">\n\t\t\t\t\t<div class=\"e-con-inner\">\n\t\t\t\t<div class=\"elementor-element elementor-element-f131be7 elementor-pagination-type-bullets elementor-pagination-position-outside elementor-widget elementor-widget-n-carousel\" data-id=\"f131be7\" data-element_type=\"widget\" data-e-type=\"widget\" data-settings=\"{&quot;carousel_items&quot;:[{&quot;slide_title&quot;:&quot;Diapositiva n\\u00ba 1&quot;,&quot;_id&quot;:&quot;4f69c59&quot;},{&quot;slide_title&quot;:&quot;Diapositiva n\\u00ba 1&quot;,&quot;_id&quot;:&quot;0fe180e&quot;}],&quot;slides_to_show&quot;:&quot;2&quot;,&quot;slides_to_scroll_tablet&quot;:&quot;2&quot;,&quot;slides_to_scroll_mobile&quot;:&quot;1&quot;,&quot;slides_to_show_tablet&quot;:&quot;2&quot;,&quot;slides_to_show_mobile&quot;:&quot;1&quot;,&quot;speed&quot;:500,&quot;pagination&quot;:&quot;bullets&quot;,&quot;image_spacing_custom&quot;:{&quot;unit&quot;:&quot;px&quot;,&quot;size&quot;:10,&quot;sizes&quot;:[]},&quot;image_spacing_custom_tablet&quot;:{&quot;unit&quot;:&quot;px&quot;,&quot;size&quot;:&quot;&quot;,&quot;sizes&quot;:[]},&quot;image_spacing_custom_mobile&quot;:{&quot;unit&quot;:&quot;px&quot;,&quot;size&quot;:&quot;&quot;,&quot;sizes&quot;:[]}}\" data-widget_type=\"nested-carousel.default\">\n\t\t\t\t<div class=\"elementor-widget-container\">\n\t\t\t\t\t\t\t<div class=\"e-n-carousel swiper\" role=\"region\" aria-roledescription=\"carousel\" aria-label=\"Carrusel\" dir=\"ltr\">\n\t\t\t<div class=\"swiper-wrapper\" aria-live=\"polite\">\n\t\t\t\t\t\t\t\t\t\t<div class=\"swiper-slide\" data-slide=\"1\" role=\"group\" aria-roledescription=\"slide\" aria-label=\"1 of 2\">\n\t\t\t\t\t\t\t<div class=\"elementor-element elementor-element-1ee37ae e-con-full e-flex e-con e-child\" data-id=\"1ee37ae\" data-element_type=\"container\" data-e-type=\"container\" data-settings=\"{&quot;background_background&quot;:&quot;classic&quot;,&quot;jet_parallax_layout_list&quot;:[]}\">\n\t\t<div class=\"elementor-element elementor-element-6c847d0 e-con-full e-transform e-transform e-flex e-con e-child\" data-id=\"6c847d0\" data-element_type=\"container\" data-e-type=\"container\" data-settings=\"{&quot;background_background&quot;:&quot;classic&quot;,&quot;_transform_translateX_effect_hover&quot;:{&quot;unit&quot;:&quot;px&quot;,&quot;size&quot;:0,&quot;sizes&quot;:[]},&quot;_transform_translateY_effect_hover&quot;:{&quot;unit&quot;:&quot;px&quot;,&quot;size&quot;:-5,&quot;sizes&quot;:[]},&quot;jet_parallax_layout_list&quot;:[],&quot;_transform_translateX_effect_hover_tablet&quot;:{&quot;unit&quot;:&quot;px&quot;,&quot;size&quot;:&quot;&quot;,&quot;sizes&quot;:[]},&quot;_transform_translateX_effect_hover_mobile&quot;:{&quot;unit&quot;:&quot;px&quot;,&quot;size&quot;:&quot;&quot;,&quot;sizes&quot;:[]},&quot;_transform_translateY_effect_hover_tablet&quot;:{&quot;unit&quot;:&quot;px&quot;,&quot;size&quot;:&quot;&quot;,&quot;sizes&quot;:[]},&quot;_transform_translateY_effect_hover_mobile&quot;:{&quot;unit&quot;:&quot;px&quot;,&quot;size&quot;:&quot;&quot;,&quot;sizes&quot;:[]},&quot;_transform_scaleX_effect_hover&quot;:{&quot;unit&quot;:&quot;px&quot;,&quot;size&quot;:&quot;&quot;,&quot;sizes&quot;:[]},&quot;_transform_scaleX_effect_hover_tablet&quot;:{&quot;unit&quot;:&quot;px&quot;,&quot;size&quot;:&quot;&quot;,&quot;sizes&quot;:[]},&quot;_transform_scaleX_effect_hover_mobile&quot;:{&quot;unit&quot;:&quot;px&quot;,&quot;size&quot;:&quot;&quot;,&quot;sizes&quot;:[]},&quot;_transform_scaleY_effect_hover&quot;:{&quot;unit&quot;:&quot;px&quot;,&quot;size&quot;:&quot;&quot;,&quot;sizes&quot;:[]},&quot;_transform_scaleY_effect_hover_tablet&quot;:{&quot;unit&quot;:&quot;px&quot;,&quot;size&quot;:&quot;&quot;,&quot;sizes&quot;:[]},&quot;_transform_scaleY_effect_hover_mobile&quot;:{&quot;unit&quot;:&quot;px&quot;,&quot;size&quot;:&quot;&quot;,&quot;sizes&quot;:[]}}\">\n\t\t<div class=\"elementor-element elementor-element-84c5ede e-con-full e-flex e-con e-child\" data-id=\"84c5ede\" data-element_type=\"container\" data-e-type=\"container\" data-settings=\"{&quot;background_background&quot;:&quot;classic&quot;,&quot;jet_parallax_layout_list&quot;:[]}\">\n\t\t\t\t<div class=\"elementor-element elementor-element-a94cfe8 elementor-widget elementor-widget-image\" data-id=\"a94cfe8\" data-element_type=\"widget\" data-e-type=\"widget\" data-widget_type=\"image.default\">\n\t\t\t\t<div class=\"elementor-widget-container\">\n\t\t\t\t\t\t\t\t\t\t\t\t\t\t\t<img decoding=\"async\" width=\"800\" height=\"800\" src=\"https:\/\/centrogoethe.com\/wp-content\/uploads\/2025\/09\/nivel.png\" class=\"attachment-large size-large wp-image-946\" alt=\"\" srcset=\"https:\/\/centrogoethe.com\/wp-content\/uploads\/2025\/09\/nivel.png 1024w, https:\/\/centrogoethe.com\/wp-content\/uploads\/2025\/09\/nivel-300x300.png 300w, https:\/\/centrogoethe.com\/wp-content\/uploads\/2025\/09\/nivel-150x150.png 150w, https:\/\/centrogoethe.com\/wp-content\/uploads\/2025\/09\/nivel-768x768.png 768w, https:\/\/centrogoethe.com\/wp-content\/uploads\/2025\/09\/nivel-700x700.png 700w\" sizes=\"(max-width: 800px) 100vw, 800px\" \/>\t\t\t\t\t\t\t\t\t\t\t\t\t\t\t<\/div>\n\t\t\t\t<\/div>\n\t\t\t\t<\/div>\n\t\t<div class=\"elementor-element elementor-element-9386f37 e-con-full e-flex e-con e-child\" data-id=\"9386f37\" data-element_type=\"container\" data-e-type=\"container\" data-settings=\"{&quot;background_background&quot;:&quot;classic&quot;,&quot;jet_parallax_layout_list&quot;:[]}\">\n\t\t\t\t<div class=\"elementor-element elementor-element-e5aacdb elementor-widget elementor-widget-heading\" data-id=\"e5aacdb\" data-element_type=\"widget\" data-e-type=\"widget\" data-widget_type=\"heading.default\">\n\t\t\t\t<div class=\"elementor-widget-container\">\n\t\t\t\t\t<h2 class=\"elementor-heading-title elementor-size-default\">Examen de nivelaci\u00f3n<\/h2>\t\t\t\t<\/div>\n\t\t\t\t<\/div>\n\t\t\t\t<div class=\"elementor-element elementor-element-13874cc elementor-widget elementor-widget-heading\" data-id=\"13874cc\" data-element_type=\"widget\" data-e-type=\"widget\" data-widget_type=\"heading.default\">\n\t\t\t\t<div class=\"elementor-widget-container\">\n\t\t\t\t\t<h2 class=\"elementor-heading-title elementor-size-default\">Descubr\u00ed tu nivel antes de empezar el curso<\/h2>\t\t\t\t<\/div>\n\t\t\t\t<\/div>\n\t\t\t\t<div class=\"elementor-element elementor-element-ebc2de3 elementor-align-justify elementor-widget elementor-widget-button\" data-id=\"ebc2de3\" data-element_type=\"widget\" data-e-type=\"widget\" data-widget_type=\"button.default\">\n\t\t\t\t<div class=\"elementor-widget-container\">\n\t\t\t\t\t\t\t\t\t<div class=\"elementor-button-wrapper\">\n\t\t\t\t\t<a class=\"elementor-button elementor-button-link elementor-size-sm\" href=\"https:\/\/centrogoethe.com\/examen-de-ubicacion\/\">\n\t\t\t\t\t\t<span class=\"elementor-button-content-wrapper\">\n\t\t\t\t\t\t<span class=\"elementor-button-icon\">\n\t\t\t\t<svg aria-hidden=\"true\" class=\"e-font-icon-svg e-fas-chevron-right\" viewBox=\"0 0 320 512\" xmlns=\"http:\/\/www.w3.org\/2000\/svg\"><path d=\"M285.476 272.971L91.132 467.314c-9.373 9.373-24.569 9.373-33.941 0l-22.667-22.667c-9.357-9.357-9.375-24.522-.04-33.901L188.505 256 34.484 101.255c-9.335-9.379-9.317-24.544.04-33.901l22.667-22.667c9.373-9.373 24.569-9.373 33.941 0L285.475 239.03c9.373 9.372 9.373 24.568.001 33.941z\"><\/path><\/svg>\t\t\t<\/span>\n\t\t\t\t\t\t\t\t\t<span class=\"elementor-button-text\">Ver m\u00e1s<\/span>\n\t\t\t\t\t<\/span>\n\t\t\t\t\t<\/a>\n\t\t\t\t<\/div>\n\t\t\t\t\t\t\t\t<\/div>\n\t\t\t\t<\/div>\n\t\t\t\t<\/div>\n\t\t\t\t<\/div>\n\t\t\t\t<\/div>\n\t\t\t\t\t\t\t\t<\/div>\n\t\t\t\t\t\t\t\t\t\t\t<div class=\"swiper-slide\" data-slide=\"2\" role=\"group\" aria-roledescription=\"slide\" aria-label=\"2 of 2\">\n\t\t\t\t\t\t\t<div class=\"elementor-element elementor-element-c306227 e-con-full e-flex e-con e-child\" data-id=\"c306227\" data-element_type=\"container\" data-e-type=\"container\" data-settings=\"{&quot;background_background&quot;:&quot;classic&quot;,&quot;jet_parallax_layout_list&quot;:[]}\">\n\t\t<div class=\"elementor-element elementor-element-9cfec36 e-con-full e-transform e-transform e-flex e-con e-child\" data-id=\"9cfec36\" data-element_type=\"container\" data-e-type=\"container\" data-settings=\"{&quot;background_background&quot;:&quot;classic&quot;,&quot;_transform_translateX_effect_hover&quot;:{&quot;unit&quot;:&quot;px&quot;,&quot;size&quot;:0,&quot;sizes&quot;:[]},&quot;_transform_translateY_effect_hover&quot;:{&quot;unit&quot;:&quot;px&quot;,&quot;size&quot;:-5,&quot;sizes&quot;:[]},&quot;jet_parallax_layout_list&quot;:[],&quot;_transform_translateX_effect_hover_tablet&quot;:{&quot;unit&quot;:&quot;px&quot;,&quot;size&quot;:&quot;&quot;,&quot;sizes&quot;:[]},&quot;_transform_translateX_effect_hover_mobile&quot;:{&quot;unit&quot;:&quot;px&quot;,&quot;size&quot;:&quot;&quot;,&quot;sizes&quot;:[]},&quot;_transform_translateY_effect_hover_tablet&quot;:{&quot;unit&quot;:&quot;px&quot;,&quot;size&quot;:&quot;&quot;,&quot;sizes&quot;:[]},&quot;_transform_translateY_effect_hover_mobile&quot;:{&quot;unit&quot;:&quot;px&quot;,&quot;size&quot;:&quot;&quot;,&quot;sizes&quot;:[]},&quot;_transform_scaleX_effect_hover&quot;:{&quot;unit&quot;:&quot;px&quot;,&quot;size&quot;:&quot;&quot;,&quot;sizes&quot;:[]},&quot;_transform_scaleX_effect_hover_tablet&quot;:{&quot;unit&quot;:&quot;px&quot;,&quot;size&quot;:&quot;&quot;,&quot;sizes&quot;:[]},&quot;_transform_scaleX_effect_hover_mobile&quot;:{&quot;unit&quot;:&quot;px&quot;,&quot;size&quot;:&quot;&quot;,&quot;sizes&quot;:[]},&quot;_transform_scaleY_effect_hover&quot;:{&quot;unit&quot;:&quot;px&quot;,&quot;size&quot;:&quot;&quot;,&quot;sizes&quot;:[]},&quot;_transform_scaleY_effect_hover_tablet&quot;:{&quot;unit&quot;:&quot;px&quot;,&quot;size&quot;:&quot;&quot;,&quot;sizes&quot;:[]},&quot;_transform_scaleY_effect_hover_mobile&quot;:{&quot;unit&quot;:&quot;px&quot;,&quot;size&quot;:&quot;&quot;,&quot;sizes&quot;:[]}}\">\n\t\t<div class=\"elementor-element elementor-element-4a01c02 e-con-full e-flex e-con e-child\" data-id=\"4a01c02\" data-element_type=\"container\" data-e-type=\"container\" data-settings=\"{&quot;jet_parallax_layout_list&quot;:[]}\">\n\t\t\t\t<div class=\"elementor-element elementor-element-d9bc7e1 elementor-widget elementor-widget-image\" data-id=\"d9bc7e1\" data-element_type=\"widget\" data-e-type=\"widget\" data-widget_type=\"image.default\">\n\t\t\t\t<div class=\"elementor-widget-container\">\n\t\t\t\t\t\t\t\t\t\t\t\t\t\t\t<img decoding=\"async\" width=\"260\" height=\"370\" src=\"https:\/\/centrogoethe.com\/wp-content\/uploads\/2025\/07\/el-hombre-tiene-una-pregunta-mano-levantada-grupo-de-personas-en-conferencia-de-negocios-en-el-aula-moderna-durante-el-dia.jpg\" class=\"attachment-large size-large wp-image-133\" alt=\"\" srcset=\"https:\/\/centrogoethe.com\/wp-content\/uploads\/2025\/07\/el-hombre-tiene-una-pregunta-mano-levantada-grupo-de-personas-en-conferencia-de-negocios-en-el-aula-moderna-durante-el-dia.jpg 260w, https:\/\/centrogoethe.com\/wp-content\/uploads\/2025\/07\/el-hombre-tiene-una-pregunta-mano-levantada-grupo-de-personas-en-conferencia-de-negocios-en-el-aula-moderna-durante-el-dia-211x300.jpg 211w\" sizes=\"(max-width: 260px) 100vw, 260px\" \/>\t\t\t\t\t\t\t\t\t\t\t\t\t\t\t<\/div>\n\t\t\t\t<\/div>\n\t\t\t\t<\/div>\n\t\t<div class=\"elementor-element elementor-element-bbb3eae e-con-full e-flex e-con e-child\" data-id=\"bbb3eae\" data-element_type=\"container\" data-e-type=\"container\" data-settings=\"{&quot;background_background&quot;:&quot;classic&quot;,&quot;jet_parallax_layout_list&quot;:[]}\">\n\t\t\t\t<div class=\"elementor-element elementor-element-b4b1782 elementor-widget elementor-widget-heading\" data-id=\"b4b1782\" data-element_type=\"widget\" data-e-type=\"widget\" data-widget_type=\"heading.default\">\n\t\t\t\t<div class=\"elementor-widget-container\">\n\t\t\t\t\t<h2 class=\"elementor-heading-title elementor-size-default\">Examen de certificaci\u00f3n<\/h2>\t\t\t\t<\/div>\n\t\t\t\t<\/div>\n\t\t\t\t<div class=\"elementor-element elementor-element-e57db7d elementor-widget elementor-widget-heading\" data-id=\"e57db7d\" data-element_type=\"widget\" data-e-type=\"widget\" data-widget_type=\"heading.default\">\n\t\t\t\t<div class=\"elementor-widget-container\">\n\t\t\t\t\t<h2 class=\"elementor-heading-title elementor-size-default\">Obten\u00e9 un certificado internaci\u00f3nal<\/h2>\t\t\t\t<\/div>\n\t\t\t\t<\/div>\n\t\t\t\t<div class=\"elementor-element elementor-element-0045c2a elementor-align-justify elementor-widget elementor-widget-button\" data-id=\"0045c2a\" data-element_type=\"widget\" data-e-type=\"widget\" data-widget_type=\"button.default\">\n\t\t\t\t<div class=\"elementor-widget-container\">\n\t\t\t\t\t\t\t\t\t<div class=\"elementor-button-wrapper\">\n\t\t\t\t\t<a class=\"elementor-button elementor-button-link elementor-size-sm\" href=\"https:\/\/centrogoethe.com\/examenes\/examen-de-certificacion\/\">\n\t\t\t\t\t\t<span class=\"elementor-button-content-wrapper\">\n\t\t\t\t\t\t<span class=\"elementor-button-icon\">\n\t\t\t\t<svg aria-hidden=\"true\" class=\"e-font-icon-svg e-fas-chevron-right\" viewBox=\"0 0 320 512\" xmlns=\"http:\/\/www.w3.org\/2000\/svg\"><path d=\"M285.476 272.971L91.132 467.314c-9.373 9.373-24.569 9.373-33.941 0l-22.667-22.667c-9.357-9.357-9.375-24.522-.04-33.901L188.505 256 34.484 101.255c-9.335-9.379-9.317-24.544.04-33.901l22.667-22.667c9.373-9.373 24.569-9.373 33.941 0L285.475 239.03c9.373 9.372 9.373 24.568.001 33.941z\"><\/path><\/svg>\t\t\t<\/span>\n\t\t\t\t\t\t\t\t\t<span class=\"elementor-button-text\">Ver m\u00e1s<\/span>\n\t\t\t\t\t<\/span>\n\t\t\t\t\t<\/a>\n\t\t\t\t<\/div>\n\t\t\t\t\t\t\t\t<\/div>\n\t\t\t\t<\/div>\n\t\t\t\t<\/div>\n\t\t\t\t<\/div>\n\t\t\t\t<\/div>\n\t\t\t\t\t\t\t\t<\/div>\n\t\t\t\t\t\t\t\t<\/div>\n\t\t<\/div>\n\t\t\t\t\t<div class=\"swiper-pagination\"><\/div>\n\t\t\t\t\t\t<\/div>\n\t\t\t\t<\/div>\n\t\t\t\t\t<\/div>\n\t\t\t\t<\/div>\n\t\t\t\t<\/div>\n\t\t","protected":false},"excerpt":{"rendered":"<p>Examenes Ofrecemos pruebas de nivelaci\u00f3n para iniciar en el nivel adecuado y ex\u00e1menes oficiales Goethe reconocidos en todo el mundo. Examen de nivelaci\u00f3n Descubr\u00ed tu nivel antes de empezar el curso Ver m\u00e1s Examen de certificaci\u00f3n Obten\u00e9 un certificado internaci\u00f3nal Ver m\u00e1s Examen de nivelaci\u00f3n Descubr\u00ed tu nivel antes de empezar el curso Ver m\u00e1s [&hellip;]<\/p>\n","protected":false},"author":1,"featured_media":0,"parent":0,"menu_order":0,"comment_status":"closed","ping_status":"closed","template":"","meta":{"inline_featured_image":false,"_joinchat":[],"footnotes":""},"class_list":["post-552","page","type-page","status-publish","hentry"],"yoast_head":"<!-- This site is optimized with the Yoast SEO plugin v27.1.1 - https:\/\/yoast.com\/product\/yoast-seo-wordpress\/ -->\n<title>Ex\u00e1menes - Centro Goethe<\/title>\n<meta name=\"robots\" content=\"index, follow, max-snippet:-1, max-image-preview:large, max-video-preview:-1\" \/>\n<link rel=\"canonical\" href=\"https:\/\/centrogoethe.com\/de\/examenes\/\" \/>\n<meta property=\"og:locale\" content=\"de_DE\" \/>\n<meta property=\"og:type\" content=\"article\" \/>\n<meta property=\"og:title\" content=\"Ex\u00e1menes - Centro Goethe\" \/>\n<meta property=\"og:description\" content=\"Examenes Ofrecemos pruebas de nivelaci\u00f3n para iniciar en el nivel adecuado y ex\u00e1menes oficiales Goethe reconocidos en todo el mundo. Examen de nivelaci\u00f3n Descubr\u00ed tu nivel antes de empezar el curso Ver m\u00e1s Examen de certificaci\u00f3n Obten\u00e9 un certificado internaci\u00f3nal Ver m\u00e1s Examen de nivelaci\u00f3n Descubr\u00ed tu nivel antes de empezar el curso Ver m\u00e1s [&hellip;]\" \/>\n<meta property=\"og:url\" content=\"https:\/\/centrogoethe.com\/de\/examenes\/\" \/>\n<meta property=\"og:site_name\" content=\"Centro Goethe\" \/>\n<meta property=\"article:publisher\" content=\"https:\/\/www.facebook.com\/centrogoethecr\/\" \/>\n<meta property=\"article:modified_time\" content=\"2026-03-19T05:43:45+00:00\" \/>\n<meta property=\"og:image\" content=\"https:\/\/centrogoethe.com\/wp-content\/uploads\/2025\/07\/tutoria.jpg\" \/>\n\t<meta property=\"og:image:width\" content=\"600\" \/>\n\t<meta property=\"og:image:height\" content=\"600\" \/>\n\t<meta property=\"og:image:type\" content=\"image\/jpeg\" \/>\n<meta name=\"twitter:card\" content=\"summary_large_image\" \/>\n<meta name=\"twitter:label1\" content=\"Gesch\u00e4tzte Lesezeit\" \/>\n\t<meta name=\"twitter:data1\" content=\"2\u00a0Minuten\" \/>\n<script type=\"application\/ld+json\" class=\"yoast-schema-graph\">{\"@context\":\"https:\/\/schema.org\",\"@graph\":[{\"@type\":\"WebPage\",\"@id\":\"https:\/\/centrogoethe.com\/examenes\/\",\"url\":\"https:\/\/centrogoethe.com\/examenes\/\",\"name\":\"Ex\u00e1menes - Centro Goethe\",\"isPartOf\":{\"@id\":\"https:\/\/centrogoethe.com\/#website\"},\"primaryImageOfPage\":{\"@id\":\"https:\/\/centrogoethe.com\/examenes\/#primaryimage\"},\"image\":{\"@id\":\"https:\/\/centrogoethe.com\/examenes\/#primaryimage\"},\"thumbnailUrl\":\"https:\/\/centrogoethe.com\/wp-content\/uploads\/2025\/07\/tutoria.jpg\",\"datePublished\":\"2025-07-23T20:12:52+00:00\",\"dateModified\":\"2026-03-19T05:43:45+00:00\",\"breadcrumb\":{\"@id\":\"https:\/\/centrogoethe.com\/examenes\/#breadcrumb\"},\"inLanguage\":\"de\",\"potentialAction\":[{\"@type\":\"ReadAction\",\"target\":[\"https:\/\/centrogoethe.com\/examenes\/\"]}]},{\"@type\":\"ImageObject\",\"inLanguage\":\"de\",\"@id\":\"https:\/\/centrogoethe.com\/examenes\/#primaryimage\",\"url\":\"https:\/\/centrogoethe.com\/wp-content\/uploads\/2025\/07\/tutoria.jpg\",\"contentUrl\":\"https:\/\/centrogoethe.com\/wp-content\/uploads\/2025\/07\/tutoria.jpg\"},{\"@type\":\"BreadcrumbList\",\"@id\":\"https:\/\/centrogoethe.com\/examenes\/#breadcrumb\",\"itemListElement\":[{\"@type\":\"ListItem\",\"position\":1,\"name\":\"Portada\",\"item\":\"https:\/\/centrogoethe.com\/\"},{\"@type\":\"ListItem\",\"position\":2,\"name\":\"Ex\u00e1menes\"}]},{\"@type\":\"WebSite\",\"@id\":\"https:\/\/centrogoethe.com\/#website\",\"url\":\"https:\/\/centrogoethe.com\/\",\"name\":\"Centro Goethe\",\"description\":\"Aprend\u00e9 alem\u00e1n con calidad internacional en Costa Rica\",\"publisher\":{\"@id\":\"https:\/\/centrogoethe.com\/#organization\"},\"alternateName\":\"Centro Goethe Costa Rica\",\"potentialAction\":[{\"@type\":\"SearchAction\",\"target\":{\"@type\":\"EntryPoint\",\"urlTemplate\":\"https:\/\/centrogoethe.com\/?s={search_term_string}\"},\"query-input\":{\"@type\":\"PropertyValueSpecification\",\"valueRequired\":true,\"valueName\":\"search_term_string\"}}],\"inLanguage\":\"de\"},{\"@type\":\"Organization\",\"@id\":\"https:\/\/centrogoethe.com\/#organization\",\"name\":\"Centro Goethe Costa Rica\",\"alternateName\":\"Centro Goethe Costa Rica\",\"url\":\"https:\/\/centrogoethe.com\/\",\"logo\":{\"@type\":\"ImageObject\",\"inLanguage\":\"de\",\"@id\":\"https:\/\/centrogoethe.com\/#\/schema\/logo\/image\/\",\"url\":\"https:\/\/centrogoethe.com\/wp-content\/uploads\/2025\/06\/Logo-CG-Black.svg\",\"contentUrl\":\"https:\/\/centrogoethe.com\/wp-content\/uploads\/2025\/06\/Logo-CG-Black.svg\",\"width\":584,\"height\":97,\"caption\":\"Centro Goethe Costa Rica\"},\"image\":{\"@id\":\"https:\/\/centrogoethe.com\/#\/schema\/logo\/image\/\"},\"sameAs\":[\"https:\/\/www.facebook.com\/centrogoethecr\/\",\"https:\/\/www.instagram.com\/goethezentrum_costarica\/\"]}]}<\/script>\n<!-- \/ Yoast SEO plugin. -->","yoast_head_json":{"title":"Ex\u00e1menes - Centro Goethe","robots":{"index":"index","follow":"follow","max-snippet":"max-snippet:-1","max-image-preview":"max-image-preview:large","max-video-preview":"max-video-preview:-1"},"canonical":"https:\/\/centrogoethe.com\/de\/examenes\/","og_locale":"de_DE","og_type":"article","og_title":"Ex\u00e1menes - Centro Goethe","og_description":"Examenes Ofrecemos pruebas de nivelaci\u00f3n para iniciar en el nivel adecuado y ex\u00e1menes oficiales Goethe reconocidos en todo el mundo. Examen de nivelaci\u00f3n Descubr\u00ed tu nivel antes de empezar el curso Ver m\u00e1s Examen de certificaci\u00f3n Obten\u00e9 un certificado internaci\u00f3nal Ver m\u00e1s Examen de nivelaci\u00f3n Descubr\u00ed tu nivel antes de empezar el curso Ver m\u00e1s [&hellip;]","og_url":"https:\/\/centrogoethe.com\/de\/examenes\/","og_site_name":"Centro Goethe","article_publisher":"https:\/\/www.facebook.com\/centrogoethecr\/","article_modified_time":"2026-03-19T05:43:45+00:00","og_image":[{"width":600,"height":600,"url":"https:\/\/centrogoethe.com\/wp-content\/uploads\/2025\/07\/tutoria.jpg","type":"image\/jpeg"}],"twitter_card":"summary_large_image","twitter_misc":{"Gesch\u00e4tzte Lesezeit":"2\u00a0Minuten"},"schema":{"@context":"https:\/\/schema.org","@graph":[{"@type":"WebPage","@id":"https:\/\/centrogoethe.com\/examenes\/","url":"https:\/\/centrogoethe.com\/examenes\/","name":"Ex\u00e1menes - Centro Goethe","isPartOf":{"@id":"https:\/\/centrogoethe.com\/#website"},"primaryImageOfPage":{"@id":"https:\/\/centrogoethe.com\/examenes\/#primaryimage"},"image":{"@id":"https:\/\/centrogoethe.com\/examenes\/#primaryimage"},"thumbnailUrl":"https:\/\/centrogoethe.com\/wp-content\/uploads\/2025\/07\/tutoria.jpg","datePublished":"2025-07-23T20:12:52+00:00","dateModified":"2026-03-19T05:43:45+00:00","breadcrumb":{"@id":"https:\/\/centrogoethe.com\/examenes\/#breadcrumb"},"inLanguage":"de","potentialAction":[{"@type":"ReadAction","target":["https:\/\/centrogoethe.com\/examenes\/"]}]},{"@type":"ImageObject","inLanguage":"de","@id":"https:\/\/centrogoethe.com\/examenes\/#primaryimage","url":"https:\/\/centrogoethe.com\/wp-content\/uploads\/2025\/07\/tutoria.jpg","contentUrl":"https:\/\/centrogoethe.com\/wp-content\/uploads\/2025\/07\/tutoria.jpg"},{"@type":"BreadcrumbList","@id":"https:\/\/centrogoethe.com\/examenes\/#breadcrumb","itemListElement":[{"@type":"ListItem","position":1,"name":"Portada","item":"https:\/\/centrogoethe.com\/"},{"@type":"ListItem","position":2,"name":"Ex\u00e1menes"}]},{"@type":"WebSite","@id":"https:\/\/centrogoethe.com\/#website","url":"https:\/\/centrogoethe.com\/","name":"Goethe-Zentrum","description":"Aprend\u00e9 alem\u00e1n con calidad internacional en Costa Rica","publisher":{"@id":"https:\/\/centrogoethe.com\/#organization"},"alternateName":"Centro Goethe Costa Rica","potentialAction":[{"@type":"SearchAction","target":{"@type":"EntryPoint","urlTemplate":"https:\/\/centrogoethe.com\/?s={search_term_string}"},"query-input":{"@type":"PropertyValueSpecification","valueRequired":true,"valueName":"search_term_string"}}],"inLanguage":"de"},{"@type":"Organization","@id":"https:\/\/centrogoethe.com\/#organization","name":"Centro Goethe Costa Rica","alternateName":"Centro Goethe Costa Rica","url":"https:\/\/centrogoethe.com\/","logo":{"@type":"ImageObject","inLanguage":"de","@id":"https:\/\/centrogoethe.com\/#\/schema\/logo\/image\/","url":"https:\/\/centrogoethe.com\/wp-content\/uploads\/2025\/06\/Logo-CG-Black.svg","contentUrl":"https:\/\/centrogoethe.com\/wp-content\/uploads\/2025\/06\/Logo-CG-Black.svg","width":584,"height":97,"caption":"Centro Goethe Costa Rica"},"image":{"@id":"https:\/\/centrogoethe.com\/#\/schema\/logo\/image\/"},"sameAs":["https:\/\/www.facebook.com\/centrogoethecr\/","https:\/\/www.instagram.com\/goethezentrum_costarica\/"]}]}},"_links":{"self":[{"href":"https:\/\/centrogoethe.com\/de\/wp-json\/wp\/v2\/pages\/552","targetHints":{"allow":["GET"]}}],"collection":[{"href":"https:\/\/centrogoethe.com\/de\/wp-json\/wp\/v2\/pages"}],"about":[{"href":"https:\/\/centrogoethe.com\/de\/wp-json\/wp\/v2\/types\/page"}],"author":[{"embeddable":true,"href":"https:\/\/centrogoethe.com\/de\/wp-json\/wp\/v2\/users\/1"}],"replies":[{"embeddable":true,"href":"https:\/\/centrogoethe.com\/de\/wp-json\/wp\/v2\/comments?post=552"}],"version-history":[{"count":12,"href":"https:\/\/centrogoethe.com\/de\/wp-json\/wp\/v2\/pages\/552\/revisions"}],"predecessor-version":[{"id":2613,"href":"https:\/\/centrogoethe.com\/de\/wp-json\/wp\/v2\/pages\/552\/revisions\/2613"}],"wp:attachment":[{"href":"https:\/\/centrogoethe.com\/de\/wp-json\/wp\/v2\/media?parent=552"}],"curies":[{"name":"wp","href":"https:\/\/api.w.org\/{rel}","templated":true}]}}