{"id":3,"date":"2025-06-30T15:30:43","date_gmt":"2025-06-30T15:30:43","guid":{"rendered":"https:\/\/centrogoethe.com\/?page_id=3"},"modified":"2026-03-02T21:51:58","modified_gmt":"2026-03-03T03:51:58","slug":"terminos-y-condiciones","status":"publish","type":"page","link":"https:\/\/centrogoethe.com\/de\/terminos-y-condiciones\/","title":{"rendered":"Teilnahmebedingungen"},"content":{"rendered":"<div data-elementor-type=\"wp-page\" data-elementor-id=\"3\" class=\"elementor elementor-3\" data-elementor-post-type=\"page\">\n\t\t\t\t<div class=\"elementor-element elementor-element-7ab67d7 e-flex e-con-boxed e-con e-parent\" data-id=\"7ab67d7\" data-element_type=\"container\" data-e-type=\"container\" data-settings=\"{&quot;jet_parallax_layout_list&quot;:[]}\">\n\t\t\t\t\t<div class=\"e-con-inner\">\n\t\t<div class=\"elementor-element elementor-element-b7b5667 e-con-full e-flex e-con e-child\" data-id=\"b7b5667\" data-element_type=\"container\" data-e-type=\"container\" data-settings=\"{&quot;jet_parallax_layout_list&quot;:[]}\">\n\t\t\t\t<div class=\"elementor-element elementor-element-2715afd elementor-widget elementor-widget-heading\" data-id=\"2715afd\" data-element_type=\"widget\" data-e-type=\"widget\" data-widget_type=\"heading.default\">\n\t\t\t\t<div class=\"elementor-widget-container\">\n\t\t\t\t\t<h2 class=\"elementor-heading-title elementor-size-default\">Teilnahmebedingungen<\/h2>\t\t\t\t<\/div>\n\t\t\t\t<\/div>\n\t\t\t\t<\/div>\n\t\t\t\t\t<\/div>\n\t\t\t\t<\/div>\n\t\t<div class=\"elementor-element elementor-element-9a72ebb e-flex e-con-boxed e-con e-parent\" data-id=\"9a72ebb\" data-element_type=\"container\" data-e-type=\"container\" data-settings=\"{&quot;jet_parallax_layout_list&quot;:[]}\">\n\t\t\t\t\t<div class=\"e-con-inner\">\n\t\t\t\t<div class=\"elementor-element elementor-element-72c5ece elementor-widget elementor-widget-text-editor\" data-id=\"72c5ece\" data-element_type=\"widget\" data-e-type=\"widget\" data-widget_type=\"text-editor.default\">\n\t\t\t\t<div class=\"elementor-widget-container\">\n\t\t\t\t\t\t\t\t\t<h2><b>Teilnahmebedingungen<\/b><\/h2><h3><b>1. Anmeldung<\/b><\/h3><p><b>1.1<\/b><span style=\"font-weight: 400;\"> Das Goethe-Zentrum reserviert keine Kurspl\u00e4tze auf Anfrage per Telefon, WhatsApp oder E-Mail. Ein Kursplatz gilt erst dann als verbindlich reserviert, wenn die <\/span><b>vollst\u00e4ndige Kursgeb\u00fchr<\/b><span style=\"font-weight: 400;\"> \u00fcber unsere Anmeldeplattform bezahlt wurde.<\/span><\/p><p><b>1.2<\/b><span style=\"font-weight: 400;\"> F\u00fcr Teilnehmende, die im aktuellen Kursabschnitt eingeschrieben sind, werden <\/span><b>keine Kurspl\u00e4tze automatisch<\/b><span style=\"font-weight: 400;\"> f\u00fcr den darauffolgenden Kursabschnitt reserviert.<\/span><\/p><p><b>1.3<\/b><span style=\"font-weight: 400;\"> Die formale Anmeldung sowie die vollst\u00e4ndige Zahlung m\u00fcssen <\/span><b>vor Beginn jedes Kursabschnitts<\/b><span style=\"font-weight: 400;\"> innerhalb der daf\u00fcr vorgesehenen Fristen erfolgen.<\/span><\/p><p><b>1.4<\/b><span style=\"font-weight: 400;\"> Angemeldete Teilnehmende k\u00f6nnen von einem gebuchten Kurs zur\u00fccktreten und eine <\/span><b>Gutschrift f\u00fcr den folgenden Kursabschnitt oder eine R\u00fcckerstattung des gezahlten Betrags<\/b><span style=\"font-weight: 400;\"> beantragen, <\/span><b>ausschlie\u00dflich<\/b><span style=\"font-weight: 400;\">, wenn sie ihren Antrag <\/span><b>sp\u00e4testens in der Woche vor Kursbeginn<\/b><\/p><ul><li style=\"font-weight: 400;\" aria-level=\"1\"><b>per E-Mail<\/b><span style=\"font-weight: 400;\"> an das Goethe-Zentrum senden und <\/span><b>das daf\u00fcr vorgesehene Formular vollst\u00e4ndig ausf\u00fcllen<\/b><span style=\"font-weight: 400;\">.<\/span><\/li><\/ul><p><span style=\"font-weight: 400;\">Der Antrag gilt <\/span><b>erst nach schriftlicher Best\u00e4tigung durch das Goethe-Zentrum<\/b><span style=\"font-weight: 400;\"> als angenommen.<\/span><span style=\"font-weight: 400;\"><br \/><\/span><span style=\"font-weight: 400;\">Im Falle einer genehmigten R\u00fcckerstattung beh\u00e4lt das Goethe-Zentrum <\/span><b>10 % des gezahlten Betrags<\/b><span style=\"font-weight: 400;\"> als Verwaltungsgeb\u00fchr ein. Die R\u00fcckzahlung erfolgt per Bank\u00fcberweisung.<\/span><\/p><p><b>1.5<\/b><span style=\"font-weight: 400;\"> In allen anderen F\u00e4llen werden <\/span><b>keine teilweisen oder vollst\u00e4ndigen R\u00fcckerstattungen<\/b><span style=\"font-weight: 400;\"> vorgenommen. Ebenso ist es nicht m\u00f6glich, Zahlungen f\u00fcr sp\u00e4tere Kursabschnitte gutzuschreiben, einzufrieren oder auf andere Personen zu \u00fcbertragen.<\/span><\/p><p><b>1.6<\/b><span style=\"font-weight: 400;\"> Die Zuteilung der Lehrkr\u00e4fte kann aus organisatorischen Gr\u00fcnden <\/span><b>ohne vorherige Ank\u00fcndigung<\/b><span style=\"font-weight: 400;\"> ge\u00e4ndert werden.<\/span><\/p><p><b>1.7<\/b><span style=\"font-weight: 400;\"> Es kann nicht garantiert werden, dass in folgenden Kursabschnitten derselbe Stundenplan, dieselbe Lehrkraft, dieselbe Unterrichtsfrequenz oder dasselbe Unterrichtsformat (Pr\u00e4senz-, Onlineunterricht usw.) beibehalten wird.<\/span><\/p><p><b>1.8<\/b><span style=\"font-weight: 400;\"> Das Goethe-Zentrum beh\u00e4lt sich das Recht vor, Anmeldungen abzulehnen.<\/span><\/p><p><b>1.9<\/b><span style=\"font-weight: 400;\"> Pr\u00e4senz- und Onlinekurse haben eine begrenzte Teilnehmerzahl:<\/span><\/p><ul><li style=\"font-weight: 400;\" aria-level=\"1\"><span style=\"font-weight: 400;\">Onlinekurse (regul\u00e4r, intensiv und superintensiv): maximal <\/span><b>18 Teilnehmende<\/b><\/li><li style=\"font-weight: 400;\" aria-level=\"1\"><span style=\"font-weight: 400;\">Pr\u00e4senzkurse (regul\u00e4r, intensiv und superintensiv): maximal <\/span><b>20 Teilnehmende<\/b><\/li><li style=\"font-weight: 400;\" aria-level=\"1\"><span style=\"font-weight: 400;\">Spezialkurse (z. B. Konversationskurse): maximal <\/span><b>15 Teilnehmende<\/b><b><br \/><\/b><span style=\"font-weight: 400;\">Diese Obergrenzen werden nicht \u00fcberschritten, um eine hohe Unterrichtsqualit\u00e4t zu gew\u00e4hrleisten.<\/span><\/li><\/ul><p><b>1.10<\/b><span style=\"font-weight: 400;\"> Das Goethe-Zentrum beh\u00e4lt sich vor, Kurse zu schlie\u00dfen, wenn die erforderliche Mindestteilnehmerzahl nicht erreicht wird (15 Teilnehmende bei regul\u00e4ren, intensiven und superintensiven Kursen; 10 Teilnehmende bei Spezialkursen).<\/span><span style=\"font-weight: 400;\"><br \/><\/span><span style=\"font-weight: 400;\">In diesem Fall wird der gezahlte Betrag per Bank\u00fcberweisung zur\u00fcckerstattet, sofern kein Kurswechsel gew\u00fcnscht ist.<\/span><\/p><p><b>1.11<\/b><span style=\"font-weight: 400;\"> Teilnehmende, die ihr Deutschlernen nach einer Unterbrechung von mehr als einem Jahr wieder aufnehmen m\u00f6chten, m\u00fcssen einen Einstufungstest absolvieren oder nachweisen, dass sie ihre Deutschkenntnisse aktiv gepflegt haben (z. B. durch einen Auslandsaufenthalt, Kontakt mit deutschsprachigen Personen oder andere Kurse).<\/span><\/p><p><b>1.12<\/b><span style=\"font-weight: 400;\"> Die Teilnehmenden sind rechtlich verantwortlich f\u00fcr die Richtigkeit und Aktualit\u00e4t der in ihrem Benutzerprofil angegebenen Daten. Diese Daten erscheinen auf den Kursbescheinigungen.<\/span><\/p><h3><b>2. Voraussetzungen und Bedingungen<\/b><\/h3><p><b>2.1<\/b><span style=\"font-weight: 400;\"> Die Kurse richten sich ausschlie\u00dflich an Personen <\/span><b>ab 15 Jahren<\/b><span style=\"font-weight: 400;\">.<\/span><\/p><p><b>2.2<\/b><span style=\"font-weight: 400;\"> F\u00fcr die Teilnahme an Onlinekursen sind ein funktionierendes Mikrofon, eine Kamera sowie eine stabile Internetverbindung erforderlich. Mikrofon und Kamera m\u00fcssen w\u00e4hrend des Unterrichts eingeschaltet sein.<\/span><span style=\"font-weight: 400;\"><br \/><\/span><span style=\"font-weight: 400;\">Bleibt die Kamera \u00fcber einen l\u00e4ngeren Zeitraum ausgeschaltet, gilt die betreffende Person als abwesend; dies wird im Anwesenheitsregister ber\u00fccksichtigt.<\/span><\/p><p><b>2.3<\/b><span style=\"font-weight: 400;\"> F\u00fcr Kurse mit Pr\u00e4senzphasen ist die Einhaltung des jeweils g\u00fcltigen Gesundheitsprotokolls verpflichtend. Zudem ist ein Laptop zum Pr\u00e4senzunterricht mitzubringen.<\/span><\/p><p><b>2.4<\/b><span style=\"font-weight: 400;\"> Die offiziellen Zertifikatspr\u00fcfungen des Goethe-Instituts sind freiwillig.<\/span><\/p><p><b>2.4.1<\/b><span style=\"font-weight: 400;\"> S\u00e4mtliche erg\u00e4nzenden Unterrichtsmaterialien (gedruckt oder digital), Lernkontrollen, Pr\u00fcfungen sowie Bild- und Tonaufnahmen (z. B. Screenshots, Fotos, Audio- oder Videoaufzeichnungen), die w\u00e4hrend des Unterrichts entstehen, sind Eigentum des Goethe-Zentrums Costa Rica.<\/span><span style=\"font-weight: 400;\"><br \/><\/span><span style=\"font-weight: 400;\">Diese Materialien d\u00fcrfen ausschlie\u00dflich von den eingeschriebenen Teilnehmenden f\u00fcr den jeweiligen Kurs verwendet werden. Eine Weitergabe, Vervielf\u00e4ltigung oder Nutzung zu anderen Zwecken ist untersagt.<\/span><\/p><p><b>2.4.2<\/b><span style=\"font-weight: 400;\"> Der Verkauf von Kursb\u00fcchern ist ausschlie\u00dflich f\u00fcr eingeschriebene Teilnehmende vorgesehen. Bei R\u00fcckgabe eines \u00fcber den Online-Shop erworbenen Buches erfolgt eine R\u00fcckerstattung von <\/span><b>90 %<\/b><span style=\"font-weight: 400;\"> des Kaufpreises; <\/span><b>10 %<\/b><span style=\"font-weight: 400;\"> werden als Verwaltungsgeb\u00fchr einbehalten.<\/span><\/p><p><b>2.5<\/b><span style=\"font-weight: 400;\"> Lehrb\u00fccher (gedruckt oder digital) m\u00fcssen vor Kursbeginn erworben werden. Die Kosten f\u00fcr Unterrichtsmaterialien sind nicht in der Kursgeb\u00fchr enthalten. Die Wahl zwischen gedruckten und digitalen Materialien erfolgt individuell; das Goethe-Zentrum ber\u00e4t hierzu gerne.<\/span><\/p><p><b>2.6<\/b><span style=\"font-weight: 400;\"> Das Goethe-Zentrum \u00fcbernimmt keine Verantwortung f\u00fcr Unterrichtsausf\u00e4lle oder Format\u00e4nderungen aufgrund h\u00f6herer Gewalt (z. B. Naturkatastrophen) oder beh\u00f6rdlicher Anordnungen.<\/span><\/p><p><b>2.7<\/b><span style=\"font-weight: 400;\"> In Kursen mit Pr\u00e4senzphasen kann der Unterricht in besonderen F\u00e4llen online stattfinden (z. B. bei schlechtem Wetter oder Verkehrsproblemen).<\/span><span style=\"font-weight: 400;\"><br \/><\/span><span style=\"font-weight: 400;\">Bei einer COVID-19-Erkrankung ohne schwere Symptome kann der Unterricht nach vorheriger Mitteilung (mindestens <\/span><b>25 Stunden vor Unterrichtsbeginn<\/b><span style=\"font-weight: 400;\">) online besucht werden.<\/span><\/p><h3><b>3. Rechte und Pflichten der Teilnehmenden<\/b><\/h3><p><b>3.1<\/b><span style=\"font-weight: 400;\"> Ein Kurswechsel ist nur m\u00f6glich, wenn im gew\u00fcnschten Kurs freie Pl\u00e4tze vorhanden sind. Der Antrag muss schriftlich per E-Mail an <\/span><b>consultas@centrogoethe.com<\/b><span style=\"font-weight: 400;\"> gestellt werden.<\/span><\/p><p><b>3.2<\/b><span style=\"font-weight: 400;\"> Vers\u00e4umte Unterrichtseinheiten k\u00f6nnen nicht in anderen Gruppen nachgeholt werden. Die Lehrkr\u00e4fte zeichnen den Unterricht nicht auf. Bei Bedarf k\u00f6nnen Tutorien im Tutorienzentrum des Goethe-Zentrums gebucht werden.<\/span><\/p><p><b>3.3<\/b><span style=\"font-weight: 400;\"> Selbstst\u00e4ndiges Arbeiten zu Hause dient der Wiederholung und Vertiefung der im Unterricht behandelten Inhalte und erfolgt im eigenen Lerntempo.<\/span><\/p><p><b>3.4<\/b><span style=\"font-weight: 400;\"> F\u00fcr schriftliche Pr\u00fcfungen, die au\u00dferhalb des Unterrichts stattfinden, gelten feste Abgabefristen:<\/span><\/p><ul><li style=\"font-weight: 400;\" aria-level=\"1\"><span style=\"font-weight: 400;\">Zeit\u00fcberschreitung w\u00e4hrend der Pr\u00fcfung: Abzug von <\/span><b>5 %<\/b><span style=\"font-weight: 400;\"> der erreichten Punktzahl<\/span><\/li><li style=\"font-weight: 400;\" aria-level=\"1\"><span style=\"font-weight: 400;\">Versp\u00e4tete Abgabe: Abzug von <\/span><b>10 %<\/b><span style=\"font-weight: 400;\"> der erreichten Punktzahl<\/span><span style=\"font-weight: 400;\"><br \/><\/span><span style=\"font-weight: 400;\">Pr\u00fcfungen, die <\/span><b>zwei Wochen nach dem offiziellen Abgabetermin<\/b><span style=\"font-weight: 400;\"> oder <\/span><b>sieben Tage vor der m\u00fcndlichen Pr\u00fcfung<\/b><span style=\"font-weight: 400;\"> eingereicht werden, werden nicht mehr korrigiert.<\/span><\/li><\/ul><p><b>3.5<\/b><span style=\"font-weight: 400;\"> Nach Abschluss des Kurses kann kostenlos eine digitale Kursbescheinigung \u00fcber die Plattform des Goethe-Zentrums heruntergeladen werden.<\/span><span style=\"font-weight: 400;\"><br \/><\/span><span style=\"font-weight: 400;\">Auf Anfrage stellt das Goethe-Zentrum gegen Zahlung der festgelegten Geb\u00fchr zus\u00e4tzliche digitale Bescheinigungen (Anmelde- oder Abschlussbescheinigungen, auf Deutsch oder Spanisch) aus.<\/span><\/p><p><b>3.6<\/b><span style=\"font-weight: 400;\"> Informationen zu Leistungen und Ergebnissen werden ausschlie\u00dflich durch die Lehrkraft direkt an die Teilnehmenden kommuniziert. Eine Weitergabe an Dritte erfolgt nicht.<\/span><\/p><h3><b>4. Kursabschluss<\/b><\/h3><p><b>4.1<\/b><span style=\"font-weight: 400;\"> F\u00fcr den erfolgreichen Abschluss eines Kurses ist eine Anwesenheit von mindestens <\/span><b>75 %<\/b><span style=\"font-weight: 400;\"> erforderlich. Die Anwesenheit wird von der Lehrkraft dokumentiert.<\/span><\/p><p><b>4.1.2<\/b><span style=\"font-weight: 400;\"> Ausschlie\u00dflich bei krankheitsbedingter Abwesenheit, die <\/span><b>unverz\u00fcglich durch ein \u00e4rztliches Attest<\/b><span style=\"font-weight: 400;\"> nachgewiesen wird, gilt die Abwesenheit als entschuldigt.<\/span><\/p><p><b>4.2<\/b><span style=\"font-weight: 400;\"> Der Kurs gilt als bestanden, wenn sowohl die m\u00fcndliche als auch die schriftliche Pr\u00fcfung mit mindestens <\/span><b>60 %<\/b><span style=\"font-weight: 400;\"> der jeweils erreichbaren Gesamtpunktzahl bestanden werden.<\/span><\/p><p><b>4.3<\/b><span style=\"font-weight: 400;\"> Alle kursinternen Pr\u00fcfungen m\u00fcssen sp\u00e4testens <\/span><b>eine Woche vor der m\u00fcndlichen Pr\u00fcfung<\/b><span style=\"font-weight: 400;\"> eingereicht werden.<\/span><\/p><p><b>4.4<\/b><span style=\"font-weight: 400;\"> In (super-)intensiven Kursen muss jedes Niveau einzeln bestanden werden; andernfalls ist das nicht bestandene Niveau zu wiederholen, um den Lernerfolg sicherzustellen.<\/span><\/p>\t\t\t\t\t\t\t\t<\/div>\n\t\t\t\t<\/div>\n\t\t\t\t<div class=\"elementor-element elementor-element-f88edbd elementor-widget elementor-widget-text-editor\" data-id=\"f88edbd\" data-element_type=\"widget\" data-e-type=\"widget\" data-widget_type=\"text-editor.default\">\n\t\t\t\t<div class=\"elementor-widget-container\">\n\t\t\t\t\t<style>.elementor-element-f88edbd{display:none !important}<\/style>\t\t\t\t<\/div>\n\t\t\t\t<\/div>\n\t\t\t\t\t<\/div>\n\t\t\t\t<\/div>\n\t\t\t\t<\/div>","protected":false},"excerpt":{"rendered":"<p>T\u00e9rminos y Condiciones Teilnahmebedingungen 1. Anmeldung 1.1 Das Goethe-Zentrum reserviert keine Kurspl\u00e4tze auf Anfrage per Telefon, WhatsApp oder E-Mail. Ein Kursplatz gilt erst dann als verbindlich reserviert, wenn die vollst\u00e4ndige Kursgeb\u00fchr \u00fcber unsere Anmeldeplattform bezahlt wurde. 1.2 F\u00fcr Teilnehmende, die im aktuellen Kursabschnitt eingeschrieben sind, werden keine Kurspl\u00e4tze automatisch f\u00fcr den darauffolgenden Kursabschnitt reserviert. 1.3 [&hellip;]<\/p>\n","protected":false},"author":1,"featured_media":0,"parent":0,"menu_order":0,"comment_status":"closed","ping_status":"closed","template":"","meta":{"inline_featured_image":false,"_joinchat":[],"footnotes":""},"class_list":["post-3","page","type-page","status-publish","hentry"],"yoast_head":"<!-- This site is optimized with the Yoast SEO plugin v27.1.1 - https:\/\/yoast.com\/product\/yoast-seo-wordpress\/ -->\n<title>T\u00e9rminos y Condiciones - Centro Goethe<\/title>\n<meta name=\"robots\" content=\"index, follow, max-snippet:-1, max-image-preview:large, max-video-preview:-1\" \/>\n<link rel=\"canonical\" href=\"https:\/\/centrogoethe.com\/de\/terminos-y-condiciones\/\" \/>\n<meta property=\"og:locale\" content=\"de_DE\" \/>\n<meta property=\"og:type\" content=\"article\" \/>\n<meta property=\"og:title\" content=\"T\u00e9rminos y Condiciones - Centro Goethe\" \/>\n<meta property=\"og:description\" content=\"T\u00e9rminos y Condiciones Teilnahmebedingungen 1. Anmeldung 1.1 Das Goethe-Zentrum reserviert keine Kurspl\u00e4tze auf Anfrage per Telefon, WhatsApp oder E-Mail. Ein Kursplatz gilt erst dann als verbindlich reserviert, wenn die vollst\u00e4ndige Kursgeb\u00fchr \u00fcber unsere Anmeldeplattform bezahlt wurde. 1.2 F\u00fcr Teilnehmende, die im aktuellen Kursabschnitt eingeschrieben sind, werden keine Kurspl\u00e4tze automatisch f\u00fcr den darauffolgenden Kursabschnitt reserviert. 1.3 [&hellip;]\" \/>\n<meta property=\"og:url\" content=\"https:\/\/centrogoethe.com\/de\/terminos-y-condiciones\/\" \/>\n<meta property=\"og:site_name\" content=\"Centro Goethe\" \/>\n<meta property=\"article:publisher\" content=\"https:\/\/www.facebook.com\/centrogoethecr\/\" \/>\n<meta property=\"article:modified_time\" content=\"2026-03-03T03:51:58+00:00\" \/>\n<meta property=\"og:image\" content=\"https:\/\/centrogoethe.com\/wp-content\/uploads\/2025\/07\/Hombre-en-cafeteria.jpeg\" \/>\n\t<meta property=\"og:image:width\" content=\"1320\" \/>\n\t<meta property=\"og:image:height\" content=\"848\" \/>\n\t<meta property=\"og:image:type\" content=\"image\/jpeg\" \/>\n<meta name=\"twitter:card\" content=\"summary_large_image\" \/>\n<meta name=\"twitter:label1\" content=\"Gesch\u00e4tzte Lesezeit\" \/>\n\t<meta name=\"twitter:data1\" content=\"15\u00a0Minuten\" \/>\n<script type=\"application\/ld+json\" class=\"yoast-schema-graph\">{\"@context\":\"https:\/\/schema.org\",\"@graph\":[{\"@type\":\"WebPage\",\"@id\":\"https:\/\/centrogoethe.com\/terminos-y-condiciones\/\",\"url\":\"https:\/\/centrogoethe.com\/terminos-y-condiciones\/\",\"name\":\"T\u00e9rminos y Condiciones - Centro Goethe\",\"isPartOf\":{\"@id\":\"https:\/\/centrogoethe.com\/#website\"},\"datePublished\":\"2025-06-30T15:30:43+00:00\",\"dateModified\":\"2026-03-03T03:51:58+00:00\",\"breadcrumb\":{\"@id\":\"https:\/\/centrogoethe.com\/terminos-y-condiciones\/#breadcrumb\"},\"inLanguage\":\"de\",\"potentialAction\":[{\"@type\":\"ReadAction\",\"target\":[\"https:\/\/centrogoethe.com\/terminos-y-condiciones\/\"]}]},{\"@type\":\"BreadcrumbList\",\"@id\":\"https:\/\/centrogoethe.com\/terminos-y-condiciones\/#breadcrumb\",\"itemListElement\":[{\"@type\":\"ListItem\",\"position\":1,\"name\":\"Portada\",\"item\":\"https:\/\/centrogoethe.com\/\"},{\"@type\":\"ListItem\",\"position\":2,\"name\":\"T\u00e9rminos y Condiciones\"}]},{\"@type\":\"WebSite\",\"@id\":\"https:\/\/centrogoethe.com\/#website\",\"url\":\"https:\/\/centrogoethe.com\/\",\"name\":\"Centro Goethe\",\"description\":\"Aprend\u00e9 alem\u00e1n con calidad internacional en Costa Rica\",\"publisher\":{\"@id\":\"https:\/\/centrogoethe.com\/#organization\"},\"alternateName\":\"Centro Goethe Costa Rica\",\"potentialAction\":[{\"@type\":\"SearchAction\",\"target\":{\"@type\":\"EntryPoint\",\"urlTemplate\":\"https:\/\/centrogoethe.com\/?s={search_term_string}\"},\"query-input\":{\"@type\":\"PropertyValueSpecification\",\"valueRequired\":true,\"valueName\":\"search_term_string\"}}],\"inLanguage\":\"de\"},{\"@type\":\"Organization\",\"@id\":\"https:\/\/centrogoethe.com\/#organization\",\"name\":\"Centro Goethe Costa Rica\",\"alternateName\":\"Centro Goethe Costa Rica\",\"url\":\"https:\/\/centrogoethe.com\/\",\"logo\":{\"@type\":\"ImageObject\",\"inLanguage\":\"de\",\"@id\":\"https:\/\/centrogoethe.com\/#\/schema\/logo\/image\/\",\"url\":\"https:\/\/centrogoethe.com\/wp-content\/uploads\/2025\/06\/Logo-CG-Black.svg\",\"contentUrl\":\"https:\/\/centrogoethe.com\/wp-content\/uploads\/2025\/06\/Logo-CG-Black.svg\",\"width\":584,\"height\":97,\"caption\":\"Centro Goethe Costa Rica\"},\"image\":{\"@id\":\"https:\/\/centrogoethe.com\/#\/schema\/logo\/image\/\"},\"sameAs\":[\"https:\/\/www.facebook.com\/centrogoethecr\/\",\"https:\/\/www.instagram.com\/goethezentrum_costarica\/\"]}]}<\/script>\n<!-- \/ Yoast SEO plugin. -->","yoast_head_json":{"title":"T\u00e9rminos y Condiciones - Centro Goethe","robots":{"index":"index","follow":"follow","max-snippet":"max-snippet:-1","max-image-preview":"max-image-preview:large","max-video-preview":"max-video-preview:-1"},"canonical":"https:\/\/centrogoethe.com\/de\/terminos-y-condiciones\/","og_locale":"de_DE","og_type":"article","og_title":"T\u00e9rminos y Condiciones - Centro Goethe","og_description":"T\u00e9rminos y Condiciones Teilnahmebedingungen 1. Anmeldung 1.1 Das Goethe-Zentrum reserviert keine Kurspl\u00e4tze auf Anfrage per Telefon, WhatsApp oder E-Mail. Ein Kursplatz gilt erst dann als verbindlich reserviert, wenn die vollst\u00e4ndige Kursgeb\u00fchr \u00fcber unsere Anmeldeplattform bezahlt wurde. 1.2 F\u00fcr Teilnehmende, die im aktuellen Kursabschnitt eingeschrieben sind, werden keine Kurspl\u00e4tze automatisch f\u00fcr den darauffolgenden Kursabschnitt reserviert. 1.3 [&hellip;]","og_url":"https:\/\/centrogoethe.com\/de\/terminos-y-condiciones\/","og_site_name":"Centro Goethe","article_publisher":"https:\/\/www.facebook.com\/centrogoethecr\/","article_modified_time":"2026-03-03T03:51:58+00:00","og_image":[{"width":1320,"height":848,"url":"https:\/\/centrogoethe.com\/wp-content\/uploads\/2025\/07\/Hombre-en-cafeteria.jpeg","type":"image\/jpeg"}],"twitter_card":"summary_large_image","twitter_misc":{"Gesch\u00e4tzte Lesezeit":"15\u00a0Minuten"},"schema":{"@context":"https:\/\/schema.org","@graph":[{"@type":"WebPage","@id":"https:\/\/centrogoethe.com\/terminos-y-condiciones\/","url":"https:\/\/centrogoethe.com\/terminos-y-condiciones\/","name":"T\u00e9rminos y Condiciones - Centro Goethe","isPartOf":{"@id":"https:\/\/centrogoethe.com\/#website"},"datePublished":"2025-06-30T15:30:43+00:00","dateModified":"2026-03-03T03:51:58+00:00","breadcrumb":{"@id":"https:\/\/centrogoethe.com\/terminos-y-condiciones\/#breadcrumb"},"inLanguage":"de","potentialAction":[{"@type":"ReadAction","target":["https:\/\/centrogoethe.com\/terminos-y-condiciones\/"]}]},{"@type":"BreadcrumbList","@id":"https:\/\/centrogoethe.com\/terminos-y-condiciones\/#breadcrumb","itemListElement":[{"@type":"ListItem","position":1,"name":"Portada","item":"https:\/\/centrogoethe.com\/"},{"@type":"ListItem","position":2,"name":"T\u00e9rminos y Condiciones"}]},{"@type":"WebSite","@id":"https:\/\/centrogoethe.com\/#website","url":"https:\/\/centrogoethe.com\/","name":"Goethe-Zentrum","description":"Aprend\u00e9 alem\u00e1n con calidad internacional en Costa Rica","publisher":{"@id":"https:\/\/centrogoethe.com\/#organization"},"alternateName":"Centro Goethe Costa Rica","potentialAction":[{"@type":"SearchAction","target":{"@type":"EntryPoint","urlTemplate":"https:\/\/centrogoethe.com\/?s={search_term_string}"},"query-input":{"@type":"PropertyValueSpecification","valueRequired":true,"valueName":"search_term_string"}}],"inLanguage":"de"},{"@type":"Organization","@id":"https:\/\/centrogoethe.com\/#organization","name":"Centro Goethe Costa Rica","alternateName":"Centro Goethe Costa Rica","url":"https:\/\/centrogoethe.com\/","logo":{"@type":"ImageObject","inLanguage":"de","@id":"https:\/\/centrogoethe.com\/#\/schema\/logo\/image\/","url":"https:\/\/centrogoethe.com\/wp-content\/uploads\/2025\/06\/Logo-CG-Black.svg","contentUrl":"https:\/\/centrogoethe.com\/wp-content\/uploads\/2025\/06\/Logo-CG-Black.svg","width":584,"height":97,"caption":"Centro Goethe Costa Rica"},"image":{"@id":"https:\/\/centrogoethe.com\/#\/schema\/logo\/image\/"},"sameAs":["https:\/\/www.facebook.com\/centrogoethecr\/","https:\/\/www.instagram.com\/goethezentrum_costarica\/"]}]}},"_links":{"self":[{"href":"https:\/\/centrogoethe.com\/de\/wp-json\/wp\/v2\/pages\/3","targetHints":{"allow":["GET"]}}],"collection":[{"href":"https:\/\/centrogoethe.com\/de\/wp-json\/wp\/v2\/pages"}],"about":[{"href":"https:\/\/centrogoethe.com\/de\/wp-json\/wp\/v2\/types\/page"}],"author":[{"embeddable":true,"href":"https:\/\/centrogoethe.com\/de\/wp-json\/wp\/v2\/users\/1"}],"replies":[{"embeddable":true,"href":"https:\/\/centrogoethe.com\/de\/wp-json\/wp\/v2\/comments?post=3"}],"version-history":[{"count":21,"href":"https:\/\/centrogoethe.com\/de\/wp-json\/wp\/v2\/pages\/3\/revisions"}],"predecessor-version":[{"id":2497,"href":"https:\/\/centrogoethe.com\/de\/wp-json\/wp\/v2\/pages\/3\/revisions\/2497"}],"wp:attachment":[{"href":"https:\/\/centrogoethe.com\/de\/wp-json\/wp\/v2\/media?parent=3"}],"curies":[{"name":"wp","href":"https:\/\/api.w.org\/{rel}","templated":true}]}}