{"id":2541,"date":"2026-03-16T12:18:43","date_gmt":"2026-03-16T18:18:43","guid":{"rendered":"https:\/\/centrogoethe.com\/?page_id=2541"},"modified":"2026-03-18T10:47:46","modified_gmt":"2026-03-18T16:47:46","slug":"goethe-bonus","status":"publish","type":"page","link":"https:\/\/centrogoethe.com\/de\/goethe-bonus\/","title":{"rendered":"Goethe Bonus"},"content":{"rendered":"\t\t<div data-elementor-type=\"wp-page\" data-elementor-id=\"2541\" class=\"elementor elementor-2541\" data-elementor-post-type=\"page\">\n\t\t\t\t<div class=\"elementor-element elementor-element-b67367d e-flex e-con-boxed e-con e-parent\" data-id=\"b67367d\" data-element_type=\"container\" data-e-type=\"container\" data-settings=\"{&quot;jet_parallax_layout_list&quot;:[]}\">\n\t\t\t\t\t<div class=\"e-con-inner\">\n\t\t<div class=\"elementor-element elementor-element-e290dcc e-con-full e-flex e-con e-child\" data-id=\"e290dcc\" data-element_type=\"container\" data-e-type=\"container\" data-settings=\"{&quot;jet_parallax_layout_list&quot;:[]}\">\n\t\t\t\t<div class=\"elementor-element elementor-element-64022c6 elementor-widget elementor-widget-heading\" data-id=\"64022c6\" data-element_type=\"widget\" data-e-type=\"widget\" data-widget_type=\"heading.default\">\n\t\t\t\t<div class=\"elementor-widget-container\">\n\t\t\t\t\t<h2 class=\"elementor-heading-title elementor-size-default\">Goethe Bonus<\/h2>\t\t\t\t<\/div>\n\t\t\t\t<\/div>\n\t\t\t\t<\/div>\n\t\t\t\t\t<\/div>\n\t\t\t\t<\/div>\n\t\t<div class=\"elementor-element elementor-element-f44925a e-flex e-con-boxed e-con e-parent\" data-id=\"f44925a\" data-element_type=\"container\" data-e-type=\"container\" data-settings=\"{&quot;jet_parallax_layout_list&quot;:[]}\">\n\t\t\t\t\t<div class=\"e-con-inner\">\n\t\t\t\t<div class=\"elementor-element elementor-element-ea5cd20 elementor-widget__width-initial elementor-widget elementor-widget-text-editor\" data-id=\"ea5cd20\" data-element_type=\"widget\" data-e-type=\"widget\" data-widget_type=\"text-editor.default\">\n\t\t\t\t<div class=\"elementor-widget-container\">\n\t\t\t\t\t\t\t\t\t<p>Porque los detalles lo son todo. Disfrut\u00e1 ventajas exclusivas para estudiantes del Centro Goethe. Solo ten\u00e9s que mostrar tu carnet de estudiante y empezar a aprovechar los descuentos de <strong>Goethe Bonus<\/strong>.<\/p>\t\t\t\t\t\t\t\t<\/div>\n\t\t\t\t<\/div>\n\t\t\t\t\t<\/div>\n\t\t\t\t<\/div>\n\t\t<div class=\"elementor-element elementor-element-df1a0cd e-grid e-con-boxed e-con e-parent\" data-id=\"df1a0cd\" data-element_type=\"container\" data-e-type=\"container\" data-settings=\"{&quot;jet_parallax_layout_list&quot;:[]}\">\n\t\t\t\t\t<div class=\"e-con-inner\">\n\t\t\t\t<div class=\"elementor-element elementor-element-0a77e91 elementor-position-top elementor-widget elementor-widget-image-box\" data-id=\"0a77e91\" data-element_type=\"widget\" data-e-type=\"widget\" data-widget_type=\"image-box.default\">\n\t\t\t\t<div class=\"elementor-widget-container\">\n\t\t\t\t\t<div class=\"elementor-image-box-wrapper\"><figure class=\"elementor-image-box-img\"><img fetchpriority=\"high\" decoding=\"async\" width=\"400\" height=\"300\" src=\"https:\/\/centrogoethe.com\/wp-content\/uploads\/2026\/03\/rt2.jpg\" class=\"attachment-full size-full wp-image-2545\" alt=\"\" srcset=\"https:\/\/centrogoethe.com\/wp-content\/uploads\/2026\/03\/rt2.jpg 400w, https:\/\/centrogoethe.com\/wp-content\/uploads\/2026\/03\/rt2-300x225.jpg 300w, https:\/\/centrogoethe.com\/wp-content\/uploads\/2026\/03\/rt2-16x12.jpg 16w\" sizes=\"(max-width: 400px) 100vw, 400px\" \/><\/figure><div class=\"elementor-image-box-content\"><h3 class=\"elementor-image-box-title\">RockTown<\/h3><p class=\"elementor-image-box-description\">15% descuento en membres\u00eda.<\/p><\/div><\/div>\t\t\t\t<\/div>\n\t\t\t\t<\/div>\n\t\t\t\t<div class=\"elementor-element elementor-element-0782d26 elementor-position-top elementor-widget elementor-widget-image-box\" data-id=\"0782d26\" data-element_type=\"widget\" data-e-type=\"widget\" data-widget_type=\"image-box.default\">\n\t\t\t\t<div class=\"elementor-widget-container\">\n\t\t\t\t\t<div class=\"elementor-image-box-wrapper\"><figure class=\"elementor-image-box-img\"><img decoding=\"async\" width=\"400\" height=\"300\" src=\"https:\/\/centrogoethe.com\/wp-content\/uploads\/2026\/03\/ods.jpg\" class=\"attachment-full size-full wp-image-2548\" alt=\"\" srcset=\"https:\/\/centrogoethe.com\/wp-content\/uploads\/2026\/03\/ods.jpg 400w, https:\/\/centrogoethe.com\/wp-content\/uploads\/2026\/03\/ods-300x225.jpg 300w, https:\/\/centrogoethe.com\/wp-content\/uploads\/2026\/03\/ods-16x12.jpg 16w\" sizes=\"(max-width: 400px) 100vw, 400px\" \/><\/figure><div class=\"elementor-image-box-content\"><h3 class=\"elementor-image-box-title\">OdontoSalud<\/h3><p class=\"elementor-image-box-description\">15% tratamiento<\/p><\/div><\/div>\t\t\t\t<\/div>\n\t\t\t\t<\/div>\n\t\t\t\t<div class=\"elementor-element elementor-element-a7fc933 elementor-position-top elementor-widget elementor-widget-image-box\" data-id=\"a7fc933\" data-element_type=\"widget\" data-e-type=\"widget\" data-widget_type=\"image-box.default\">\n\t\t\t\t<div class=\"elementor-widget-container\">\n\t\t\t\t\t<div class=\"elementor-image-box-wrapper\"><figure class=\"elementor-image-box-img\"><img decoding=\"async\" width=\"400\" height=\"300\" src=\"https:\/\/centrogoethe.com\/wp-content\/uploads\/2026\/03\/klea.jpg\" class=\"attachment-full size-full wp-image-2547\" alt=\"\" srcset=\"https:\/\/centrogoethe.com\/wp-content\/uploads\/2026\/03\/klea.jpg 400w, https:\/\/centrogoethe.com\/wp-content\/uploads\/2026\/03\/klea-300x225.jpg 300w, https:\/\/centrogoethe.com\/wp-content\/uploads\/2026\/03\/klea-16x12.jpg 16w\" sizes=\"(max-width: 400px) 100vw, 400px\" \/><\/figure><div class=\"elementor-image-box-content\"><h3 class=\"elementor-image-box-title\">kleantab<\/h3><p class=\"elementor-image-box-description\">30% descuento<\/p><\/div><\/div>\t\t\t\t<\/div>\n\t\t\t\t<\/div>\n\t\t\t\t<div class=\"elementor-element elementor-element-14d4c78 elementor-position-top elementor-widget elementor-widget-image-box\" data-id=\"14d4c78\" data-element_type=\"widget\" data-e-type=\"widget\" data-widget_type=\"image-box.default\">\n\t\t\t\t<div class=\"elementor-widget-container\">\n\t\t\t\t\t<div class=\"elementor-image-box-wrapper\"><figure class=\"elementor-image-box-img\"><img loading=\"lazy\" decoding=\"async\" width=\"400\" height=\"300\" src=\"https:\/\/centrogoethe.com\/wp-content\/uploads\/2026\/03\/bh.jpg\" class=\"attachment-full size-full wp-image-2546\" alt=\"\" srcset=\"https:\/\/centrogoethe.com\/wp-content\/uploads\/2026\/03\/bh.jpg 400w, https:\/\/centrogoethe.com\/wp-content\/uploads\/2026\/03\/bh-300x225.jpg 300w, https:\/\/centrogoethe.com\/wp-content\/uploads\/2026\/03\/bh-16x12.jpg 16w\" sizes=\"(max-width: 400px) 100vw, 400px\" \/><\/figure><div class=\"elementor-image-box-content\"><h3 class=\"elementor-image-box-title\">Bread House<\/h3><p class=\"elementor-image-box-description\">10% en men\u00fa y cupones trimestrales<\/p><\/div><\/div>\t\t\t\t<\/div>\n\t\t\t\t<\/div>\n\t\t\t\t<div class=\"elementor-element elementor-element-cfce670 elementor-position-top elementor-widget elementor-widget-image-box\" data-id=\"cfce670\" data-element_type=\"widget\" data-e-type=\"widget\" data-widget_type=\"image-box.default\">\n\t\t\t\t<div class=\"elementor-widget-container\">\n\t\t\t\t\t<div class=\"elementor-image-box-wrapper\"><figure class=\"elementor-image-box-img\"><img loading=\"lazy\" decoding=\"async\" width=\"400\" height=\"300\" src=\"https:\/\/centrogoethe.com\/wp-content\/uploads\/2026\/03\/g.jpg\" class=\"attachment-full size-full wp-image-2549\" alt=\"\" srcset=\"https:\/\/centrogoethe.com\/wp-content\/uploads\/2026\/03\/g.jpg 400w, https:\/\/centrogoethe.com\/wp-content\/uploads\/2026\/03\/g-300x225.jpg 300w, https:\/\/centrogoethe.com\/wp-content\/uploads\/2026\/03\/g-16x12.jpg 16w\" sizes=\"(max-width: 400px) 100vw, 400px\" \/><\/figure><div class=\"elementor-image-box-content\"><h3 class=\"elementor-image-box-title\">Gl\u00fchwein von Malchus<\/h3><p class=\"elementor-image-box-description\">10% de descuento<\/p><\/div><\/div>\t\t\t\t<\/div>\n\t\t\t\t<\/div>\n\t\t\t\t<div class=\"elementor-element elementor-element-355af50 elementor-position-top elementor-widget elementor-widget-image-box\" data-id=\"355af50\" data-element_type=\"widget\" data-e-type=\"widget\" data-widget_type=\"image-box.default\">\n\t\t\t\t<div class=\"elementor-widget-container\">\n\t\t\t\t\t<div class=\"elementor-image-box-wrapper\"><figure class=\"elementor-image-box-img\"><img loading=\"lazy\" decoding=\"async\" width=\"400\" height=\"300\" src=\"https:\/\/centrogoethe.com\/wp-content\/uploads\/2026\/03\/ck.jpg\" class=\"attachment-full size-full wp-image-2550\" alt=\"\" srcset=\"https:\/\/centrogoethe.com\/wp-content\/uploads\/2026\/03\/ck.jpg 400w, https:\/\/centrogoethe.com\/wp-content\/uploads\/2026\/03\/ck-300x225.jpg 300w, https:\/\/centrogoethe.com\/wp-content\/uploads\/2026\/03\/ck-16x12.jpg 16w\" sizes=\"(max-width: 400px) 100vw, 400px\" \/><\/figure><div class=\"elementor-image-box-content\"><h3 class=\"elementor-image-box-title\">Caf\u00e9 Kracovia<\/h3><p class=\"elementor-image-box-description\">20% descuento de 3-6pm<\/p><\/div><\/div>\t\t\t\t<\/div>\n\t\t\t\t<\/div>\n\t\t\t\t\t<\/div>\n\t\t\t\t<\/div>\n\t\t<div class=\"elementor-element elementor-element-6f28562 e-flex e-con-boxed e-con e-parent\" data-id=\"6f28562\" data-element_type=\"container\" data-e-type=\"container\" data-settings=\"{&quot;jet_parallax_layout_list&quot;:[]}\">\n\t\t\t\t\t<div class=\"e-con-inner\">\n\t\t\t\t<div class=\"elementor-element elementor-element-6a1a780 elementor-widget elementor-widget-n-accordion\" data-id=\"6a1a780\" data-element_type=\"widget\" data-e-type=\"widget\" data-settings=\"{&quot;default_state&quot;:&quot;all_collapsed&quot;,&quot;max_items_expended&quot;:&quot;one&quot;,&quot;n_accordion_animation_duration&quot;:{&quot;unit&quot;:&quot;ms&quot;,&quot;size&quot;:400,&quot;sizes&quot;:[]}}\" data-widget_type=\"nested-accordion.default\">\n\t\t\t\t<div class=\"elementor-widget-container\">\n\t\t\t\t\t\t\t<div class=\"e-n-accordion\" aria-label=\"Accordion. Open links with Enter or Space, close with Escape, and navigate with Arrow Keys\">\n\t\t\t\t\t\t<details id=\"e-n-accordion-item-1110\" class=\"e-n-accordion-item\" >\n\t\t\t\t<summary class=\"e-n-accordion-item-title\" data-accordion-index=\"1\" tabindex=\"0\" aria-expanded=\"false\" aria-controls=\"e-n-accordion-item-1110\" >\n\t\t\t\t\t<span class='e-n-accordion-item-title-header'><div class=\"e-n-accordion-item-title-text\"> Gu\u00eda paso a paso: C\u00f3mo descargar tu carnet Goethe Bonus <\/div><\/span>\n\t\t\t\t\t\t\t<span class='e-n-accordion-item-title-icon'>\n\t\t\t<span class='e-opened' ><svg aria-hidden=\"true\" class=\"e-font-icon-svg e-fas-minus\" viewBox=\"0 0 448 512\" xmlns=\"http:\/\/www.w3.org\/2000\/svg\"><path d=\"M416 208H32c-17.67 0-32 14.33-32 32v32c0 17.67 14.33 32 32 32h384c17.67 0 32-14.33 32-32v-32c0-17.67-14.33-32-32-32z\"><\/path><\/svg><\/span>\n\t\t\t<span class='e-closed'><svg aria-hidden=\"true\" class=\"e-font-icon-svg e-fas-plus\" viewBox=\"0 0 448 512\" xmlns=\"http:\/\/www.w3.org\/2000\/svg\"><path d=\"M416 208H272V64c0-17.67-14.33-32-32-32h-32c-17.67 0-32 14.33-32 32v144H32c-17.67 0-32 14.33-32 32v32c0 17.67 14.33 32 32 32h144v144c0 17.67 14.33 32 32 32h32c17.67 0 32-14.33 32-32V304h144c17.67 0 32-14.33 32-32v-32c0-17.67-14.33-32-32-32z\"><\/path><\/svg><\/span>\n\t\t<\/span>\n\n\t\t\t\t\t\t<\/summary>\n\t\t\t\t<div role=\"region\" aria-labelledby=\"e-n-accordion-item-1110\" class=\"elementor-element elementor-element-5432ef5 e-con-full e-flex e-con e-child\" data-id=\"5432ef5\" data-element_type=\"container\" data-e-type=\"container\" data-settings=\"{&quot;jet_parallax_layout_list&quot;:[]}\">\n\t\t\t\t<div class=\"elementor-element elementor-element-b0ba523 elementor-widget elementor-widget-html\" data-id=\"b0ba523\" data-element_type=\"widget\" data-e-type=\"widget\" data-widget_type=\"html.default\">\n\t\t\t\t<div class=\"elementor-widget-container\">\n\t\t\t\t\t<img decoding=\"async\" style=\"max-width: 100%; height: auto; border-radius: 8px;\" src=\"https:\/\/centrogoethe.com\/wp-content\/uploads\/2025\/10\/1-Carnet-estudiante-2.gif\" alt=\"Carnet de Estudiante Goethe Plus - Le Petit Plus\" \/>\t\t\t\t<\/div>\n\t\t\t\t<\/div>\n\t\t\t\t<\/div>\n\t\t\t\t\t<\/details>\n\t\t\t\t\t<\/div>\n\t\t\t\t\t<script type=\"application\/ld+json\">{\"@context\":\"https:\\\/\\\/schema.org\",\"@type\":\"FAQPage\",\"mainEntity\":[{\"@type\":\"Question\",\"name\":\"Gu\\u00eda paso a paso: C\\u00f3mo descargar tu carnet Goethe Bonus\",\"acceptedAnswer\":{\"@type\":\"Answer\",\"text\":\"\"}}]}<\/script>\n\t\t\t\t\t\t\t<\/div>\n\t\t\t\t<\/div>\n\t\t\t\t\t<\/div>\n\t\t\t\t<\/div>\n\t\t\t\t<\/div>\n\t\t","protected":false},"excerpt":{"rendered":"<p>Porque los detalles lo son todo. Disfrut\u00e1 ventajas exclusivas para estudiantes del Centro Goethe. Solo ten\u00e9s que mostrar tu carnet de estudiante y empezar a aprovechar los descuentos de Goethe Bonus. RockTown 15% descuento en membres\u00eda. OdontoSalud 15% tratamiento kleantab 30% descuento Bread House 10% en men\u00fa y cupones trimestrales Gl\u00fchwein von Malchus 10% de [&hellip;]<\/p>\n","protected":false},"author":1,"featured_media":0,"parent":0,"menu_order":0,"comment_status":"closed","ping_status":"closed","template":"","meta":{"inline_featured_image":false,"_joinchat":[],"footnotes":""},"class_list":["post-2541","page","type-page","status-publish","hentry"],"yoast_head":"<!-- This site is optimized with the Yoast SEO plugin v27.1.1 - https:\/\/yoast.com\/product\/yoast-seo-wordpress\/ -->\n<title>Goethe Bonus - Centro Goethe<\/title>\n<meta name=\"robots\" content=\"index, follow, max-snippet:-1, max-image-preview:large, max-video-preview:-1\" \/>\n<link rel=\"canonical\" href=\"https:\/\/centrogoethe.com\/de\/goethe-bonus\/\" \/>\n<meta property=\"og:locale\" content=\"de_DE\" \/>\n<meta property=\"og:type\" content=\"article\" \/>\n<meta property=\"og:title\" content=\"Goethe Bonus - Centro Goethe\" \/>\n<meta property=\"og:description\" content=\"Porque los detalles lo son todo. Disfrut\u00e1 ventajas exclusivas para estudiantes del Centro Goethe. Solo ten\u00e9s que mostrar tu carnet de estudiante y empezar a aprovechar los descuentos de Goethe Bonus. RockTown 15% descuento en membres\u00eda. OdontoSalud 15% tratamiento kleantab 30% descuento Bread House 10% en men\u00fa y cupones trimestrales Gl\u00fchwein von Malchus 10% de [&hellip;]\" \/>\n<meta property=\"og:url\" content=\"https:\/\/centrogoethe.com\/de\/goethe-bonus\/\" \/>\n<meta property=\"og:site_name\" content=\"Centro Goethe\" \/>\n<meta property=\"article:publisher\" content=\"https:\/\/www.facebook.com\/centrogoethecr\/\" \/>\n<meta property=\"article:modified_time\" content=\"2026-03-18T16:47:46+00:00\" \/>\n<meta property=\"og:image\" content=\"https:\/\/centrogoethe.com\/wp-content\/uploads\/2026\/03\/rt2.jpg\" \/>\n\t<meta property=\"og:image:width\" content=\"400\" \/>\n\t<meta property=\"og:image:height\" content=\"300\" \/>\n\t<meta property=\"og:image:type\" content=\"image\/jpeg\" \/>\n<meta name=\"twitter:card\" content=\"summary_large_image\" \/>\n<meta name=\"twitter:label1\" content=\"Gesch\u00e4tzte Lesezeit\" \/>\n\t<meta name=\"twitter:data1\" content=\"2\u00a0Minuten\" \/>\n<script type=\"application\/ld+json\" class=\"yoast-schema-graph\">{\"@context\":\"https:\/\/schema.org\",\"@graph\":[{\"@type\":\"WebPage\",\"@id\":\"https:\/\/centrogoethe.com\/goethe-bonus\/\",\"url\":\"https:\/\/centrogoethe.com\/goethe-bonus\/\",\"name\":\"Goethe Bonus - Centro Goethe\",\"isPartOf\":{\"@id\":\"https:\/\/centrogoethe.com\/#website\"},\"primaryImageOfPage\":{\"@id\":\"https:\/\/centrogoethe.com\/goethe-bonus\/#primaryimage\"},\"image\":{\"@id\":\"https:\/\/centrogoethe.com\/goethe-bonus\/#primaryimage\"},\"thumbnailUrl\":\"https:\/\/centrogoethe.com\/wp-content\/uploads\/2026\/03\/rt2.jpg\",\"datePublished\":\"2026-03-16T18:18:43+00:00\",\"dateModified\":\"2026-03-18T16:47:46+00:00\",\"breadcrumb\":{\"@id\":\"https:\/\/centrogoethe.com\/goethe-bonus\/#breadcrumb\"},\"inLanguage\":\"de\",\"potentialAction\":[{\"@type\":\"ReadAction\",\"target\":[\"https:\/\/centrogoethe.com\/goethe-bonus\/\"]}]},{\"@type\":\"ImageObject\",\"inLanguage\":\"de\",\"@id\":\"https:\/\/centrogoethe.com\/goethe-bonus\/#primaryimage\",\"url\":\"https:\/\/centrogoethe.com\/wp-content\/uploads\/2026\/03\/rt2.jpg\",\"contentUrl\":\"https:\/\/centrogoethe.com\/wp-content\/uploads\/2026\/03\/rt2.jpg\"},{\"@type\":\"BreadcrumbList\",\"@id\":\"https:\/\/centrogoethe.com\/goethe-bonus\/#breadcrumb\",\"itemListElement\":[{\"@type\":\"ListItem\",\"position\":1,\"name\":\"Portada\",\"item\":\"https:\/\/centrogoethe.com\/\"},{\"@type\":\"ListItem\",\"position\":2,\"name\":\"Goethe Bonus\"}]},{\"@type\":\"WebSite\",\"@id\":\"https:\/\/centrogoethe.com\/#website\",\"url\":\"https:\/\/centrogoethe.com\/\",\"name\":\"Centro Goethe\",\"description\":\"Aprend\u00e9 alem\u00e1n con calidad internacional en Costa Rica\",\"publisher\":{\"@id\":\"https:\/\/centrogoethe.com\/#organization\"},\"alternateName\":\"Centro Goethe Costa Rica\",\"potentialAction\":[{\"@type\":\"SearchAction\",\"target\":{\"@type\":\"EntryPoint\",\"urlTemplate\":\"https:\/\/centrogoethe.com\/?s={search_term_string}\"},\"query-input\":{\"@type\":\"PropertyValueSpecification\",\"valueRequired\":true,\"valueName\":\"search_term_string\"}}],\"inLanguage\":\"de\"},{\"@type\":\"Organization\",\"@id\":\"https:\/\/centrogoethe.com\/#organization\",\"name\":\"Centro Goethe Costa Rica\",\"alternateName\":\"Centro Goethe Costa Rica\",\"url\":\"https:\/\/centrogoethe.com\/\",\"logo\":{\"@type\":\"ImageObject\",\"inLanguage\":\"de\",\"@id\":\"https:\/\/centrogoethe.com\/#\/schema\/logo\/image\/\",\"url\":\"https:\/\/centrogoethe.com\/wp-content\/uploads\/2025\/06\/Logo-CG-Black.svg\",\"contentUrl\":\"https:\/\/centrogoethe.com\/wp-content\/uploads\/2025\/06\/Logo-CG-Black.svg\",\"width\":584,\"height\":97,\"caption\":\"Centro Goethe Costa Rica\"},\"image\":{\"@id\":\"https:\/\/centrogoethe.com\/#\/schema\/logo\/image\/\"},\"sameAs\":[\"https:\/\/www.facebook.com\/centrogoethecr\/\",\"https:\/\/www.instagram.com\/goethezentrum_costarica\/\"]}]}<\/script>\n<!-- \/ Yoast SEO plugin. -->","yoast_head_json":{"title":"Goethe Bonus - Centro Goethe","robots":{"index":"index","follow":"follow","max-snippet":"max-snippet:-1","max-image-preview":"max-image-preview:large","max-video-preview":"max-video-preview:-1"},"canonical":"https:\/\/centrogoethe.com\/de\/goethe-bonus\/","og_locale":"de_DE","og_type":"article","og_title":"Goethe Bonus - Centro Goethe","og_description":"Porque los detalles lo son todo. Disfrut\u00e1 ventajas exclusivas para estudiantes del Centro Goethe. Solo ten\u00e9s que mostrar tu carnet de estudiante y empezar a aprovechar los descuentos de Goethe Bonus. RockTown 15% descuento en membres\u00eda. OdontoSalud 15% tratamiento kleantab 30% descuento Bread House 10% en men\u00fa y cupones trimestrales Gl\u00fchwein von Malchus 10% de [&hellip;]","og_url":"https:\/\/centrogoethe.com\/de\/goethe-bonus\/","og_site_name":"Centro Goethe","article_publisher":"https:\/\/www.facebook.com\/centrogoethecr\/","article_modified_time":"2026-03-18T16:47:46+00:00","og_image":[{"width":400,"height":300,"url":"https:\/\/centrogoethe.com\/wp-content\/uploads\/2026\/03\/rt2.jpg","type":"image\/jpeg"}],"twitter_card":"summary_large_image","twitter_misc":{"Gesch\u00e4tzte Lesezeit":"2\u00a0Minuten"},"schema":{"@context":"https:\/\/schema.org","@graph":[{"@type":"WebPage","@id":"https:\/\/centrogoethe.com\/goethe-bonus\/","url":"https:\/\/centrogoethe.com\/goethe-bonus\/","name":"Goethe Bonus - Centro Goethe","isPartOf":{"@id":"https:\/\/centrogoethe.com\/#website"},"primaryImageOfPage":{"@id":"https:\/\/centrogoethe.com\/goethe-bonus\/#primaryimage"},"image":{"@id":"https:\/\/centrogoethe.com\/goethe-bonus\/#primaryimage"},"thumbnailUrl":"https:\/\/centrogoethe.com\/wp-content\/uploads\/2026\/03\/rt2.jpg","datePublished":"2026-03-16T18:18:43+00:00","dateModified":"2026-03-18T16:47:46+00:00","breadcrumb":{"@id":"https:\/\/centrogoethe.com\/goethe-bonus\/#breadcrumb"},"inLanguage":"de","potentialAction":[{"@type":"ReadAction","target":["https:\/\/centrogoethe.com\/goethe-bonus\/"]}]},{"@type":"ImageObject","inLanguage":"de","@id":"https:\/\/centrogoethe.com\/goethe-bonus\/#primaryimage","url":"https:\/\/centrogoethe.com\/wp-content\/uploads\/2026\/03\/rt2.jpg","contentUrl":"https:\/\/centrogoethe.com\/wp-content\/uploads\/2026\/03\/rt2.jpg"},{"@type":"BreadcrumbList","@id":"https:\/\/centrogoethe.com\/goethe-bonus\/#breadcrumb","itemListElement":[{"@type":"ListItem","position":1,"name":"Portada","item":"https:\/\/centrogoethe.com\/"},{"@type":"ListItem","position":2,"name":"Goethe Bonus"}]},{"@type":"WebSite","@id":"https:\/\/centrogoethe.com\/#website","url":"https:\/\/centrogoethe.com\/","name":"Goethe-Zentrum","description":"Aprend\u00e9 alem\u00e1n con calidad internacional en Costa Rica","publisher":{"@id":"https:\/\/centrogoethe.com\/#organization"},"alternateName":"Centro Goethe Costa Rica","potentialAction":[{"@type":"SearchAction","target":{"@type":"EntryPoint","urlTemplate":"https:\/\/centrogoethe.com\/?s={search_term_string}"},"query-input":{"@type":"PropertyValueSpecification","valueRequired":true,"valueName":"search_term_string"}}],"inLanguage":"de"},{"@type":"Organization","@id":"https:\/\/centrogoethe.com\/#organization","name":"Centro Goethe Costa Rica","alternateName":"Centro Goethe Costa Rica","url":"https:\/\/centrogoethe.com\/","logo":{"@type":"ImageObject","inLanguage":"de","@id":"https:\/\/centrogoethe.com\/#\/schema\/logo\/image\/","url":"https:\/\/centrogoethe.com\/wp-content\/uploads\/2025\/06\/Logo-CG-Black.svg","contentUrl":"https:\/\/centrogoethe.com\/wp-content\/uploads\/2025\/06\/Logo-CG-Black.svg","width":584,"height":97,"caption":"Centro Goethe Costa Rica"},"image":{"@id":"https:\/\/centrogoethe.com\/#\/schema\/logo\/image\/"},"sameAs":["https:\/\/www.facebook.com\/centrogoethecr\/","https:\/\/www.instagram.com\/goethezentrum_costarica\/"]}]}},"_links":{"self":[{"href":"https:\/\/centrogoethe.com\/de\/wp-json\/wp\/v2\/pages\/2541","targetHints":{"allow":["GET"]}}],"collection":[{"href":"https:\/\/centrogoethe.com\/de\/wp-json\/wp\/v2\/pages"}],"about":[{"href":"https:\/\/centrogoethe.com\/de\/wp-json\/wp\/v2\/types\/page"}],"author":[{"embeddable":true,"href":"https:\/\/centrogoethe.com\/de\/wp-json\/wp\/v2\/users\/1"}],"replies":[{"embeddable":true,"href":"https:\/\/centrogoethe.com\/de\/wp-json\/wp\/v2\/comments?post=2541"}],"version-history":[{"count":52,"href":"https:\/\/centrogoethe.com\/de\/wp-json\/wp\/v2\/pages\/2541\/revisions"}],"predecessor-version":[{"id":2603,"href":"https:\/\/centrogoethe.com\/de\/wp-json\/wp\/v2\/pages\/2541\/revisions\/2603"}],"wp:attachment":[{"href":"https:\/\/centrogoethe.com\/de\/wp-json\/wp\/v2\/media?parent=2541"}],"curies":[{"name":"wp","href":"https:\/\/api.w.org\/{rel}","templated":true}]}}