{"id":2443,"date":"2026-02-05T16:20:57","date_gmt":"2026-02-05T22:20:57","guid":{"rendered":"https:\/\/centrogoethe.com\/?page_id=2443"},"modified":"2026-02-06T09:32:18","modified_gmt":"2026-02-06T15:32:18","slug":"beca-premio","status":"publish","type":"page","link":"https:\/\/centrogoethe.com\/de\/beca-premio\/","title":{"rendered":"Beca Premio"},"content":{"rendered":"<div data-elementor-type=\"wp-page\" data-elementor-id=\"2443\" class=\"elementor elementor-2443\" data-elementor-post-type=\"page\">\n\t\t\t\t<div class=\"elementor-element elementor-element-8e8dc7c e-flex e-con-boxed e-con e-parent\" data-id=\"8e8dc7c\" data-element_type=\"container\" data-e-type=\"container\" data-settings=\"{&quot;jet_parallax_layout_list&quot;:[]}\">\n\t\t\t\t\t<div class=\"e-con-inner\">\n\t\t<div class=\"elementor-element elementor-element-c151dc8 e-con-full e-flex e-con e-child\" data-id=\"c151dc8\" data-element_type=\"container\" data-e-type=\"container\" data-settings=\"{&quot;jet_parallax_layout_list&quot;:[]}\">\n\t\t\t\t<div class=\"elementor-element elementor-element-ec1c569 elementor-widget elementor-widget-heading\" data-id=\"ec1c569\" data-element_type=\"widget\" data-e-type=\"widget\" data-widget_type=\"heading.default\">\n\t\t\t\t<div class=\"elementor-widget-container\">\n\t\t\t\t\t<h2 class=\"elementor-heading-title elementor-size-default\">Beca Premio<\/h2>\t\t\t\t<\/div>\n\t\t\t\t<\/div>\n\t\t\t\t<\/div>\n\t\t\t\t<div class=\"elementor-element elementor-element-811eaa5 elementor-widget elementor-widget-image\" data-id=\"811eaa5\" data-element_type=\"widget\" data-e-type=\"widget\" data-widget_type=\"image.default\">\n\t\t\t\t<div class=\"elementor-widget-container\">\n\t\t\t\t\t\t\t\t\t\t\t\t\t\t\t<img fetchpriority=\"high\" decoding=\"async\" width=\"800\" height=\"450\" src=\"https:\/\/centrogoethe.com\/wp-content\/uploads\/2026\/02\/cityscape-frankfurt-downtown-sunset-germany-1024x576.jpg\" class=\"attachment-large size-large wp-image-2474\" alt=\"\" srcset=\"https:\/\/centrogoethe.com\/wp-content\/uploads\/2026\/02\/cityscape-frankfurt-downtown-sunset-germany-1024x576.jpg 1024w, https:\/\/centrogoethe.com\/wp-content\/uploads\/2026\/02\/cityscape-frankfurt-downtown-sunset-germany-300x169.jpg 300w, https:\/\/centrogoethe.com\/wp-content\/uploads\/2026\/02\/cityscape-frankfurt-downtown-sunset-germany-768x432.jpg 768w, https:\/\/centrogoethe.com\/wp-content\/uploads\/2026\/02\/cityscape-frankfurt-downtown-sunset-germany-1536x864.jpg 1536w, https:\/\/centrogoethe.com\/wp-content\/uploads\/2026\/02\/cityscape-frankfurt-downtown-sunset-germany-2048x1152.jpg 2048w, https:\/\/centrogoethe.com\/wp-content\/uploads\/2026\/02\/cityscape-frankfurt-downtown-sunset-germany-18x10.jpg 18w\" sizes=\"(max-width: 800px) 100vw, 800px\" \/>\t\t\t\t\t\t\t\t\t\t\t\t\t\t\t<\/div>\n\t\t\t\t<\/div>\n\t\t\t\t\t<\/div>\n\t\t\t\t<\/div>\n\t\t<div class=\"elementor-element elementor-element-508b37e e-flex e-con-boxed e-con e-parent\" data-id=\"508b37e\" data-element_type=\"container\" data-e-type=\"container\" data-settings=\"{&quot;jet_parallax_layout_list&quot;:[]}\">\n\t\t\t\t\t<div class=\"e-con-inner\">\n\t\t\t\t<div class=\"elementor-element elementor-element-5be30c9 elementor-widget elementor-widget-text-editor\" data-id=\"5be30c9\" data-element_type=\"widget\" data-e-type=\"widget\" data-widget_type=\"text-editor.default\">\n\t\t\t\t<div class=\"elementor-widget-container\">\n\t\t\t\t\t<style>.elementor-element-5be30c9{display:none !important}<\/style>\t\t\t\t<\/div>\n\t\t\t\t<\/div>\n\t\t\t\t<div class=\"elementor-element elementor-element-cf829f7 elementor-widget elementor-widget-text-editor\" data-id=\"cf829f7\" data-element_type=\"widget\" data-e-type=\"widget\" data-widget_type=\"text-editor.default\">\n\t\t\t\t<div class=\"elementor-widget-container\">\n\t\t\t\t\t\t\t\t\t<h2><b>Allgemeine Informationen<\/b><\/h2><p class=\"p3\">Unsere Institution, das Centro Goethe de Costa Rica, s. c., ist ein Kooperationspartner des Goethe-Instituts. Durch die Kooperation mit dem Goethe-Institut erh\u00e4lt das Goethe Zentrum jedes Jahr ein Stipendium f\u00fcr einen Deutschkurs an einem der Standorte des Goethe-Instituts in Deutschland.<\/p><p class=\"p3\">Das Goethe-Zentrum Costa Rica vergibt dieses Stipendium, um seine Studierenden zu motivieren, ihren Einsatz und ihre Ausdauer, ihre guten akademischen Leistungen und ihr Interesse an der deutschen Sprache und der deutschsprachigen Kultur zu w\u00fcrdigen.<\/p><hr \/><h2><b>Leistungen des Stipendiums<\/b><\/h2><ul><li><p class=\"p1\">Deutschkurs am Goethe-Institut in Deutschland f\u00fcr zwei Wochen.<\/p><\/li><li><p class=\"p1\">Transport, Unterkunft und Krankenversicherung inklusive.<\/p><\/li><li><p class=\"p1\">Eintauchen in die deutsche Kultur und das Alltagsleben.<\/p><\/li><li><p class=\"p1\">Hochwertige Intensivkurse.<\/p><\/li><li><p class=\"p1\">Zugang zu multimedialem Lehrmaterial und Kulturprogrammen.<\/p><\/li><\/ul><hr \/><h2><b>Bewerbungsvoraussetzungen<\/b><\/h2><ul><li><p class=\"p1\">Eingeschrieben in einem Kurs auf dem Niveau B2 oder h\u00f6her im zweiten Kursabschnitt*.<\/p><\/li><li><p class=\"p1\">Bestehen von mindestens sechs regul\u00e4ren Kursen oder der entsprechenden Anzahl von Intensivkursen*.<\/p><\/li><li><p class=\"p1\">Gute akademische Leistungen und regelm\u00e4\u00dfige Anwesenheit.<\/p><\/li><li><p class=\"p1\">Kein vorheriges Stipendium einer deutschen Institution.<\/p><\/li><\/ul><p class=\"p3\">* am Goethe-Zentrum Costa Rica.<\/p><hr \/><h2><b>Bewerbungsverfahren und Auswahl des\/der Gewinner\/in<\/b><\/h2><ul><li><p class=\"p1\">Einsenden einer Kopie des Reisepasses und eines Motivationsschreibens in deutscher Sprache (PDF-Format).<\/p><\/li><li><p class=\"p1\">Die Motivationsschreiben werden von einer Kommission bewertet.<\/p><\/li><li><p class=\"p1\">Das Ergebnis wird auf der Website des Goethe-Zentrums und in den sozialen Medien ver\u00f6ffentlicht.<\/p><\/li><\/ul><hr \/><h2><b>Motivationsschreiben f\u00fcr ein Stipendium<\/b><\/h2><p class=\"p3\">Das Schreiben muss selbst\u00e4ndig, ohne fremde Hilfe und in deutscher Sprache verfasst werden. Es wird als normal und akzeptabel angesehen, dass das Schreiben Fehler enth\u00e4lt. Das Schreiben sollte eine Seite lang sein und die folgenden Informationen vollst\u00e4ndig enthalten:<\/p><ul><li><p class=\"p1\">Kurze Einleitung: Name und pers\u00f6nliche Angaben.<\/p><\/li><li><p class=\"p1\">Aufenthalt in deutschsprachigen L\u00e4ndern: Wenn Sie ein deutschsprachiges Land besucht haben, wann und wie lange.<\/p><\/li><li><p class=\"p1\">Deutschlernerfahrung: Wo und wie lange Sie Deutsch gelernt haben, und Ihre Erfahrungen beim Erlernen der Sprache.<\/p><\/li><li><p class=\"p1\">Pers\u00f6nliche Motivation: Pers\u00f6nliche Gr\u00fcnde f\u00fcr das Erlernen der deutschen Sprache.<\/p><\/li><li><p class=\"p1\">Warum Sie ein guter Kandidat sind: Begr\u00fcnden Sie, warum Sie sich f\u00fcr das Stipendium eignen.<\/p><\/li><\/ul><p class=\"p3\">Der Bewerber verpflichtet sich, wahrheitsgem\u00e4\u00dfe Angaben zu machen. Das Weglassen von Informationen kann zum Ausschluss f\u00fchren.<\/p><hr \/><h2><b>Verpflichtungen des Gewinners\/der Gewinnerin<\/b><\/h2><ul><li><p class=\"p1\">den Kurs in Deutschland zu besuchen und aktiv daran teilzunehmen.<\/p><\/li><li><p class=\"p1\">Die Ver\u00f6ffentlichung von pers\u00f6nlichen Daten im Zusammenhang mit dem Stipendium zuzulassen.<\/p><\/li><li><p class=\"p1\">W\u00f6chentliche Berichte \u00fcber die Erfahrungen in Deutschland und einen allgemeinen Bericht nach der R\u00fcckkehr zu schicken.<\/p><\/li><\/ul>\t\t\t\t\t\t\t\t<\/div>\n\t\t\t\t<\/div>\n\t\t\t\t\t<\/div>\n\t\t\t\t<\/div>\n\t\t\t\t<\/div>","protected":false},"excerpt":{"rendered":"<p>Nuestra instituci\u00f3n, el Centro Goethe de Costa Rica, s. c., es una instituci\u00f3n asociada al Instituto Goethe. A trav\u00e9s de la cooperaci\u00f3n con el Instituto Goethe, el Centro Goethe recibe, una vez al a\u00f1o, una beca para un curso de alem\u00e1n en una de las sedes del Instituto Goethe en Alemania. El Centro Goethe de [&hellip;]<\/p>\n","protected":false},"author":1,"featured_media":0,"parent":0,"menu_order":0,"comment_status":"closed","ping_status":"closed","template":"","meta":{"inline_featured_image":false,"_joinchat":[],"footnotes":""},"class_list":["post-2443","page","type-page","status-publish","hentry"],"yoast_head":"<!-- This site is optimized with the Yoast SEO plugin v27.3 - https:\/\/yoast.com\/product\/yoast-seo-wordpress\/ -->\n<title>Beca Premio - Centro Goethe<\/title>\n<meta name=\"robots\" content=\"index, follow, max-snippet:-1, max-image-preview:large, max-video-preview:-1\" \/>\n<link rel=\"canonical\" href=\"https:\/\/centrogoethe.com\/de\/beca-premio\/\" \/>\n<meta property=\"og:locale\" content=\"de_DE\" \/>\n<meta property=\"og:type\" content=\"article\" \/>\n<meta property=\"og:title\" content=\"Beca Premio - Centro Goethe\" \/>\n<meta property=\"og:description\" content=\"Nuestra instituci\u00f3n, el Centro Goethe de Costa Rica, s. c., es una instituci\u00f3n asociada al Instituto Goethe. A trav\u00e9s de la cooperaci\u00f3n con el Instituto Goethe, el Centro Goethe recibe, una vez al a\u00f1o, una beca para un curso de alem\u00e1n en una de las sedes del Instituto Goethe en Alemania. El Centro Goethe de [&hellip;]\" \/>\n<meta property=\"og:url\" content=\"https:\/\/centrogoethe.com\/de\/beca-premio\/\" \/>\n<meta property=\"og:site_name\" content=\"Centro Goethe\" \/>\n<meta property=\"article:publisher\" content=\"https:\/\/www.facebook.com\/centrogoethecr\/\" \/>\n<meta property=\"article:modified_time\" content=\"2026-02-06T15:32:18+00:00\" \/>\n<meta property=\"og:image\" content=\"https:\/\/centrogoethe.com\/wp-content\/uploads\/2026\/02\/cityscape-frankfurt-downtown-sunset-germany-1024x576.jpg\" \/>\n<meta name=\"twitter:card\" content=\"summary_large_image\" \/>\n<meta name=\"twitter:label1\" content=\"Gesch\u00e4tzte Lesezeit\" \/>\n\t<meta name=\"twitter:data1\" content=\"7\u00a0Minuten\" \/>\n<script type=\"application\/ld+json\" class=\"yoast-schema-graph\">{\"@context\":\"https:\\\/\\\/schema.org\",\"@graph\":[{\"@type\":\"WebPage\",\"@id\":\"https:\\\/\\\/centrogoethe.com\\\/beca-premio\\\/\",\"url\":\"https:\\\/\\\/centrogoethe.com\\\/beca-premio\\\/\",\"name\":\"Beca Premio - Centro Goethe\",\"isPartOf\":{\"@id\":\"https:\\\/\\\/centrogoethe.com\\\/#website\"},\"primaryImageOfPage\":{\"@id\":\"https:\\\/\\\/centrogoethe.com\\\/beca-premio\\\/#primaryimage\"},\"image\":{\"@id\":\"https:\\\/\\\/centrogoethe.com\\\/beca-premio\\\/#primaryimage\"},\"thumbnailUrl\":\"https:\\\/\\\/centrogoethe.com\\\/wp-content\\\/uploads\\\/2026\\\/02\\\/cityscape-frankfurt-downtown-sunset-germany-1024x576.jpg\",\"datePublished\":\"2026-02-05T22:20:57+00:00\",\"dateModified\":\"2026-02-06T15:32:18+00:00\",\"breadcrumb\":{\"@id\":\"https:\\\/\\\/centrogoethe.com\\\/beca-premio\\\/#breadcrumb\"},\"inLanguage\":\"de\",\"potentialAction\":[{\"@type\":\"ReadAction\",\"target\":[\"https:\\\/\\\/centrogoethe.com\\\/beca-premio\\\/\"]}]},{\"@type\":\"ImageObject\",\"inLanguage\":\"de\",\"@id\":\"https:\\\/\\\/centrogoethe.com\\\/beca-premio\\\/#primaryimage\",\"url\":\"https:\\\/\\\/centrogoethe.com\\\/wp-content\\\/uploads\\\/2026\\\/02\\\/cityscape-frankfurt-downtown-sunset-germany-1024x576.jpg\",\"contentUrl\":\"https:\\\/\\\/centrogoethe.com\\\/wp-content\\\/uploads\\\/2026\\\/02\\\/cityscape-frankfurt-downtown-sunset-germany-1024x576.jpg\"},{\"@type\":\"BreadcrumbList\",\"@id\":\"https:\\\/\\\/centrogoethe.com\\\/beca-premio\\\/#breadcrumb\",\"itemListElement\":[{\"@type\":\"ListItem\",\"position\":1,\"name\":\"Portada\",\"item\":\"https:\\\/\\\/centrogoethe.com\\\/\"},{\"@type\":\"ListItem\",\"position\":2,\"name\":\"Beca Premio\"}]},{\"@type\":\"WebSite\",\"@id\":\"https:\\\/\\\/centrogoethe.com\\\/#website\",\"url\":\"https:\\\/\\\/centrogoethe.com\\\/\",\"name\":\"Centro Goethe\",\"description\":\"Aprend\u00e9 alem\u00e1n con calidad internacional en Costa Rica\",\"publisher\":{\"@id\":\"https:\\\/\\\/centrogoethe.com\\\/#organization\"},\"alternateName\":\"Centro Goethe Costa Rica\",\"potentialAction\":[{\"@type\":\"SearchAction\",\"target\":{\"@type\":\"EntryPoint\",\"urlTemplate\":\"https:\\\/\\\/centrogoethe.com\\\/?s={search_term_string}\"},\"query-input\":{\"@type\":\"PropertyValueSpecification\",\"valueRequired\":true,\"valueName\":\"search_term_string\"}}],\"inLanguage\":\"de\"},{\"@type\":\"Organization\",\"@id\":\"https:\\\/\\\/centrogoethe.com\\\/#organization\",\"name\":\"Centro Goethe Costa Rica\",\"alternateName\":\"Centro Goethe Costa Rica\",\"url\":\"https:\\\/\\\/centrogoethe.com\\\/\",\"logo\":{\"@type\":\"ImageObject\",\"inLanguage\":\"de\",\"@id\":\"https:\\\/\\\/centrogoethe.com\\\/#\\\/schema\\\/logo\\\/image\\\/\",\"url\":\"https:\\\/\\\/centrogoethe.com\\\/wp-content\\\/uploads\\\/2025\\\/06\\\/Logo-CG-Black.svg\",\"contentUrl\":\"https:\\\/\\\/centrogoethe.com\\\/wp-content\\\/uploads\\\/2025\\\/06\\\/Logo-CG-Black.svg\",\"width\":584,\"height\":97,\"caption\":\"Centro Goethe Costa Rica\"},\"image\":{\"@id\":\"https:\\\/\\\/centrogoethe.com\\\/#\\\/schema\\\/logo\\\/image\\\/\"},\"sameAs\":[\"https:\\\/\\\/www.facebook.com\\\/centrogoethecr\\\/\",\"https:\\\/\\\/www.instagram.com\\\/goethezentrum_costarica\\\/\"]}]}<\/script>\n<!-- \/ Yoast SEO plugin. -->","yoast_head_json":{"title":"Beca Premio - Centro Goethe","robots":{"index":"index","follow":"follow","max-snippet":"max-snippet:-1","max-image-preview":"max-image-preview:large","max-video-preview":"max-video-preview:-1"},"canonical":"https:\/\/centrogoethe.com\/de\/beca-premio\/","og_locale":"de_DE","og_type":"article","og_title":"Beca Premio - Centro Goethe","og_description":"Nuestra instituci\u00f3n, el Centro Goethe de Costa Rica, s. c., es una instituci\u00f3n asociada al Instituto Goethe. A trav\u00e9s de la cooperaci\u00f3n con el Instituto Goethe, el Centro Goethe recibe, una vez al a\u00f1o, una beca para un curso de alem\u00e1n en una de las sedes del Instituto Goethe en Alemania. El Centro Goethe de [&hellip;]","og_url":"https:\/\/centrogoethe.com\/de\/beca-premio\/","og_site_name":"Centro Goethe","article_publisher":"https:\/\/www.facebook.com\/centrogoethecr\/","article_modified_time":"2026-02-06T15:32:18+00:00","og_image":[{"url":"https:\/\/centrogoethe.com\/wp-content\/uploads\/2026\/02\/cityscape-frankfurt-downtown-sunset-germany-1024x576.jpg","type":"","width":"","height":""}],"twitter_card":"summary_large_image","twitter_misc":{"Gesch\u00e4tzte Lesezeit":"7\u00a0Minuten"},"schema":{"@context":"https:\/\/schema.org","@graph":[{"@type":"WebPage","@id":"https:\/\/centrogoethe.com\/beca-premio\/","url":"https:\/\/centrogoethe.com\/beca-premio\/","name":"Beca Premio - Centro Goethe","isPartOf":{"@id":"https:\/\/centrogoethe.com\/#website"},"primaryImageOfPage":{"@id":"https:\/\/centrogoethe.com\/beca-premio\/#primaryimage"},"image":{"@id":"https:\/\/centrogoethe.com\/beca-premio\/#primaryimage"},"thumbnailUrl":"https:\/\/centrogoethe.com\/wp-content\/uploads\/2026\/02\/cityscape-frankfurt-downtown-sunset-germany-1024x576.jpg","datePublished":"2026-02-05T22:20:57+00:00","dateModified":"2026-02-06T15:32:18+00:00","breadcrumb":{"@id":"https:\/\/centrogoethe.com\/beca-premio\/#breadcrumb"},"inLanguage":"de","potentialAction":[{"@type":"ReadAction","target":["https:\/\/centrogoethe.com\/beca-premio\/"]}]},{"@type":"ImageObject","inLanguage":"de","@id":"https:\/\/centrogoethe.com\/beca-premio\/#primaryimage","url":"https:\/\/centrogoethe.com\/wp-content\/uploads\/2026\/02\/cityscape-frankfurt-downtown-sunset-germany-1024x576.jpg","contentUrl":"https:\/\/centrogoethe.com\/wp-content\/uploads\/2026\/02\/cityscape-frankfurt-downtown-sunset-germany-1024x576.jpg"},{"@type":"BreadcrumbList","@id":"https:\/\/centrogoethe.com\/beca-premio\/#breadcrumb","itemListElement":[{"@type":"ListItem","position":1,"name":"Portada","item":"https:\/\/centrogoethe.com\/"},{"@type":"ListItem","position":2,"name":"Beca Premio"}]},{"@type":"WebSite","@id":"https:\/\/centrogoethe.com\/#website","url":"https:\/\/centrogoethe.com\/","name":"Goethe-Zentrum","description":"Aprend\u00e9 alem\u00e1n con calidad internacional en Costa Rica","publisher":{"@id":"https:\/\/centrogoethe.com\/#organization"},"alternateName":"Centro Goethe Costa Rica","potentialAction":[{"@type":"SearchAction","target":{"@type":"EntryPoint","urlTemplate":"https:\/\/centrogoethe.com\/?s={search_term_string}"},"query-input":{"@type":"PropertyValueSpecification","valueRequired":true,"valueName":"search_term_string"}}],"inLanguage":"de"},{"@type":"Organization","@id":"https:\/\/centrogoethe.com\/#organization","name":"Centro Goethe Costa Rica","alternateName":"Centro Goethe Costa Rica","url":"https:\/\/centrogoethe.com\/","logo":{"@type":"ImageObject","inLanguage":"de","@id":"https:\/\/centrogoethe.com\/#\/schema\/logo\/image\/","url":"https:\/\/centrogoethe.com\/wp-content\/uploads\/2025\/06\/Logo-CG-Black.svg","contentUrl":"https:\/\/centrogoethe.com\/wp-content\/uploads\/2025\/06\/Logo-CG-Black.svg","width":584,"height":97,"caption":"Centro Goethe Costa Rica"},"image":{"@id":"https:\/\/centrogoethe.com\/#\/schema\/logo\/image\/"},"sameAs":["https:\/\/www.facebook.com\/centrogoethecr\/","https:\/\/www.instagram.com\/goethezentrum_costarica\/"]}]}},"_links":{"self":[{"href":"https:\/\/centrogoethe.com\/de\/wp-json\/wp\/v2\/pages\/2443","targetHints":{"allow":["GET"]}}],"collection":[{"href":"https:\/\/centrogoethe.com\/de\/wp-json\/wp\/v2\/pages"}],"about":[{"href":"https:\/\/centrogoethe.com\/de\/wp-json\/wp\/v2\/types\/page"}],"author":[{"embeddable":true,"href":"https:\/\/centrogoethe.com\/de\/wp-json\/wp\/v2\/users\/1"}],"replies":[{"embeddable":true,"href":"https:\/\/centrogoethe.com\/de\/wp-json\/wp\/v2\/comments?post=2443"}],"version-history":[{"count":25,"href":"https:\/\/centrogoethe.com\/de\/wp-json\/wp\/v2\/pages\/2443\/revisions"}],"predecessor-version":[{"id":2477,"href":"https:\/\/centrogoethe.com\/de\/wp-json\/wp\/v2\/pages\/2443\/revisions\/2477"}],"wp:attachment":[{"href":"https:\/\/centrogoethe.com\/de\/wp-json\/wp\/v2\/media?parent=2443"}],"curies":[{"name":"wp","href":"https:\/\/api.w.org\/{rel}","templated":true}]}}