{"id":2242,"date":"2025-11-06T08:59:59","date_gmt":"2025-11-06T14:59:59","guid":{"rendered":"https:\/\/centrogoethe.com\/?page_id=2242"},"modified":"2025-11-06T09:02:26","modified_gmt":"2025-11-06T15:02:26","slug":"condiciones-generales-examenes-de-certificacion","status":"publish","type":"page","link":"https:\/\/centrogoethe.com\/de\/condiciones-generales-examenes-de-certificacion\/","title":{"rendered":"Condiciones Generales Ex\u00e1menes de certificaci\u00f3n"},"content":{"rendered":"<div data-elementor-type=\"wp-page\" data-elementor-id=\"2242\" class=\"elementor elementor-2242\" data-elementor-post-type=\"page\">\n\t\t\t\t<div class=\"elementor-element elementor-element-7ab67d7 e-flex e-con-boxed e-con e-parent\" data-id=\"7ab67d7\" data-element_type=\"container\" data-e-type=\"container\" data-settings=\"{&quot;jet_parallax_layout_list&quot;:[]}\">\n\t\t\t\t\t<div class=\"e-con-inner\">\n\t\t<div class=\"elementor-element elementor-element-b7b5667 e-con-full e-flex e-con e-child\" data-id=\"b7b5667\" data-element_type=\"container\" data-e-type=\"container\" data-settings=\"{&quot;jet_parallax_layout_list&quot;:[]}\">\n\t\t\t\t<div class=\"elementor-element elementor-element-2715afd elementor-widget elementor-widget-heading\" data-id=\"2715afd\" data-element_type=\"widget\" data-e-type=\"widget\" data-widget_type=\"heading.default\">\n\t\t\t\t<div class=\"elementor-widget-container\">\n\t\t\t\t\t<h2 class=\"elementor-heading-title elementor-size-default\">Condiciones Generales Ex\u00e1menes de certificaci\u00f3n<\/h2>\t\t\t\t<\/div>\n\t\t\t\t<\/div>\n\t\t\t\t<\/div>\n\t\t\t\t\t<\/div>\n\t\t\t\t<\/div>\n\t\t<div class=\"elementor-element elementor-element-9a72ebb e-flex e-con-boxed e-con e-parent\" data-id=\"9a72ebb\" data-element_type=\"container\" data-e-type=\"container\" data-settings=\"{&quot;jet_parallax_layout_list&quot;:[]}\">\n\t\t\t\t\t<div class=\"e-con-inner\">\n\t\t\t\t<div class=\"elementor-element elementor-element-72c5ece elementor-widget elementor-widget-text-editor\" data-id=\"72c5ece\" data-element_type=\"widget\" data-e-type=\"widget\" data-widget_type=\"text-editor.default\">\n\t\t\t\t<div class=\"elementor-widget-container\">\n\t\t\t\t\t\t\t\t\t<p><strong>Ex\u00e1menes de Certificaci\u00f3n<\/strong><\/p><ol><li><span style=\"font-weight: 400;\"> Oferta, fechas, lugar y tarifas de ex\u00e1menes<\/span><\/li><\/ol><p><span style=\"font-weight: 400;\">1.1 Nuestra instituci\u00f3n, el Centro Goethe de Costa Rica, es un centro examinador oficial del Instituto Goethe. Ofrece ex\u00e1menes de certificaci\u00f3n correspondientes a los niveles A1, A2, B1, B2, C1 y C2 en fechas programadas para ese fin. Cada uno de estos ex\u00e1menes, se ofrece al menos una vez al a\u00f1o en fechas fijas. El Centro Goethe publica oportunamente la informaci\u00f3n sobre fechas, lugares y tarifas de ex\u00e1menes en su p\u00e1gina en Internet: <\/span><a href=\"https:\/\/centrogoethe.com\/examenes\/#calendario\"><span style=\"font-weight: 400;\">https:\/\/centrogoethe.com\/examenes\/#calendario<\/span><\/a><\/p><p><span style=\"font-weight: 400;\">1.2 El Centro Goethe de Costa Rica se reserva el derecho de modificar las fechas y horarios de los ex\u00e1menes.<\/span><\/p><p><span style=\"font-weight: 400;\">1.3 Ni el Centro Goethe de Costa Rica ni sus empleados son responsables por la suspensi\u00f3n de sus servicios por causa de fuerza mayor, por casos fortuitos, as\u00ed como por circunstancias que est\u00e9n fuera del control del Centro y\/o sus empleados.<\/span><\/p><p>\u00a0<\/p><ol start=\"2\"><li><span style=\"font-weight: 400;\"> Inscripci\u00f3n y pago<\/span><\/li><\/ol><p><span style=\"font-weight: 400;\">2.1 La aceptaci\u00f3n de participantes en ex\u00e1menes de certificaci\u00f3n est\u00e1 sujeta al espacio disponible en las fechas respectivas (cupo limitado) hacer la consulta al formulario de contacto. Antes de realizar la inscripci\u00f3n y el pago de la tarifa de examen, el interesado\/la interesada debe solicitar al Centro Goethe de Costa Rica la confirmaci\u00f3n de la disponibilidad de espacio en dicha fecha.<\/span><\/p><p><span style=\"font-weight: 400;\">2.2 El interesado\/la interesada debe realizar la inscripci\u00f3n y el pago de la tarifa de examen a m\u00e1s tardar en la fecha l\u00edmite hasta las 6:00 p.m. publicada en nuestra p\u00e1gina en Internet, siempre y cuando haya espacios disponibles.<\/span><\/p><p><span style=\"font-weight: 400;\">2.3 Para la inscripci\u00f3n, es necesario llenar, firmar y subir una copia de los formularios respectivos (escaneados, en formato PDF, con fondo blanco, no fotografiados) en el plazo antes mencionado. Los formularios correspondientes se envian a solicitud (aqu\u00ed) del interesado\/de la interesada por correo electr\u00f3nico.<\/span><\/p><p><span style=\"font-weight: 400;\">2.4 Todo tr\u00e1mite relacionado con ex\u00e1menes de certificaci\u00f3n deber\u00e1 ser realizado por las personas o instituciones interesadas. S\u00f3lo se aceptar\u00e1n solicitudes por parte de un tercero, cuando se trate de menores de edad.<\/span><\/p><p><span style=\"font-weight: 400;\">2.5 El examen se puede cancelar por medio de nuestro sistema o transferencia bancaria. La informaci\u00f3n correspondiente se enviar\u00e1 por correo electr\u00f3nico.<\/span><\/p><p><span style=\"font-weight: 400;\">2.6 Los ex\u00e1menes, y el pago de los mismos, no son transferibles a otras personas.<\/span><\/p><p><span style=\"font-weight: 400;\">2.7 Un d\u00eda antes del examen se env\u00eda un recordatorio que contiene la cita del examen oral.<\/span><\/p><p><span style=\"font-weight: 400;\">2.8 Al matricularse para un examen, el\/la participante est\u00e1 aceptando el Reglamento de ex\u00e1menes y las Disposiciones de aplicaci\u00f3n de examen correspondiente.<\/span><\/p><p><span style=\"font-weight: 400;\">2.9 Al inscribirse en un curso o examen en el Centro Goethe, los estudiantes permiten al Centro registrar los datos personales en su base de datos electr\u00f3nica. Esto permite enviarles informaci\u00f3n general sobre el Instituto y sus servicios a la direcci\u00f3n de correo electr\u00f3nico proporcionada.<\/span><\/p><ol start=\"3\"><li><span style=\"font-weight: 400;\"> Identificaci\u00f3n de los\/las participantes<\/span><\/li><\/ol><p><span style=\"font-weight: 400;\">3.1 Es responsabilidad del candidato llegar a tiempo al examen para poder presentarlo. En caso de llegada tard\u00eda, no habr\u00e1 reembolso de dinero y tendr\u00e1 que pagar de nuevo para presentar el examen en otra fecha. Es importante presentarse al examen 30 minutos antes de la hora indicada como inicio de examen.<\/span><\/p><p><span style=\"font-weight: 400;\">3.2 El Centro Goethe debe verificar la identidad de los \/ las participantes en un examen (ver \u201cReglamento de ex\u00e1menes\u201d, art\u00edculo 9). El d\u00eda del examen, es indispensable que los\/las participantes presenten uno\u00a0 de los siguientes documentos probatorios: c\u00e9dula de identidad, c\u00e9dula de residencia, pasaporte, licencia de conducir.<\/span><\/p><p><span style=\"font-weight: 400;\">3.2.1 Los menores de edad deben probar su identidad por medio de la presentaci\u00f3n de uno de los siguientes documentos: c\u00e9dula de identidad de menores, c\u00e9dula de residencia, pasaporte, carnet de estudiante de su colegio o centro educativo (el carnet debe contener la fotograf\u00eda del\/de la estudiante).<\/span><\/p><ol start=\"4\"><li><span style=\"font-weight: 400;\"> Retiro del examen e impugnaci\u00f3n<\/span><\/li><\/ol><p><span style=\"font-weight: 400;\">4.1 El\/la inscrito\/a en un examen de certificaci\u00f3n del Instituto Goethe tiene siempre la posibilidad de retirarse del examen respectivo (ver \u201cReglamento de ex\u00e1menes\u201d, art\u00edculo 12). \u00danicamente en el caso de retiro por motivos de salud, probados de manera inmediata por medio de un certificado m\u00e9dico, el Centro Goethe de Costa Rica acredita el 90% del pago de la tarifa de examen para la pr\u00f3xima fecha programada de dicho examen. Se retendr\u00e1 el 10% del monto pagado, por gastos administrativos.\u00a0<\/span><\/p><p><span style=\"font-weight: 400;\">4.2 Si el retiro del examen se debiera a otros motivos, no se acredita ni reembolsa el monto pagado ni parte de \u00e9ste. En caso de exclusi\u00f3n del examen (ver \u201cReglamento de ex\u00e1menes\u201d, art\u00edculo 11), el Centro Goethe de Costa Rica tampoco acredita ni reembolsa el monto pagado ni parte de \u00e9ste.<\/span><\/p><p><span style=\"font-weight: 400;\">4.3 Es posible solicitar la impugnaci\u00f3n del resultado o del desarrollo de un examen. En caso de ser aceptado un recurso, el Centro Goethe de Costa Rica reembolsa la totalidad del monto pagado por la tarifa de examen. (ver \u201cReglamento de ex\u00e1menes\u201d, art\u00edculo 20)<\/span><\/p><ol start=\"5\"><li><span style=\"font-weight: 400;\"> Comunicaci\u00f3n de los resultados y certificados<\/span><\/li><\/ol><p><span style=\"font-weight: 400;\">5.1 Resultados del examen: Los resultados se comunicar\u00e1n por correo electr\u00f3nico, a m\u00e1s tardar catorce d\u00edas naturales, contados a partir de la realizaci\u00f3n de la prueba.<\/span><\/p><p><span style=\"font-weight: 400;\">5.2 En caso aprobatorio, el Centro Goethe de Costa Rica extiende al\/a la participante sin costo alguno el certificado respectivo. El certificado estar\u00e1 listo para su recolecci\u00f3n en 10 d\u00edas h\u00e1biles despu\u00e9s de la fecha que realiz\u00f3 el examen.\u00a0<\/span><\/p><p><span style=\"font-weight: 400;\">5.3 El certificado se recoge personalmente en la oficina del Centro Goethe. Es necesario presentar una identificaci\u00f3n oficial vigente con fotograf\u00eda. En el caso de que no pueda recogerlo personalmente, otra persona puede estar autorizada para recoger el certificado con una carta de autorizaci\u00f3n firmada, as\u00ed como una copia de la identificaci\u00f3n de la persona que realiz\u00f3 el examen y de la persona que recoge el certificado.<\/span><\/p><p><span style=\"font-weight: 400;\">5.4 Solicitud de revisi\u00f3n del examen: Se puede solicitar, por escrito, la revisi\u00f3n del examen. Esto ser\u00e1 posible solamente durante 6 meses, contados a partir de la fecha de realizaci\u00f3n del examen respectivo. Una vez vencido este periodo, no ser\u00e1 posible.\u00a0 La solicitud se debe enviar a la direcci\u00f3n electr\u00f3nica \u201c<\/span><a href=\"mailto:examen@centrogoethe.com\"><span style=\"font-weight: 400;\">examen@centrogoethe.com<\/span><\/a><span style=\"font-weight: 400;\">.\u201d<\/span><\/p><p><span style=\"font-weight: 400;\">5.5 En caso de no haber aprobado: El candidato puede solicitar una constancia de participaci\u00f3n. La expedici\u00f3n de esta no generar\u00e1 ning\u00fan costo.<\/span><\/p><p><span style=\"font-weight: 400;\">5.6 En caso de p\u00e9rdida del certificado: Si el certificado de examen o el certificado de participaci\u00f3n se extraviara o da\u00f1ara, el Centro Goethe de Costa Rica puede extender una constancia equivalente (no se emite duplicados), a solicitud del\/de la participante y previo pago de la tarifa establecida por constancia.\u00a0 El Centro Goethe de Costa Rica extiende dichas constancias equivalentes \u00fanicamente durante diez a\u00f1os, contados a partir de la fecha respectiva de examen.<\/span><\/p>\t\t\t\t\t\t\t\t<\/div>\n\t\t\t\t<\/div>\n\t\t\t\t\t<\/div>\n\t\t\t\t<\/div>\n\t\t\t\t<\/div>","protected":false},"excerpt":{"rendered":"<p>Ex\u00e1menes de Certificaci\u00f3n Oferta, fechas, lugar y tarifas de ex\u00e1menes 1.1 Nuestra instituci\u00f3n, el Centro Goethe de Costa Rica, es un centro examinador oficial del Instituto Goethe. Ofrece ex\u00e1menes de certificaci\u00f3n correspondientes a los niveles A1, A2, B1, B2, C1 y C2 en fechas programadas para ese fin. Cada uno de estos ex\u00e1menes, se ofrece [&hellip;]<\/p>\n","protected":false},"author":1,"featured_media":0,"parent":0,"menu_order":0,"comment_status":"closed","ping_status":"closed","template":"","meta":{"inline_featured_image":false,"_joinchat":[],"footnotes":""},"class_list":["post-2242","page","type-page","status-publish","hentry"],"yoast_head":"<!-- This site is optimized with the Yoast SEO plugin v27.4 - https:\/\/yoast.com\/product\/yoast-seo-wordpress\/ -->\n<title>Condiciones Generales Ex\u00e1menes de certificaci\u00f3n - Centro Goethe<\/title>\n<meta name=\"robots\" content=\"index, follow, max-snippet:-1, max-image-preview:large, max-video-preview:-1\" \/>\n<link rel=\"canonical\" href=\"https:\/\/centrogoethe.com\/de\/condiciones-generales-examenes-de-certificacion\/\" \/>\n<meta property=\"og:locale\" content=\"de_DE\" \/>\n<meta property=\"og:type\" content=\"article\" \/>\n<meta property=\"og:title\" content=\"Condiciones Generales Ex\u00e1menes de certificaci\u00f3n - Centro Goethe\" \/>\n<meta property=\"og:description\" content=\"Ex\u00e1menes de Certificaci\u00f3n Oferta, fechas, lugar y tarifas de ex\u00e1menes 1.1 Nuestra instituci\u00f3n, el Centro Goethe de Costa Rica, es un centro examinador oficial del Instituto Goethe. Ofrece ex\u00e1menes de certificaci\u00f3n correspondientes a los niveles A1, A2, B1, B2, C1 y C2 en fechas programadas para ese fin. Cada uno de estos ex\u00e1menes, se ofrece [&hellip;]\" \/>\n<meta property=\"og:url\" content=\"https:\/\/centrogoethe.com\/de\/condiciones-generales-examenes-de-certificacion\/\" \/>\n<meta property=\"og:site_name\" content=\"Centro Goethe\" \/>\n<meta property=\"article:publisher\" content=\"https:\/\/www.facebook.com\/centrogoethecr\/\" \/>\n<meta property=\"article:modified_time\" content=\"2025-11-06T15:02:26+00:00\" \/>\n<meta property=\"og:image\" content=\"https:\/\/centrogoethe.com\/wp-content\/uploads\/2025\/07\/Hombre-en-cafeteria.jpeg\" \/>\n\t<meta property=\"og:image:width\" content=\"1320\" \/>\n\t<meta property=\"og:image:height\" content=\"848\" \/>\n\t<meta property=\"og:image:type\" content=\"image\/jpeg\" \/>\n<meta name=\"twitter:card\" content=\"summary_large_image\" \/>\n<meta name=\"twitter:label1\" content=\"Gesch\u00e4tzte Lesezeit\" \/>\n\t<meta name=\"twitter:data1\" content=\"5\u00a0Minuten\" \/>\n<script type=\"application\/ld+json\" class=\"yoast-schema-graph\">{\"@context\":\"https:\\\/\\\/schema.org\",\"@graph\":[{\"@type\":\"WebPage\",\"@id\":\"https:\\\/\\\/centrogoethe.com\\\/condiciones-generales-examenes-de-certificacion\\\/\",\"url\":\"https:\\\/\\\/centrogoethe.com\\\/condiciones-generales-examenes-de-certificacion\\\/\",\"name\":\"Condiciones Generales Ex\u00e1menes de certificaci\u00f3n - Centro Goethe\",\"isPartOf\":{\"@id\":\"https:\\\/\\\/centrogoethe.com\\\/#website\"},\"datePublished\":\"2025-11-06T14:59:59+00:00\",\"dateModified\":\"2025-11-06T15:02:26+00:00\",\"breadcrumb\":{\"@id\":\"https:\\\/\\\/centrogoethe.com\\\/condiciones-generales-examenes-de-certificacion\\\/#breadcrumb\"},\"inLanguage\":\"de\",\"potentialAction\":[{\"@type\":\"ReadAction\",\"target\":[\"https:\\\/\\\/centrogoethe.com\\\/condiciones-generales-examenes-de-certificacion\\\/\"]}]},{\"@type\":\"BreadcrumbList\",\"@id\":\"https:\\\/\\\/centrogoethe.com\\\/condiciones-generales-examenes-de-certificacion\\\/#breadcrumb\",\"itemListElement\":[{\"@type\":\"ListItem\",\"position\":1,\"name\":\"Portada\",\"item\":\"https:\\\/\\\/centrogoethe.com\\\/\"},{\"@type\":\"ListItem\",\"position\":2,\"name\":\"Condiciones Generales Ex\u00e1menes de certificaci\u00f3n\"}]},{\"@type\":\"WebSite\",\"@id\":\"https:\\\/\\\/centrogoethe.com\\\/#website\",\"url\":\"https:\\\/\\\/centrogoethe.com\\\/\",\"name\":\"Centro Goethe\",\"description\":\"Aprend\u00e9 alem\u00e1n con calidad internacional en Costa Rica\",\"publisher\":{\"@id\":\"https:\\\/\\\/centrogoethe.com\\\/#organization\"},\"alternateName\":\"Centro Goethe Costa Rica\",\"potentialAction\":[{\"@type\":\"SearchAction\",\"target\":{\"@type\":\"EntryPoint\",\"urlTemplate\":\"https:\\\/\\\/centrogoethe.com\\\/?s={search_term_string}\"},\"query-input\":{\"@type\":\"PropertyValueSpecification\",\"valueRequired\":true,\"valueName\":\"search_term_string\"}}],\"inLanguage\":\"de\"},{\"@type\":\"Organization\",\"@id\":\"https:\\\/\\\/centrogoethe.com\\\/#organization\",\"name\":\"Centro Goethe Costa Rica\",\"alternateName\":\"Centro Goethe Costa Rica\",\"url\":\"https:\\\/\\\/centrogoethe.com\\\/\",\"logo\":{\"@type\":\"ImageObject\",\"inLanguage\":\"de\",\"@id\":\"https:\\\/\\\/centrogoethe.com\\\/#\\\/schema\\\/logo\\\/image\\\/\",\"url\":\"https:\\\/\\\/centrogoethe.com\\\/wp-content\\\/uploads\\\/2025\\\/06\\\/Logo-CG-Black.svg\",\"contentUrl\":\"https:\\\/\\\/centrogoethe.com\\\/wp-content\\\/uploads\\\/2025\\\/06\\\/Logo-CG-Black.svg\",\"width\":584,\"height\":97,\"caption\":\"Centro Goethe Costa Rica\"},\"image\":{\"@id\":\"https:\\\/\\\/centrogoethe.com\\\/#\\\/schema\\\/logo\\\/image\\\/\"},\"sameAs\":[\"https:\\\/\\\/www.facebook.com\\\/centrogoethecr\\\/\",\"https:\\\/\\\/www.instagram.com\\\/goethezentrum_costarica\\\/\"]}]}<\/script>\n<!-- \/ Yoast SEO plugin. -->","yoast_head_json":{"title":"Condiciones Generales Ex\u00e1menes de certificaci\u00f3n - Centro Goethe","robots":{"index":"index","follow":"follow","max-snippet":"max-snippet:-1","max-image-preview":"max-image-preview:large","max-video-preview":"max-video-preview:-1"},"canonical":"https:\/\/centrogoethe.com\/de\/condiciones-generales-examenes-de-certificacion\/","og_locale":"de_DE","og_type":"article","og_title":"Condiciones Generales Ex\u00e1menes de certificaci\u00f3n - Centro Goethe","og_description":"Ex\u00e1menes de Certificaci\u00f3n Oferta, fechas, lugar y tarifas de ex\u00e1menes 1.1 Nuestra instituci\u00f3n, el Centro Goethe de Costa Rica, es un centro examinador oficial del Instituto Goethe. Ofrece ex\u00e1menes de certificaci\u00f3n correspondientes a los niveles A1, A2, B1, B2, C1 y C2 en fechas programadas para ese fin. Cada uno de estos ex\u00e1menes, se ofrece [&hellip;]","og_url":"https:\/\/centrogoethe.com\/de\/condiciones-generales-examenes-de-certificacion\/","og_site_name":"Centro Goethe","article_publisher":"https:\/\/www.facebook.com\/centrogoethecr\/","article_modified_time":"2025-11-06T15:02:26+00:00","og_image":[{"width":1320,"height":848,"url":"https:\/\/centrogoethe.com\/wp-content\/uploads\/2025\/07\/Hombre-en-cafeteria.jpeg","type":"image\/jpeg"}],"twitter_card":"summary_large_image","twitter_misc":{"Gesch\u00e4tzte Lesezeit":"5\u00a0Minuten"},"schema":{"@context":"https:\/\/schema.org","@graph":[{"@type":"WebPage","@id":"https:\/\/centrogoethe.com\/condiciones-generales-examenes-de-certificacion\/","url":"https:\/\/centrogoethe.com\/condiciones-generales-examenes-de-certificacion\/","name":"Condiciones Generales Ex\u00e1menes de certificaci\u00f3n - Centro Goethe","isPartOf":{"@id":"https:\/\/centrogoethe.com\/#website"},"datePublished":"2025-11-06T14:59:59+00:00","dateModified":"2025-11-06T15:02:26+00:00","breadcrumb":{"@id":"https:\/\/centrogoethe.com\/condiciones-generales-examenes-de-certificacion\/#breadcrumb"},"inLanguage":"de","potentialAction":[{"@type":"ReadAction","target":["https:\/\/centrogoethe.com\/condiciones-generales-examenes-de-certificacion\/"]}]},{"@type":"BreadcrumbList","@id":"https:\/\/centrogoethe.com\/condiciones-generales-examenes-de-certificacion\/#breadcrumb","itemListElement":[{"@type":"ListItem","position":1,"name":"Portada","item":"https:\/\/centrogoethe.com\/"},{"@type":"ListItem","position":2,"name":"Condiciones Generales Ex\u00e1menes de certificaci\u00f3n"}]},{"@type":"WebSite","@id":"https:\/\/centrogoethe.com\/#website","url":"https:\/\/centrogoethe.com\/","name":"Goethe-Zentrum","description":"Aprend\u00e9 alem\u00e1n con calidad internacional en Costa Rica","publisher":{"@id":"https:\/\/centrogoethe.com\/#organization"},"alternateName":"Centro Goethe Costa Rica","potentialAction":[{"@type":"SearchAction","target":{"@type":"EntryPoint","urlTemplate":"https:\/\/centrogoethe.com\/?s={search_term_string}"},"query-input":{"@type":"PropertyValueSpecification","valueRequired":true,"valueName":"search_term_string"}}],"inLanguage":"de"},{"@type":"Organization","@id":"https:\/\/centrogoethe.com\/#organization","name":"Centro Goethe Costa Rica","alternateName":"Centro Goethe Costa Rica","url":"https:\/\/centrogoethe.com\/","logo":{"@type":"ImageObject","inLanguage":"de","@id":"https:\/\/centrogoethe.com\/#\/schema\/logo\/image\/","url":"https:\/\/centrogoethe.com\/wp-content\/uploads\/2025\/06\/Logo-CG-Black.svg","contentUrl":"https:\/\/centrogoethe.com\/wp-content\/uploads\/2025\/06\/Logo-CG-Black.svg","width":584,"height":97,"caption":"Centro Goethe Costa Rica"},"image":{"@id":"https:\/\/centrogoethe.com\/#\/schema\/logo\/image\/"},"sameAs":["https:\/\/www.facebook.com\/centrogoethecr\/","https:\/\/www.instagram.com\/goethezentrum_costarica\/"]}]}},"_links":{"self":[{"href":"https:\/\/centrogoethe.com\/de\/wp-json\/wp\/v2\/pages\/2242","targetHints":{"allow":["GET"]}}],"collection":[{"href":"https:\/\/centrogoethe.com\/de\/wp-json\/wp\/v2\/pages"}],"about":[{"href":"https:\/\/centrogoethe.com\/de\/wp-json\/wp\/v2\/types\/page"}],"author":[{"embeddable":true,"href":"https:\/\/centrogoethe.com\/de\/wp-json\/wp\/v2\/users\/1"}],"replies":[{"embeddable":true,"href":"https:\/\/centrogoethe.com\/de\/wp-json\/wp\/v2\/comments?post=2242"}],"version-history":[{"count":13,"href":"https:\/\/centrogoethe.com\/de\/wp-json\/wp\/v2\/pages\/2242\/revisions"}],"predecessor-version":[{"id":2255,"href":"https:\/\/centrogoethe.com\/de\/wp-json\/wp\/v2\/pages\/2242\/revisions\/2255"}],"wp:attachment":[{"href":"https:\/\/centrogoethe.com\/de\/wp-json\/wp\/v2\/media?parent=2242"}],"curies":[{"name":"wp","href":"https:\/\/api.w.org\/{rel}","templated":true}]}}