{"id":1508,"date":"2025-09-30T11:32:29","date_gmt":"2025-09-30T17:32:29","guid":{"rendered":"https:\/\/centrogoethe.com\/?page_id=1508"},"modified":"2026-01-07T09:10:29","modified_gmt":"2026-01-07T15:10:29","slug":"empleos","status":"publish","type":"page","link":"https:\/\/centrogoethe.com\/de\/empleos\/","title":{"rendered":"Empleos"},"content":{"rendered":"<div data-elementor-type=\"wp-page\" data-elementor-id=\"1508\" class=\"elementor elementor-1508\" data-elementor-post-type=\"page\">\n\t\t\t\t<div class=\"elementor-element elementor-element-c3bd282 e-flex e-con-boxed e-con e-parent\" data-id=\"c3bd282\" data-element_type=\"container\" data-e-type=\"container\" data-settings=\"{&quot;jet_parallax_layout_list&quot;:[]}\">\n\t\t\t\t\t<div class=\"e-con-inner\">\n\t\t<div class=\"elementor-element elementor-element-7c3a76e e-con-full e-flex e-con e-child\" data-id=\"7c3a76e\" data-element_type=\"container\" data-e-type=\"container\" data-settings=\"{&quot;jet_parallax_layout_list&quot;:[]}\">\n\t\t\t\t<div class=\"elementor-element elementor-element-b1cf7aa elementor-widget elementor-widget-jet-form-builder-form\" data-id=\"b1cf7aa\" data-element_type=\"widget\" data-e-type=\"widget\" data-widget_type=\"jet-form-builder-form.default\">\n\t\t\t\t<div class=\"elementor-widget-container\">\n\t\t\t\t\t<link rel='stylesheet' id='wp-block-library-css' href='https:\/\/centrogoethe.com\/wp-includes\/css\/dist\/block-library\/style.min.css?ver=6.9.4' media='all' \/>\n<style id=\"jet-form-builder-1505-inline-css\"><\/style><form  class=\"jet-form-builder layout-column submit-type-ajax\" action=\"https:\/\/centrogoethe.com\/de\/wp-json\/wp\/v2\/pages\/1508\/?uyoBNU=Zmk6Kjam8S&#038;method=reload\" method=\"POST\" data-form-id=\"1505\" data-layout=\"column\" enctype=\"multipart\/form-data\" data-clear=\"1\" novalidate=\"null\" ssr_validation_method=\"rest\" data-trp-original-action=\"https:\/\/centrogoethe.com\/de\/wp-json\/wp\/v2\/pages\/1508\/?uyoBNU=Zmk6Kjam8S&amp;method=reload\"><input type=\"hidden\" id=\"_wpnonce\" name=\"_wpnonce\" value=\"9cf3f9f5b1\" \/><input type=\"hidden\" name=\"_wp_http_referer\" value=\"\/de\/wp-json\/wp\/v2\/pages\/1508\" \/>\r\n<input type=\"hidden\" name=\"_jfb_current_render_states[]\" value=\"DEFAULT.STATE\" data-jfb-sync \/><input type=\"hidden\" class=\"jet-form-builder__field hidden-field\" name=\"_jet_engine_booking_form_id\" data-field-name=\"_jet_engine_booking_form_id\" value=\"1505\">\n<input type=\"hidden\" class=\"jet-form-builder__field hidden-field\" name=\"_jet_engine_refer\" data-field-name=\"_jet_engine_refer\" value=\"https:\/\/centrogoethe.com\/de\/wp-json\/wp\/v2\/pages\/1508\/\">\n<input type=\"hidden\" class=\"jet-form-builder__field hidden-field\" name=\"__queried_post_id\" data-field-name=\"__queried_post_id\" value=\"1508\">\n<input type=\"hidden\" class=\"jet-form-builder__field hidden-field\" name=\"_user_journey\" data-field-name=\"_user_journey\">\n<div class=\"jet-listing-dynamic-field-block cb-jof5efaa\"data-is-block=\"jet-engine\/dynamic-field\"><div class=\"jet-listing jet-listing-dynamic-field display-inline\"><div class=\"jet-listing-dynamic-field__inline-wrap\"><div class=\"jet-listing-dynamic-field__content\" ><\/div><\/div><\/div><\/div>\n\n<div  class=\"jet-form-builder-row field-type-text-field\" >\n<div class=\"jet-form-builder__label\">\r\n<div class=\"jet-form-builder__label-text\">Empresa<\/div><\/div><div class=\"jet-form-builder__field-wrap\">\n\t\t\t\t<input name=\"field_empresa\" id=\"field_empresa\" type=\"text\" data-field-name=\"field_empresa\" class=\"jet-form-builder__field text-field\" data-jfb-sync=\"null\" autocomplete=\"off_aUFrwYiD\">\n\t\t\t\t\t<\/div>\n<\/div>\n\n<div  class=\"jet-form-builder-row field-type-text-field\" >\n<div class=\"jet-form-builder__label\">\r\n<div class=\"jet-form-builder__label-text\">Puesto<\/div><\/div><div class=\"jet-form-builder__field-wrap\">\n\t\t\t\t<input name=\"field_puesto\" id=\"field_puesto\" type=\"text\" data-field-name=\"field_puesto\" class=\"jet-form-builder__field text-field\" data-jfb-sync=\"null\" autocomplete=\"off_apRdzg3K\">\n\t\t\t\t\t<\/div>\n<\/div>\n\n<div  class=\"jet-form-builder-row field-type-textarea-field\" >\n<div class=\"jet-form-builder__label\">\r\n<div class=\"jet-form-builder__label-text\">Descripci\u00f3n de puesto<\/div><\/div><div class=\"jet-form-builder__field-wrap\">\n\t\t<textarea class=\"jet-form-builder__field textarea-field\" name=\"field_descripcion\" data-field-name=\"field_descripcion\" id=\"field_descripcion\" data-jfb-sync=\"null\"><\/textarea>\n\t<\/div>\n<\/div>\n\n<div  class=\"jet-form-builder-row field-type-text-field\" >\n<div class=\"jet-form-builder__label\">\r\n<div class=\"jet-form-builder__label-text\">Standort<\/div><\/div><div class=\"jet-form-builder__field-wrap\">\n\t\t\t\t<input name=\"field_ubicacion\" id=\"field_ubicacion\" type=\"text\" data-field-name=\"field_ubicacion\" class=\"jet-form-builder__field text-field\" data-jfb-sync=\"null\" autocomplete=\"off_n7pHITXv\">\n\t\t\t\t\t<\/div>\n<\/div>\n\n<div  class=\"jet-form-builder-row field-type-text-field\" >\n<div class=\"jet-form-builder__label\">\r\n<div class=\"jet-form-builder__label-text\">Pa\u00eds<\/div><\/div><div class=\"jet-form-builder__field-wrap\">\n\t\t\t\t<input name=\"field_pais\" id=\"field_pais\" type=\"text\" data-field-name=\"field_pais\" class=\"jet-form-builder__field text-field\" data-jfb-sync=\"null\" autocomplete=\"off_ukrIiRTp\">\n\t\t\t\t\t<\/div>\n<\/div>\n\n<div  class=\"jet-form-builder-row field-type-text-field\" >\n<div class=\"jet-form-builder__label\">\r\n<div class=\"jet-form-builder__label-text\">Email<\/div><\/div><div class=\"jet-form-builder__field-wrap\">\n\t\t\t\t<input name=\"field_email\" id=\"field_email\" type=\"text\" data-field-name=\"field_email\" class=\"jet-form-builder__field text-field\" data-jfb-sync=\"null\" autocomplete=\"off_Y1hOFbVz\">\n\t\t\t\t\t<\/div>\n<\/div>\n\n\n<input type=\"hidden\" class=\"captcha-token\" name=\"_captcha_token\" value=\"\"\/>\n\n\n<div class=\"jfb-visually-hidden\" tabindex=\"-1\"><div class=\"jet-form-builder__field-wrap\">\n\t\t\t\t<input name=\"email\" id=\"email\" type=\"email\" data-field-name=\"email\" class=\"jet-form-builder__field text-field\" data-jfb-sync=\"null\" autocomplete=\"off_jXOCQHJa\">\n\t\t\t\t\t<\/div><\/div><div  class=\"jet-form-builder-row field-type-submit-field\" >\n\t<div data-type=\"submit\" class=\"jet-form-builder__action-button-wrapper jet-form-builder__submit-wrap\">\n\t<button class=\"jet-form-builder__action-button jet-form-builder__submit submit-type-ajax\" type=\"submit\">Senden<\/button>\n\t<\/div>\n\t\n<\/div>\n\n\n<p><\/p>\n\t<div class=\"jet-form-builder-messages-wrap\" data-form-id=\"1505\"><\/div>\n<input type=\"hidden\" name=\"trp-form-language\" value=\"de\"\/><\/form>\n\t\t\t\t<\/div>\n\t\t\t\t<\/div>\n\t\t\t\t<\/div>\n\t\t\t\t\t<\/div>\n\t\t\t\t<\/div>\n\t\t\t\t<\/div>","protected":false},"excerpt":{"rendered":"<p>Empresa Puesto Descripci\u00f3n de puesto Ubicaci\u00f3n Pa\u00eds Email Enviar<\/p>","protected":false},"author":1,"featured_media":0,"parent":0,"menu_order":0,"comment_status":"closed","ping_status":"closed","template":"","meta":{"inline_featured_image":false,"_joinchat":[],"footnotes":""},"class_list":["post-1508","page","type-page","status-publish","hentry"],"yoast_head":"<!-- This site is optimized with the Yoast SEO plugin v27.1.1 - https:\/\/yoast.com\/product\/yoast-seo-wordpress\/ -->\n<title>Empleos - Centro Goethe<\/title>\n<meta name=\"robots\" content=\"index, follow, max-snippet:-1, max-image-preview:large, max-video-preview:-1\" \/>\n<link rel=\"canonical\" href=\"https:\/\/centrogoethe.com\/de\/empleos\/\" \/>\n<meta property=\"og:locale\" content=\"de_DE\" \/>\n<meta property=\"og:type\" content=\"article\" \/>\n<meta property=\"og:title\" content=\"Empleos - Centro Goethe\" \/>\n<meta property=\"og:description\" content=\"Empresa Puesto Descripci\u00f3n de puesto Ubicaci\u00f3n Pa\u00eds Email Enviar\" \/>\n<meta property=\"og:url\" content=\"https:\/\/centrogoethe.com\/de\/empleos\/\" \/>\n<meta property=\"og:site_name\" content=\"Centro Goethe\" \/>\n<meta property=\"article:publisher\" content=\"https:\/\/www.facebook.com\/centrogoethecr\/\" \/>\n<meta property=\"article:modified_time\" content=\"2026-01-07T15:10:29+00:00\" \/>\n<meta property=\"og:image\" content=\"https:\/\/centrogoethe.com\/wp-content\/uploads\/2025\/07\/Hombre-en-cafeteria.jpeg\" \/>\n\t<meta property=\"og:image:width\" content=\"1320\" \/>\n\t<meta property=\"og:image:height\" content=\"848\" \/>\n\t<meta property=\"og:image:type\" content=\"image\/jpeg\" \/>\n<meta name=\"twitter:card\" content=\"summary_large_image\" \/>\n<meta name=\"twitter:label1\" content=\"Gesch\u00e4tzte Lesezeit\" \/>\n\t<meta name=\"twitter:data1\" content=\"1\u00a0Minute\" \/>\n<script type=\"application\/ld+json\" class=\"yoast-schema-graph\">{\"@context\":\"https:\/\/schema.org\",\"@graph\":[{\"@type\":\"WebPage\",\"@id\":\"https:\/\/centrogoethe.com\/empleos\/\",\"url\":\"https:\/\/centrogoethe.com\/empleos\/\",\"name\":\"Empleos - Centro Goethe\",\"isPartOf\":{\"@id\":\"https:\/\/centrogoethe.com\/#website\"},\"datePublished\":\"2025-09-30T17:32:29+00:00\",\"dateModified\":\"2026-01-07T15:10:29+00:00\",\"breadcrumb\":{\"@id\":\"https:\/\/centrogoethe.com\/empleos\/#breadcrumb\"},\"inLanguage\":\"de\",\"potentialAction\":[{\"@type\":\"ReadAction\",\"target\":[\"https:\/\/centrogoethe.com\/empleos\/\"]}]},{\"@type\":\"BreadcrumbList\",\"@id\":\"https:\/\/centrogoethe.com\/empleos\/#breadcrumb\",\"itemListElement\":[{\"@type\":\"ListItem\",\"position\":1,\"name\":\"Portada\",\"item\":\"https:\/\/centrogoethe.com\/\"},{\"@type\":\"ListItem\",\"position\":2,\"name\":\"Empleos\"}]},{\"@type\":\"WebSite\",\"@id\":\"https:\/\/centrogoethe.com\/#website\",\"url\":\"https:\/\/centrogoethe.com\/\",\"name\":\"Centro Goethe\",\"description\":\"Aprend\u00e9 alem\u00e1n con calidad internacional en Costa Rica\",\"publisher\":{\"@id\":\"https:\/\/centrogoethe.com\/#organization\"},\"alternateName\":\"Centro Goethe Costa Rica\",\"potentialAction\":[{\"@type\":\"SearchAction\",\"target\":{\"@type\":\"EntryPoint\",\"urlTemplate\":\"https:\/\/centrogoethe.com\/?s={search_term_string}\"},\"query-input\":{\"@type\":\"PropertyValueSpecification\",\"valueRequired\":true,\"valueName\":\"search_term_string\"}}],\"inLanguage\":\"de\"},{\"@type\":\"Organization\",\"@id\":\"https:\/\/centrogoethe.com\/#organization\",\"name\":\"Centro Goethe Costa Rica\",\"alternateName\":\"Centro Goethe Costa Rica\",\"url\":\"https:\/\/centrogoethe.com\/\",\"logo\":{\"@type\":\"ImageObject\",\"inLanguage\":\"de\",\"@id\":\"https:\/\/centrogoethe.com\/#\/schema\/logo\/image\/\",\"url\":\"https:\/\/centrogoethe.com\/wp-content\/uploads\/2025\/06\/Logo-CG-Black.svg\",\"contentUrl\":\"https:\/\/centrogoethe.com\/wp-content\/uploads\/2025\/06\/Logo-CG-Black.svg\",\"width\":584,\"height\":97,\"caption\":\"Centro Goethe Costa Rica\"},\"image\":{\"@id\":\"https:\/\/centrogoethe.com\/#\/schema\/logo\/image\/\"},\"sameAs\":[\"https:\/\/www.facebook.com\/centrogoethecr\/\",\"https:\/\/www.instagram.com\/goethezentrum_costarica\/\"]}]}<\/script>\n<!-- \/ Yoast SEO plugin. -->","yoast_head_json":{"title":"Empleos - Centro Goethe","robots":{"index":"index","follow":"follow","max-snippet":"max-snippet:-1","max-image-preview":"max-image-preview:large","max-video-preview":"max-video-preview:-1"},"canonical":"https:\/\/centrogoethe.com\/de\/empleos\/","og_locale":"de_DE","og_type":"article","og_title":"Empleos - Centro Goethe","og_description":"Empresa Puesto Descripci\u00f3n de puesto Ubicaci\u00f3n Pa\u00eds Email Enviar","og_url":"https:\/\/centrogoethe.com\/de\/empleos\/","og_site_name":"Centro Goethe","article_publisher":"https:\/\/www.facebook.com\/centrogoethecr\/","article_modified_time":"2026-01-07T15:10:29+00:00","og_image":[{"width":1320,"height":848,"url":"https:\/\/centrogoethe.com\/wp-content\/uploads\/2025\/07\/Hombre-en-cafeteria.jpeg","type":"image\/jpeg"}],"twitter_card":"summary_large_image","twitter_misc":{"Gesch\u00e4tzte Lesezeit":"1\u00a0Minute"},"schema":{"@context":"https:\/\/schema.org","@graph":[{"@type":"WebPage","@id":"https:\/\/centrogoethe.com\/empleos\/","url":"https:\/\/centrogoethe.com\/empleos\/","name":"Empleos - Centro Goethe","isPartOf":{"@id":"https:\/\/centrogoethe.com\/#website"},"datePublished":"2025-09-30T17:32:29+00:00","dateModified":"2026-01-07T15:10:29+00:00","breadcrumb":{"@id":"https:\/\/centrogoethe.com\/empleos\/#breadcrumb"},"inLanguage":"de","potentialAction":[{"@type":"ReadAction","target":["https:\/\/centrogoethe.com\/empleos\/"]}]},{"@type":"BreadcrumbList","@id":"https:\/\/centrogoethe.com\/empleos\/#breadcrumb","itemListElement":[{"@type":"ListItem","position":1,"name":"Portada","item":"https:\/\/centrogoethe.com\/"},{"@type":"ListItem","position":2,"name":"Empleos"}]},{"@type":"WebSite","@id":"https:\/\/centrogoethe.com\/#website","url":"https:\/\/centrogoethe.com\/","name":"Goethe-Zentrum","description":"Aprend\u00e9 alem\u00e1n con calidad internacional en Costa Rica","publisher":{"@id":"https:\/\/centrogoethe.com\/#organization"},"alternateName":"Centro Goethe Costa Rica","potentialAction":[{"@type":"SearchAction","target":{"@type":"EntryPoint","urlTemplate":"https:\/\/centrogoethe.com\/?s={search_term_string}"},"query-input":{"@type":"PropertyValueSpecification","valueRequired":true,"valueName":"search_term_string"}}],"inLanguage":"de"},{"@type":"Organization","@id":"https:\/\/centrogoethe.com\/#organization","name":"Centro Goethe Costa Rica","alternateName":"Centro Goethe Costa Rica","url":"https:\/\/centrogoethe.com\/","logo":{"@type":"ImageObject","inLanguage":"de","@id":"https:\/\/centrogoethe.com\/#\/schema\/logo\/image\/","url":"https:\/\/centrogoethe.com\/wp-content\/uploads\/2025\/06\/Logo-CG-Black.svg","contentUrl":"https:\/\/centrogoethe.com\/wp-content\/uploads\/2025\/06\/Logo-CG-Black.svg","width":584,"height":97,"caption":"Centro Goethe Costa Rica"},"image":{"@id":"https:\/\/centrogoethe.com\/#\/schema\/logo\/image\/"},"sameAs":["https:\/\/www.facebook.com\/centrogoethecr\/","https:\/\/www.instagram.com\/goethezentrum_costarica\/"]}]}},"_links":{"self":[{"href":"https:\/\/centrogoethe.com\/de\/wp-json\/wp\/v2\/pages\/1508","targetHints":{"allow":["GET"]}}],"collection":[{"href":"https:\/\/centrogoethe.com\/de\/wp-json\/wp\/v2\/pages"}],"about":[{"href":"https:\/\/centrogoethe.com\/de\/wp-json\/wp\/v2\/types\/page"}],"author":[{"embeddable":true,"href":"https:\/\/centrogoethe.com\/de\/wp-json\/wp\/v2\/users\/1"}],"replies":[{"embeddable":true,"href":"https:\/\/centrogoethe.com\/de\/wp-json\/wp\/v2\/comments?post=1508"}],"version-history":[{"count":6,"href":"https:\/\/centrogoethe.com\/de\/wp-json\/wp\/v2\/pages\/1508\/revisions"}],"predecessor-version":[{"id":2375,"href":"https:\/\/centrogoethe.com\/de\/wp-json\/wp\/v2\/pages\/1508\/revisions\/2375"}],"wp:attachment":[{"href":"https:\/\/centrogoethe.com\/de\/wp-json\/wp\/v2\/media?parent=1508"}],"curies":[{"name":"wp","href":"https:\/\/api.w.org\/{rel}","templated":true}]}}