{"id":1192,"date":"2025-09-19T16:25:34","date_gmt":"2025-09-19T16:25:34","guid":{"rendered":"https:\/\/centrogoethe.com\/?page_id=1192"},"modified":"2025-10-27T19:21:15","modified_gmt":"2025-10-28T01:21:15","slug":"libreria","status":"publish","type":"page","link":"https:\/\/centrogoethe.com\/de\/libreria\/","title":{"rendered":"Buchhandlung \/ Lernmaterialien"},"content":{"rendered":"\t\t<div data-elementor-type=\"wp-page\" data-elementor-id=\"1192\" class=\"elementor elementor-1192\" data-elementor-post-type=\"page\">\n\t\t\t\t<div class=\"elementor-element elementor-element-9c8afb6 e-flex e-con-boxed e-con e-parent\" data-id=\"9c8afb6\" data-element_type=\"container\" data-e-type=\"container\" data-settings=\"{&quot;jet_parallax_layout_list&quot;:[]}\">\n\t\t\t\t\t<div class=\"e-con-inner\">\n\t\t<div class=\"elementor-element elementor-element-9781484 e-con-full e-flex e-con e-child\" data-id=\"9781484\" data-element_type=\"container\" data-e-type=\"container\" data-settings=\"{&quot;jet_parallax_layout_list&quot;:[]}\">\n\t\t\t\t<div class=\"elementor-element elementor-element-3c1a286 elementor-widget elementor-widget-heading\" data-id=\"3c1a286\" data-element_type=\"widget\" data-e-type=\"widget\" data-widget_type=\"heading.default\">\n\t\t\t\t<div class=\"elementor-widget-container\">\n\t\t\t\t\t<h2 class=\"elementor-heading-title elementor-size-default\">Librer\u00eda<\/h2>\t\t\t\t<\/div>\n\t\t\t\t<\/div>\n\t\t\t\t<div class=\"elementor-element elementor-element-b42fc43 elementor-widget elementor-widget-text-editor\" data-id=\"b42fc43\" data-element_type=\"widget\" data-e-type=\"widget\" data-widget_type=\"text-editor.default\">\n\t\t\t\t<div class=\"elementor-widget-container\">\n\t\t\t\t\t\t\t\t\t<p class=\"p1\">Encontr\u00e1 los materiales oficiales y libros digitales que acompa\u00f1an tu aprendizaje. Todo lo que necesit\u00e1s para avanzar en tu curso de alem\u00e1n, en un solo lugar.<\/p>\t\t\t\t\t\t\t\t<\/div>\n\t\t\t\t<\/div>\n\t\t\t\t<\/div>\n\t\t\t\t<div class=\"elementor-element elementor-element-b3cd667 elementor-widget elementor-widget-image\" data-id=\"b3cd667\" data-element_type=\"widget\" data-e-type=\"widget\" data-widget_type=\"image.default\">\n\t\t\t\t<div class=\"elementor-widget-container\">\n\t\t\t\t\t\t\t\t\t\t\t\t\t\t\t<img fetchpriority=\"high\" decoding=\"async\" width=\"800\" height=\"800\" src=\"https:\/\/centrogoethe.com\/wp-content\/uploads\/2025\/09\/Libreria.png\" class=\"attachment-large size-large wp-image-1198\" alt=\"\" srcset=\"https:\/\/centrogoethe.com\/wp-content\/uploads\/2025\/09\/Libreria.png 1024w, https:\/\/centrogoethe.com\/wp-content\/uploads\/2025\/09\/Libreria-300x300.png 300w, https:\/\/centrogoethe.com\/wp-content\/uploads\/2025\/09\/Libreria-150x150.png 150w, https:\/\/centrogoethe.com\/wp-content\/uploads\/2025\/09\/Libreria-768x768.png 768w, https:\/\/centrogoethe.com\/wp-content\/uploads\/2025\/09\/Libreria-700x700.png 700w, https:\/\/centrogoethe.com\/wp-content\/uploads\/2025\/09\/Libreria-500x500.png 500w\" sizes=\"(max-width: 800px) 100vw, 800px\" \/>\t\t\t\t\t\t\t\t\t\t\t\t\t\t\t<\/div>\n\t\t\t\t<\/div>\n\t\t\t\t\t<\/div>\n\t\t\t\t<\/div>\n\t\t<div class=\"elementor-element elementor-element-54dbe3b e-flex e-con-boxed e-con e-parent\" data-id=\"54dbe3b\" data-element_type=\"container\" data-e-type=\"container\" data-settings=\"{&quot;jet_parallax_layout_list&quot;:[]}\">\n\t\t\t\t\t<div class=\"e-con-inner\">\n\t\t\t\t<div class=\"elementor-element elementor-element-d11e1a4 elementor-widget elementor-widget-jet-tabs\" data-id=\"d11e1a4\" data-element_type=\"widget\" data-e-type=\"widget\" data-settings=\"{&quot;tabs_position&quot;:&quot;top&quot;,&quot;no_active_tabs&quot;:&quot;false&quot;}\" data-widget_type=\"jet-tabs.default\">\n\t\t\t\t<div class=\"elementor-widget-container\">\n\t\t\t\t\t\n\t\t<div class=\"jet-tabs jet-tabs-position-top jet-tabs-move-up-effect \" data-settings=\"{&quot;activeIndex&quot;:0,&quot;event&quot;:&quot;click&quot;,&quot;autoSwitch&quot;:false,&quot;autoSwitchDelay&quot;:3000,&quot;ajaxTemplate&quot;:false,&quot;tabsPosition&quot;:&quot;top&quot;,&quot;switchScrolling&quot;:false,&quot;switchScrollingOffset&quot;:0}\">\n\t\t\t\t\t\t<div class=\"jet-tabs__control-wrapper\" role=\"tablist\">\n\n                                    <div id=\"libros-a1\" class=\"jet-tabs__control jet-tabs__control-icon-left elementor-menu-anchor active-tab \" data-tab=\"1\" tabindex=\"0\" role=\"tab\" aria-controls=\"jet-tabs-content-2191\" aria-expanded=\"true\" data-template-id=\"false\"><div class=\"jet-tabs__control-inner\"><div class=\"jet-tabs__label-text\">Libros A1<\/div><\/div><\/div><div id=\"libros-a2\" class=\"jet-tabs__control jet-tabs__control-icon-left elementor-menu-anchor  \" data-tab=\"2\" tabindex=\"0\" role=\"tab\" aria-controls=\"jet-tabs-content-2192\" aria-expanded=\"false\" data-template-id=\"false\"><div class=\"jet-tabs__control-inner\"><div class=\"jet-tabs__label-text\">Libros A2<\/div><\/div><\/div><div id=\"libros-b1\" class=\"jet-tabs__control jet-tabs__control-icon-left elementor-menu-anchor  \" data-tab=\"3\" tabindex=\"0\" role=\"tab\" aria-controls=\"jet-tabs-content-2193\" aria-expanded=\"false\" data-template-id=\"false\"><div class=\"jet-tabs__control-inner\"><div class=\"jet-tabs__label-text\">Libros B1<\/div><\/div><\/div><div id=\"libros-b2\" class=\"jet-tabs__control jet-tabs__control-icon-left elementor-menu-anchor  \" data-tab=\"4\" tabindex=\"0\" role=\"tab\" aria-controls=\"jet-tabs-content-2194\" aria-expanded=\"false\" data-template-id=\"false\"><div class=\"jet-tabs__control-inner\"><div class=\"jet-tabs__label-text\">Libros B2<\/div><\/div><\/div><div id=\"libros-c1\" class=\"jet-tabs__control jet-tabs__control-icon-left elementor-menu-anchor  \" data-tab=\"5\" tabindex=\"0\" role=\"tab\" aria-controls=\"jet-tabs-content-2195\" aria-expanded=\"false\" data-template-id=\"false\"><div class=\"jet-tabs__control-inner\"><div class=\"jet-tabs__label-text\">Libros C1<\/div><\/div><\/div><div id=\"libros-c1\" class=\"jet-tabs__control jet-tabs__control-icon-left elementor-menu-anchor  \" data-tab=\"6\" tabindex=\"0\" role=\"tab\" aria-controls=\"jet-tabs-content-2196\" aria-expanded=\"false\" data-template-id=\"false\"><div class=\"jet-tabs__control-inner\"><div class=\"jet-tabs__label-text\">Libros C2<\/div><\/div><\/div><div id=\"material-complementario\" class=\"jet-tabs__control jet-tabs__control-icon-left elementor-menu-anchor  \" data-tab=\"7\" tabindex=\"0\" role=\"tab\" aria-controls=\"jet-tabs-content-2197\" aria-expanded=\"false\" data-template-id=\"false\"><div class=\"jet-tabs__control-inner\"><div class=\"jet-tabs__label-text\">Material complementario<\/div><\/div><\/div>\n                    \t\t\t    <\/div>\n\t\t\t<div class=\"jet-tabs__content-wrapper\">\n\t\t\t\t<div id=\"jet-tabs-content-2191\" class=\"jet-tabs__content active-content\" data-tab=\"1\" role=\"tabpanel\" aria-hidden=\"false\" data-template-id=\"false\"><p>\u00a0<\/p><p><div class='kiosque-aec'><div\n data-module='products'\n data-action='show-products'\n data-param-product-type='17'\n data-param-etablishment-branch-id=''\n data-param-show-category-title=''\n data-param-lang='de_DE_formal'><\/div><\/div><\/p><\/div><div id=\"jet-tabs-content-2192\" class=\"jet-tabs__content \" data-tab=\"2\" role=\"tabpanel\" aria-hidden=\"true\" data-template-id=\"false\"><p>\u00a0<\/p><p><div class='kiosque-aec'><div\n data-module='products'\n data-action='show-products'\n data-param-product-type='18'\n data-param-etablishment-branch-id=''\n data-param-show-category-title=''\n data-param-lang='de_DE_formal'><\/div><\/div><\/p><\/div><div id=\"jet-tabs-content-2193\" class=\"jet-tabs__content \" data-tab=\"3\" role=\"tabpanel\" aria-hidden=\"true\" data-template-id=\"false\"><p>\u00a0<\/p><p><div class='kiosque-aec'><div\n data-module='products'\n data-action='show-products'\n data-param-product-type='19'\n data-param-etablishment-branch-id=''\n data-param-show-category-title=''\n data-param-lang='de_DE_formal'><\/div><\/div><\/p><\/div><div id=\"jet-tabs-content-2194\" class=\"jet-tabs__content \" data-tab=\"4\" role=\"tabpanel\" aria-hidden=\"true\" data-template-id=\"false\"><p>\u00a0<\/p><p><div class='kiosque-aec'><div\n data-module='products'\n data-action='show-products'\n data-param-product-type='20'\n data-param-etablishment-branch-id=''\n data-param-show-category-title=''\n data-param-lang='de_DE_formal'><\/div><\/div><\/p><\/div><div id=\"jet-tabs-content-2195\" class=\"jet-tabs__content \" data-tab=\"5\" role=\"tabpanel\" aria-hidden=\"true\" data-template-id=\"false\"><p>\u00a0<\/p><p><div class='kiosque-aec'><div\n data-module='products'\n data-action='show-products'\n data-param-product-type='21'\n data-param-etablishment-branch-id=''\n data-param-show-category-title=''\n data-param-lang='de_DE_formal'><\/div><\/div><\/p><\/div><div id=\"jet-tabs-content-2196\" class=\"jet-tabs__content \" data-tab=\"6\" role=\"tabpanel\" aria-hidden=\"true\" data-template-id=\"false\"><p>\u00a0<\/p><p><div class='kiosque-aec'><div\n data-module='products'\n data-action='show-products'\n data-param-product-type='22'\n data-param-etablishment-branch-id='0|1'\n data-param-show-category-title=''\n data-param-lang='de_DE_formal'><\/div><\/div><\/p><\/div><div id=\"jet-tabs-content-2197\" class=\"jet-tabs__content \" data-tab=\"7\" role=\"tabpanel\" aria-hidden=\"true\" data-template-id=\"false\"><p>\u00a0<\/p><p><div class='kiosque-aec'><div\n data-module='products'\n data-action='show-products'\n data-param-product-type='7'\n data-param-etablishment-branch-id='0'\n data-param-show-category-title=''\n data-param-lang='de_DE_formal'><\/div><\/div><\/p><\/div>\t\t\t<\/div>\n\t\t\t\t\t<\/div>\n\t\t\t\t\t\t<\/div>\n\t\t\t\t<\/div>\n\t\t\t\t\t<\/div>\n\t\t\t\t<\/div>\n\t\t<div class=\"elementor-element elementor-element-40074bb e-flex e-con-boxed e-con e-parent\" data-id=\"40074bb\" data-element_type=\"container\" data-e-type=\"container\" data-settings=\"{&quot;jet_parallax_layout_list&quot;:[]}\">\n\t\t\t\t\t<div class=\"e-con-inner\">\n\t\t\t\t<div class=\"elementor-element elementor-element-d66ce83 elementor-widget elementor-widget-html\" data-id=\"d66ce83\" data-element_type=\"widget\" data-e-type=\"widget\" data-widget_type=\"html.default\">\n\t\t\t\t<div class=\"elementor-widget-container\">\n\t\t\t\t\t<script>\ndocument.addEventListener('DOMContentLoaded', function () {\n  \/\/ 1) Si viene con ?tab=xxx, convierte a hash y limpia el query\n  const params = new URLSearchParams(window.location.search);\n  const tabParam = params.get('tab');\n  if (tabParam) {\n    \/\/ reemplaza la URL visible: \/libreria\/#<tab> (sin recargar)\n    history.replaceState(null, '', window.location.pathname + '#' + tabParam);\n  }\n\n  \/\/ 2) Activa la pesta\u00f1a seg\u00fan el hash (#libros-a1, etc.)\n  const hash = window.location.hash.slice(1); \/\/ sin '#'\n  if (!hash) return;\n\n  \/\/ JetTabs: bot\u00f3n puede venir por id o por data-tab\n  const selector = `.jet-tabs__control#${hash}, .jet-tabs__control[data-tab=\"${hash}\"]`;\n  const tabBtn = document.querySelector(selector);\n\n  if (tabBtn) {\n    \/\/ Espera a que JetTabs termine de inicializar\n    setTimeout(() => { tabBtn.click(); }, 300);\n  }\n});\n<\/script>\t\t\t\t<\/div>\n\t\t\t\t<\/div>\n\t\t\t\t\t<\/div>\n\t\t\t\t<\/div>\n\t\t\t\t<\/div>\n\t\t","protected":false},"excerpt":{"rendered":"<p>Librer\u00eda Encontr\u00e1 los materiales oficiales y libros digitales que acompa\u00f1an tu aprendizaje. Todo lo que necesit\u00e1s para avanzar en tu curso de alem\u00e1n, en un solo lugar. Libros A1Libros A2Libros B1Libros B2Libros C1Libros C2Material complementario \u00a0 \u00a0 \u00a0 \u00a0 \u00a0 \u00a0 \u00a0<\/p>","protected":false},"author":1,"featured_media":0,"parent":0,"menu_order":0,"comment_status":"closed","ping_status":"closed","template":"","meta":{"inline_featured_image":false,"_joinchat":[],"footnotes":""},"class_list":["post-1192","page","type-page","status-publish","hentry"],"yoast_head":"<!-- This site is optimized with the Yoast SEO plugin v27.1.1 - https:\/\/yoast.com\/product\/yoast-seo-wordpress\/ -->\n<title>Librer\u00eda - Centro Goethe<\/title>\n<meta name=\"robots\" content=\"index, follow, max-snippet:-1, max-image-preview:large, max-video-preview:-1\" \/>\n<link rel=\"canonical\" href=\"https:\/\/centrogoethe.com\/de\/libreria\/\" \/>\n<meta property=\"og:locale\" content=\"de_DE\" \/>\n<meta property=\"og:type\" content=\"article\" \/>\n<meta property=\"og:title\" content=\"Librer\u00eda - Centro Goethe\" \/>\n<meta property=\"og:description\" content=\"Librer\u00eda Encontr\u00e1 los materiales oficiales y libros digitales que acompa\u00f1an tu aprendizaje. Todo lo que necesit\u00e1s para avanzar en tu curso de alem\u00e1n, en un solo lugar. Libros A1Libros A2Libros B1Libros B2Libros C1Libros C2Material complementario \u00a0 \u00a0 \u00a0 \u00a0 \u00a0 \u00a0 \u00a0\" \/>\n<meta property=\"og:url\" content=\"https:\/\/centrogoethe.com\/de\/libreria\/\" \/>\n<meta property=\"og:site_name\" content=\"Centro Goethe\" \/>\n<meta property=\"article:publisher\" content=\"https:\/\/www.facebook.com\/centrogoethecr\/\" \/>\n<meta property=\"article:modified_time\" content=\"2025-10-28T01:21:15+00:00\" \/>\n<meta property=\"og:image\" content=\"https:\/\/centrogoethe.com\/wp-content\/uploads\/2025\/09\/Libreria.png\" \/>\n\t<meta property=\"og:image:width\" content=\"1024\" \/>\n\t<meta property=\"og:image:height\" content=\"1024\" \/>\n\t<meta property=\"og:image:type\" content=\"image\/png\" \/>\n<meta name=\"twitter:card\" content=\"summary_large_image\" \/>\n<meta name=\"twitter:label1\" content=\"Gesch\u00e4tzte Lesezeit\" \/>\n\t<meta name=\"twitter:data1\" content=\"42\u00a0Minuten\" \/>\n<script type=\"application\/ld+json\" class=\"yoast-schema-graph\">{\"@context\":\"https:\/\/schema.org\",\"@graph\":[{\"@type\":\"WebPage\",\"@id\":\"https:\/\/centrogoethe.com\/libreria\/\",\"url\":\"https:\/\/centrogoethe.com\/libreria\/\",\"name\":\"Librer\u00eda - Centro Goethe\",\"isPartOf\":{\"@id\":\"https:\/\/centrogoethe.com\/#website\"},\"primaryImageOfPage\":{\"@id\":\"https:\/\/centrogoethe.com\/libreria\/#primaryimage\"},\"image\":{\"@id\":\"https:\/\/centrogoethe.com\/libreria\/#primaryimage\"},\"thumbnailUrl\":\"https:\/\/centrogoethe.com\/wp-content\/uploads\/2025\/09\/Libreria.png\",\"datePublished\":\"2025-09-19T16:25:34+00:00\",\"dateModified\":\"2025-10-28T01:21:15+00:00\",\"breadcrumb\":{\"@id\":\"https:\/\/centrogoethe.com\/libreria\/#breadcrumb\"},\"inLanguage\":\"de\",\"potentialAction\":[{\"@type\":\"ReadAction\",\"target\":[\"https:\/\/centrogoethe.com\/libreria\/\"]}]},{\"@type\":\"ImageObject\",\"inLanguage\":\"de\",\"@id\":\"https:\/\/centrogoethe.com\/libreria\/#primaryimage\",\"url\":\"https:\/\/centrogoethe.com\/wp-content\/uploads\/2025\/09\/Libreria.png\",\"contentUrl\":\"https:\/\/centrogoethe.com\/wp-content\/uploads\/2025\/09\/Libreria.png\"},{\"@type\":\"BreadcrumbList\",\"@id\":\"https:\/\/centrogoethe.com\/libreria\/#breadcrumb\",\"itemListElement\":[{\"@type\":\"ListItem\",\"position\":1,\"name\":\"Portada\",\"item\":\"https:\/\/centrogoethe.com\/\"},{\"@type\":\"ListItem\",\"position\":2,\"name\":\"Librer\u00eda\"}]},{\"@type\":\"WebSite\",\"@id\":\"https:\/\/centrogoethe.com\/#website\",\"url\":\"https:\/\/centrogoethe.com\/\",\"name\":\"Centro Goethe\",\"description\":\"Aprend\u00e9 alem\u00e1n con calidad internacional en Costa Rica\",\"publisher\":{\"@id\":\"https:\/\/centrogoethe.com\/#organization\"},\"alternateName\":\"Centro Goethe Costa Rica\",\"potentialAction\":[{\"@type\":\"SearchAction\",\"target\":{\"@type\":\"EntryPoint\",\"urlTemplate\":\"https:\/\/centrogoethe.com\/?s={search_term_string}\"},\"query-input\":{\"@type\":\"PropertyValueSpecification\",\"valueRequired\":true,\"valueName\":\"search_term_string\"}}],\"inLanguage\":\"de\"},{\"@type\":\"Organization\",\"@id\":\"https:\/\/centrogoethe.com\/#organization\",\"name\":\"Centro Goethe Costa Rica\",\"alternateName\":\"Centro Goethe Costa Rica\",\"url\":\"https:\/\/centrogoethe.com\/\",\"logo\":{\"@type\":\"ImageObject\",\"inLanguage\":\"de\",\"@id\":\"https:\/\/centrogoethe.com\/#\/schema\/logo\/image\/\",\"url\":\"https:\/\/centrogoethe.com\/wp-content\/uploads\/2025\/06\/Logo-CG-Black.svg\",\"contentUrl\":\"https:\/\/centrogoethe.com\/wp-content\/uploads\/2025\/06\/Logo-CG-Black.svg\",\"width\":584,\"height\":97,\"caption\":\"Centro Goethe Costa Rica\"},\"image\":{\"@id\":\"https:\/\/centrogoethe.com\/#\/schema\/logo\/image\/\"},\"sameAs\":[\"https:\/\/www.facebook.com\/centrogoethecr\/\",\"https:\/\/www.instagram.com\/goethezentrum_costarica\/\"]}]}<\/script>\n<!-- \/ Yoast SEO plugin. -->","yoast_head_json":{"title":"Librer\u00eda - Centro Goethe","robots":{"index":"index","follow":"follow","max-snippet":"max-snippet:-1","max-image-preview":"max-image-preview:large","max-video-preview":"max-video-preview:-1"},"canonical":"https:\/\/centrogoethe.com\/de\/libreria\/","og_locale":"de_DE","og_type":"article","og_title":"Librer\u00eda - Centro Goethe","og_description":"Librer\u00eda Encontr\u00e1 los materiales oficiales y libros digitales que acompa\u00f1an tu aprendizaje. Todo lo que necesit\u00e1s para avanzar en tu curso de alem\u00e1n, en un solo lugar. Libros A1Libros A2Libros B1Libros B2Libros C1Libros C2Material complementario \u00a0 \u00a0 \u00a0 \u00a0 \u00a0 \u00a0 \u00a0","og_url":"https:\/\/centrogoethe.com\/de\/libreria\/","og_site_name":"Centro Goethe","article_publisher":"https:\/\/www.facebook.com\/centrogoethecr\/","article_modified_time":"2025-10-28T01:21:15+00:00","og_image":[{"width":1024,"height":1024,"url":"https:\/\/centrogoethe.com\/wp-content\/uploads\/2025\/09\/Libreria.png","type":"image\/png"}],"twitter_card":"summary_large_image","twitter_misc":{"Gesch\u00e4tzte Lesezeit":"42\u00a0Minuten"},"schema":{"@context":"https:\/\/schema.org","@graph":[{"@type":"WebPage","@id":"https:\/\/centrogoethe.com\/libreria\/","url":"https:\/\/centrogoethe.com\/libreria\/","name":"Librer\u00eda - Centro Goethe","isPartOf":{"@id":"https:\/\/centrogoethe.com\/#website"},"primaryImageOfPage":{"@id":"https:\/\/centrogoethe.com\/libreria\/#primaryimage"},"image":{"@id":"https:\/\/centrogoethe.com\/libreria\/#primaryimage"},"thumbnailUrl":"https:\/\/centrogoethe.com\/wp-content\/uploads\/2025\/09\/Libreria.png","datePublished":"2025-09-19T16:25:34+00:00","dateModified":"2025-10-28T01:21:15+00:00","breadcrumb":{"@id":"https:\/\/centrogoethe.com\/libreria\/#breadcrumb"},"inLanguage":"de","potentialAction":[{"@type":"ReadAction","target":["https:\/\/centrogoethe.com\/libreria\/"]}]},{"@type":"ImageObject","inLanguage":"de","@id":"https:\/\/centrogoethe.com\/libreria\/#primaryimage","url":"https:\/\/centrogoethe.com\/wp-content\/uploads\/2025\/09\/Libreria.png","contentUrl":"https:\/\/centrogoethe.com\/wp-content\/uploads\/2025\/09\/Libreria.png"},{"@type":"BreadcrumbList","@id":"https:\/\/centrogoethe.com\/libreria\/#breadcrumb","itemListElement":[{"@type":"ListItem","position":1,"name":"Portada","item":"https:\/\/centrogoethe.com\/"},{"@type":"ListItem","position":2,"name":"Librer\u00eda"}]},{"@type":"WebSite","@id":"https:\/\/centrogoethe.com\/#website","url":"https:\/\/centrogoethe.com\/","name":"Goethe-Zentrum","description":"Aprend\u00e9 alem\u00e1n con calidad internacional en Costa Rica","publisher":{"@id":"https:\/\/centrogoethe.com\/#organization"},"alternateName":"Centro Goethe Costa Rica","potentialAction":[{"@type":"SearchAction","target":{"@type":"EntryPoint","urlTemplate":"https:\/\/centrogoethe.com\/?s={search_term_string}"},"query-input":{"@type":"PropertyValueSpecification","valueRequired":true,"valueName":"search_term_string"}}],"inLanguage":"de"},{"@type":"Organization","@id":"https:\/\/centrogoethe.com\/#organization","name":"Centro Goethe Costa Rica","alternateName":"Centro Goethe Costa Rica","url":"https:\/\/centrogoethe.com\/","logo":{"@type":"ImageObject","inLanguage":"de","@id":"https:\/\/centrogoethe.com\/#\/schema\/logo\/image\/","url":"https:\/\/centrogoethe.com\/wp-content\/uploads\/2025\/06\/Logo-CG-Black.svg","contentUrl":"https:\/\/centrogoethe.com\/wp-content\/uploads\/2025\/06\/Logo-CG-Black.svg","width":584,"height":97,"caption":"Centro Goethe Costa Rica"},"image":{"@id":"https:\/\/centrogoethe.com\/#\/schema\/logo\/image\/"},"sameAs":["https:\/\/www.facebook.com\/centrogoethecr\/","https:\/\/www.instagram.com\/goethezentrum_costarica\/"]}]}},"_links":{"self":[{"href":"https:\/\/centrogoethe.com\/de\/wp-json\/wp\/v2\/pages\/1192","targetHints":{"allow":["GET"]}}],"collection":[{"href":"https:\/\/centrogoethe.com\/de\/wp-json\/wp\/v2\/pages"}],"about":[{"href":"https:\/\/centrogoethe.com\/de\/wp-json\/wp\/v2\/types\/page"}],"author":[{"embeddable":true,"href":"https:\/\/centrogoethe.com\/de\/wp-json\/wp\/v2\/users\/1"}],"replies":[{"embeddable":true,"href":"https:\/\/centrogoethe.com\/de\/wp-json\/wp\/v2\/comments?post=1192"}],"version-history":[{"count":15,"href":"https:\/\/centrogoethe.com\/de\/wp-json\/wp\/v2\/pages\/1192\/revisions"}],"predecessor-version":[{"id":2162,"href":"https:\/\/centrogoethe.com\/de\/wp-json\/wp\/v2\/pages\/1192\/revisions\/2162"}],"wp:attachment":[{"href":"https:\/\/centrogoethe.com\/de\/wp-json\/wp\/v2\/media?parent=1192"}],"curies":[{"name":"wp","href":"https:\/\/api.w.org\/{rel}","templated":true}]}}